{"id":961,"date":"2021-01-31T13:29:22","date_gmt":"2021-01-31T13:29:22","guid":{"rendered":"https:\/\/uus.promfest.ee\/?page_id=961"},"modified":"2025-06-25T02:33:43","modified_gmt":"2025-06-24T23:33:43","slug":"2019-3","status":"publish","type":"page","link":"https:\/\/www.promfest.ee\/et\/competition\/jury\/2019-3\/","title":{"rendered":"2019"},"content":{"rendered":"<h4 class=\"wp-block-heading\"><strong>The main jury of the 11th Klaudia Taev Competition (2019)<\/strong><br><br><\/h4>\n\n\n\n<p><strong>Dolora Zajick<\/strong> (USA) &#8211; Chairman of the Jury; Metropolitan Opera, New York; mezzo-soprano<br><strong>Tamas Bator<\/strong> (Ungari) - M\u00fcpa Budapest, programmijuht<br><strong>Plamen Kartaloff<\/strong> (Bulgaaria) - Sofia Rahvusooper, direktor; professor ja lavastaja<br><strong>Helen Lepalaan<\/strong> (Estonia) &#8211; Estonian National Opera, Casting Manager; mezzo-soprano<br><strong>Hans Nieuwenhuis <\/strong>(Holland) - Orfeo Foundation; lavastaja<br><strong>Erki Pehk<\/strong> (Eesti) - Klaudia Taevi konkurssi kunstiline juht; PromFesti direktor ja kunstiline juht; dirigent<br><strong>Marika Petti <\/strong>(Eesti) - Vanemuise teater, produtsent<br><strong>Anzhelina Schvachka<\/strong> (Ukraina) - Ukraina Rahvusooper; Klaudia Taevi konkurssi II preemia (2005); metsosopran<br><strong>Christoph Seuferle<\/strong> (Saksamaa) - Berliini Saksa Ooper, ooperijuht<br><br><\/p>\n\n\n\n<h4 class=\"wp-block-heading\"><strong>First round jury<\/strong><\/h4>\n\n\n\n<p><strong>Erkki Alste <\/strong>(Soome\/Saksamaa) - Opera-Connection; Stretta Artists Management, m\u00e4ned\u017eer <strong><br>Ivan T\u00f6rzs<\/strong>\u00a0(Germany) &#8211; Hochschule f\u00fcr Musik, Detmold, Professor; conductor, pianist<strong><br>Birgit Kronshage\u00a0<\/strong>(Germany) &#8211; Hochschule f\u00fcr Musik, Detmold, Professor<br><strong>Fabio Vettraino <\/strong>(Germany) &#8211; Hochschule f\u00fcr Musik, Detmold, Professor, pianist<strong><br>Stefan Vogel<\/strong> (Germany) &#8211; Staatstheater Mainz, Casting Manager<strong><br>Jenny Anvelt<\/strong> (Italy) &#8211; Milan Conservatory, Professor, soprano<strong><br>Vera Petrova<\/strong> (Bulgaria) &#8211; Sofia National Opera and Ballet, Deputy Director; stage director<br><strong>Zhorzh Dimitrov<\/strong> (Bulgaria) &#8211; Sofia National Opera and Ballet; conductor\u00a0<strong><br>Boris Spassov<\/strong>\u00a0(Bulgaria) &#8211; Sofia National Opera and Ballet; conductor <strong><br>Velisar Genchev<\/strong>\u00a0(Bulgaria) &#8211; Sofia National Opera and Ballet; conductor <strong><br>Csaba K\u00e1el<\/strong>\u00a0(Hungary) &#8211; M\u00fcpa Budapest, Chief Executive Officer<strong><br>Brigitta Kov\u00e1cs\u00a0<\/strong>(Hungary) &#8211; M\u00fcpa Budapest, Manager of Co-productions<br><strong>Anatoliy Solovyanenko<\/strong> (Ukraine) &#8211; Ukrainian National Opera,\u00a0Chief Stage Director<br><strong>Alla Kulbaba<\/strong>\u00a0(Ukraine) &#8211; Ukrainian National Opera, conductor<br><strong>Martina Gojceta Silic<\/strong>\u00a0(Croatia) &#8211; Zagreb Academy of Music, Head of the vocal department<br><strong>Elena Skuleva-Naydenova<\/strong> (Bulgaria\/Austria) &#8211;\u00a0Opera4u Artist Management, agent<br><strong>Petya Ivanova<\/strong> (Bulgaria\/Slovenia) &#8211; Maribor National Theatre, soprano<br><strong>Stane Jurgec<\/strong> (Slovenia) &#8211; Maribor National Theatre, former General Music Director, conductor<br><strong>Michael Barobeck<\/strong> (Austria) &#8211; Graz Opera, Casting Manager<br><strong>Bianca Luigia Manoleanu<\/strong>\u00a0(Romania) &#8211; the National University of Music in Bucharest, soprano<br><strong>Alexandru Petrovici<\/strong> (Romania) &#8211; Bucharest National Opera, pianist<br><strong>Tomas Ladiga (Leedu)<\/strong> (Lithuania) &#8211;\u00a0Kaunas J.Gruodis Conservatory, Professor; Kaunas State Musical Theatre, soloist; bass<br><strong>Ri\u010dardas \u0160umila<\/strong> (Lithuania) &#8211;\u00a0 Lithuanian National Opera and Ballet Theatre, Principal Conductor\u00a0\u00a0<br><strong>Benjaminas \u017delvys<\/strong> (Lithuania) &#8211; Kaunas State Musical Theatre, General Manager; baritone<br><strong>Anna Elisabet Einarsson<\/strong> (Sweden\/Norway) &#8211; Oslo National Academy of the Arts, Assistant Professor<br><strong>Richard Klingspor<\/strong> (Norway) &#8211; Stellis Polaris Management, CEO &amp; Founder, Senior Artist Manager<br><strong>Alar Pintsaar<\/strong> (Estonia\/Sweden) &#8211; Royal Opera Stockholm, bass<br><strong>Clas Sk\u00f6ld\u00a0<\/strong>(Sweden) &#8211; Malm\u00f6 Opera, former Casting Director, bass<br><strong>Emma Lyr\u00e9n Fernandez<\/strong> (Sweden) &#8211; Malm\u00f6 Opera,\u00a0 Head of Corporate Development<br><strong>Anna Samuil<\/strong> (Russia\/Germany) &#8211; Staatsoper Berlin, soloist; Prizewinner of the Klaudia Taev Competition; soprano<br><strong>Karan Armstrong<\/strong> (USA\/Germany) &#8211;\u00a0 Kammers\u00e4ngerin, soprano<br><strong>Paul M\u00e4gi<\/strong> (Estonia) &#8211; Theatre Vanemuine, Music Director; conductor<br><strong>Peter Sch\u00fcnemann<\/strong>\u00a0(Soome) - Mikkeli Gergiev Festival, kunstiline n\u00f5uandja<br><strong>Rilla Kyykk\u00e4 <\/strong>(Finland) &#8211; Finnish National Opera, Artistic administrator<br><strong>Hovhannes Ayvazyan<\/strong> (Armenia) &#8211; Mariinsky Theatre, soloist; tenor<br><strong>Harutyun\u00a0Arzumanyan <\/strong>(Armenia) &#8211;\u00a0Armenian National Academic Theatre of Opera and Ballet, conductor<br><strong>Viktor Moseikin<\/strong> (Russia) &#8211; Moscow Academic Musical Theatre, Chief of the Opera department, soloist; tenor<br><strong>Arturs Maskats<\/strong>\u00a0(Latvia) &#8211; Latvijas Koncerti, Program Director, composer<br><strong>Elina \u0160imkus<\/strong> (Latvia) &#8211;\u00a0 Prizewinner of the Klaudia Taev Competition; soprano<\/p>","protected":false},"excerpt":{"rendered":"<p>The main jury of the 11th Klaudia Taev Competition (2019) Dolora Zajick (USA) &#8211; Chairman of the Jury; Metropolitan Opera, New York; mezzo-sopranoTamas Bator (Hungary) &#8211; M\u00fcpa Budapest, Program DirectorPlamen Kartaloff (Bulgaria) &#8211; Sofia National Opera and Ballet, General Manager; Academic, stage directorHelen Lepalaan (Estonia) &#8211; Estonian National Opera, Casting Manager; mezzo-sopranoHans Nieuwenhuis (The Netherlands) [&hellip;]<\/p>","protected":false},"author":1,"featured_media":0,"parent":9,"menu_order":37,"comment_status":"closed","ping_status":"closed","template":"","meta":{"footnotes":""},"class_list":["post-961","page","type-page","status-publish","hentry"],"_links":{"self":[{"href":"https:\/\/www.promfest.ee\/et\/wp-json\/wp\/v2\/pages\/961","targetHints":{"allow":["GET"]}}],"collection":[{"href":"https:\/\/www.promfest.ee\/et\/wp-json\/wp\/v2\/pages"}],"about":[{"href":"https:\/\/www.promfest.ee\/et\/wp-json\/wp\/v2\/types\/page"}],"author":[{"embeddable":true,"href":"https:\/\/www.promfest.ee\/et\/wp-json\/wp\/v2\/users\/1"}],"replies":[{"embeddable":true,"href":"https:\/\/www.promfest.ee\/et\/wp-json\/wp\/v2\/comments?post=961"}],"version-history":[{"count":11,"href":"https:\/\/www.promfest.ee\/et\/wp-json\/wp\/v2\/pages\/961\/revisions"}],"predecessor-version":[{"id":6372,"href":"https:\/\/www.promfest.ee\/et\/wp-json\/wp\/v2\/pages\/961\/revisions\/6372"}],"up":[{"embeddable":true,"href":"https:\/\/www.promfest.ee\/et\/wp-json\/wp\/v2\/pages\/9"}],"wp:attachment":[{"href":"https:\/\/www.promfest.ee\/et\/wp-json\/wp\/v2\/media?parent=961"}],"curies":[{"name":"wp","href":"https:\/\/api.w.org\/{rel}","templated":true}]}}