{"id":8,"date":"2020-10-13T11:48:24","date_gmt":"2020-10-13T11:48:24","guid":{"rendered":"https:\/\/uus.promfest.ee\/awards\/"},"modified":"2025-06-25T02:33:43","modified_gmt":"2025-06-24T23:33:43","slug":"awards","status":"publish","type":"page","link":"https:\/\/www.promfest.ee\/et\/competition\/awards\/","title":{"rendered":"Auhinnad"},"content":{"rendered":"<div class=\"wp-block-columns is-layout-flex wp-container-core-columns-is-layout-9d6595d7 wp-block-columns-is-layout-flex\">\n<div class=\"wp-block-column is-layout-flow wp-block-column-is-layout-flow\" style=\"flex-basis:100%\">\n<div id=\"section-g6b7df6\" class=\"wp-block-gutentor-e6 alignwide section-g6b7df6 gutentor-element gutentor-element-image text-align-center-desktop\"><div class=\"gutentor-element-image-box\"><div class=\"gutentor-image-thumb\"><img decoding=\"async\" class=\"normal-image\" src=\"https:\/\/promfest.ee\/wp-content\/uploads\/2021\/01\/Auhinnad1-1024x660.jpg\"\/><\/div><\/div><\/div>\n<\/div>\n<\/div>\n\n\n\n<p>The <strong>peaauhinnaks<\/strong> on v\u00f5imalus esitada \u00fche ooperi pearoll j\u00e4rgmise PromFesti raames esietenduvas ooperilavastuses 2027. aastal. Varasemaid lavastusi saab n\u00e4ha <a href=\"https:\/\/www.promfest.ee\/et\/opera-productions\/\" data-type=\"link\" data-id=\"https:\/\/www.promfest.ee\/en\/opera-productions\/\" target=\"_blank\" rel=\"noreferrer noopener\"><strong>SIIN<\/strong><\/a>.<\/p>\n\n\n\n<p>Konkursi v\u00f5itjal on \u00f5igus nimetada oma lemmik ooperiroll, mida ta sooviks laulda ja festival PromFest m\u00e4\u00e4rab talle selle rolli ettevalmistamiseks eristipendiumi. PromFest teeb k\u00f5ik endast oleneva, et v\u00f5itja soov saaks teoks ja anda talle v\u00f5imalus saada kogemus professionaalse teatri laval. Juhul kui esimest kohta ei m\u00e4\u00e4rata, siis PromFesti kunstiline juht valib ooperi, mis on eelpoolmainitud tingimustel sobilik j\u00e4rgmistele finalistidele.<\/p>\n\n\n\n<p>\u017d\u00fcrii jagab finalistidele rahalisi stipendiume j\u00e4rgnevalt:&nbsp;<br>Maksimaalselt <strong>4500 \u20ac \u2013 Esimene koht&nbsp;<br><\/strong>Maksimaalselt <strong>3250 \u20ac\u00a0\u2013 Teine koht<br><\/strong>Maksimaalselt <strong>2000 \u20ac\u00a0\u2013 kolmas koht&nbsp; &nbsp;<br><\/strong>Minimaalselt <strong> 500 \u20ac\u00a0\u2013 \u00fclej\u00e4\u00e4nud finalistid<\/strong><\/p>\n\n\n\n<p>\u017d\u00fcrii annab v\u00e4lja ka eristipendiumi v\u00f5i hinnalise kingituse j\u00e4rgnevate kategooriate eest:<br>&#8211; <strong>Parim Schuberti \"Ave Maria\" esitus<\/strong><br>&#8211; <strong>Parim eesti helilooja laulu esitus<\/strong><br>&#8211; <strong>Parim pianist<\/strong><\/p>\n\n\n\n<p>Austav tiitel - <strong>Publiku Lemmik<\/strong> - antakse finaalis osaleva publiku h\u00e4\u00e4letuse tulemusel parimale finalistile.<\/p>\n\n\n\n<p>Iga finalist saab ka hinnalise klaasist liblikakujulise m\u00e4lestustaiese, mille on loonud klaasikunstnik Kairi Orgusaar.<br><br>Stipendiumifondi rahastab <a href=\"https:\/\/kultuuripartnerlus.ee\/\" target=\"_blank\" rel=\"noreferrer noopener\">Kultuuripartnerluse Sihtasutus<\/a>.<\/p>\n\n\n\n<div class=\"wp-block-columns is-layout-flex wp-container-core-columns-is-layout-9d6595d7 wp-block-columns-is-layout-flex\">\n<div class=\"wp-block-column is-layout-flow wp-block-column-is-layout-flow\" style=\"flex-basis:50%\">\n<section id=\"section-ebf4d054-9c6c-4398-a425-57f7ad73f696\" class=\"wp-block-gutentor-image-box gutentor-section gutentor-image-wrapper imagebox-template1\"><div class=\"grid-container\"><div class=\"gutentor-block-header\"><div class=\"gutentor-section-title enable-title-design seperator-bottom text-center\"><h2 class=\"gutentor-title\"><\/h2><\/div><\/div><div class=\"grid-row gutentor-grid-item-wrap\"><div class=\"gutentor-grid-column grid-lg-4 grid-md-4 grid-12\"><div class=\"gutentor-single-item gutentor-image gutentor-single-item-0\"><div class=\"gutentor-single-item-wrap\"><div class=\"gutentor-single-item-image-box\"><div class=\"gutentor-image-thumb\"><img loading=\"lazy\" decoding=\"async\" class=\"normal-image\" src=\"https:\/\/promfest.ee\/wp-content\/uploads\/2021\/01\/Jomante-2013-10x8-1-scaled.jpg\" alt=\"\" height=\"2560\" width=\"2048\"\/><\/div><\/div><div class=\"gutentor-single-item-content\"><h3 class=\"gutentor-single-item-title\"><\/h3><p class=\"gutentor-single-item-desc\">Jomante \u0160le\u017eaite (v\u00f5itja aastal 2013) hoidmas klaasist m\u00e4lestustaiest.<\/p><\/div><\/div><\/div><\/div><div class=\"gutentor-grid-column grid-lg-4 grid-md-4 grid-12\"><div class=\"gutentor-single-item gutentor-image gutentor-single-item-1\"><div class=\"gutentor-single-item-wrap\"><div class=\"gutentor-single-item-image-box\"><div class=\"gutentor-image-thumb\"><img loading=\"lazy\" decoding=\"async\" class=\"normal-image\" src=\"https:\/\/promfest.ee\/wp-content\/uploads\/2021\/01\/ants-liigus-2019-scaled.jpg\" alt=\"\" height=\"2560\" width=\"2048\"\/><\/div><\/div><div class=\"gutentor-single-item-content\"><h3 class=\"gutentor-single-item-title\"><\/h3><p class=\"gutentor-single-item-desc\"><\/p><\/div><\/div><\/div><\/div><\/div><\/div><\/section>\n<\/div>\n\n\n\n<div class=\"wp-block-column is-layout-flow wp-block-column-is-layout-flow\" style=\"flex-basis:50%\"><\/div>\n<\/div>\n\n\n\n<p>\u017d\u00fcrii j\u00e4tab endale \u00f5iguse jagada finalistide kohad \u00fcmber, v\u00e4lja arvatud esimene koht. Jagamise korral liidab \u017e\u00fcrii stipendiumide rahalise v\u00e4\u00e4rtuse kokku ja vaatab iga stipendiumi rahalise suuruse uuesti l\u00e4bi.<\/p>\n\n\n\n<p>\u017d\u00fcrii v\u00f5ib teatud kohale finalistidest mitte kedagi m\u00e4\u00e4rata (kaasaarvatud Esimene koht), kui selle koha v\u00e4\u00e4rilist finalisti ei leidu. Sel juhul j\u00e4\u00e4b stipendium v\u00e4lja andmata. Kui ei m\u00e4\u00e4rata Esimest kohta, siis tuleb v\u00e4lja anda Teine koht.<\/p>\n\n\n\n<p>Lisaks jagatavatele stipendiumisele v\u00f5ivad \u017e\u00fcriiliikmed lisaks PromFesti ooperiproduktsioonile teha finalistele ka muid pakkumisi.&nbsp;<\/p>\n\n\n\n<p><strong>V\u00f5imalikud koost\u00f6\u00f6pakkumised Euroopa ooperiteatritelt:<\/strong><br>Rahvusooper Estonia<br>Leedu rahvusooper<br>Kaunase riiklik muusikateater<br>Berliini Saksa Ooper<br>Mannheimi rahvusteater (Saksamaa)<br>Teater Erfurt (Saksamaa)<br>Angers-Nantes Ooper (Prantsusmaa)<br>Rennes Ooper (Prantsusmaa)<br>Avignoni Grand Opera (Prantsusmaa)<br>Grazi Ooper (Austria)<br>Ungari Riigiooper<br>M\u00fcpa Budapest<br>Sofia Ooper (Bulgaaria)<br>Stara Zagora Ooper (Bulgaaria)<br>Cluj-Napoca rahvusooper (Rumeenia)<br>New York City Opera<\/p>\n\n\n\n<p><\/p>","protected":false},"excerpt":{"rendered":"<p>The main prize of the Klaudia Taev Competition is the proposal to perform a major operatic role, which is selected at the request of the winner of the competition and will be performed in the next PromFest in 2023. <\/p>\n<p>In addition to the monetary prizes, the winner has the right to name any role which he\/she desires to perform. <\/p>","protected":false},"author":1,"featured_media":0,"parent":245,"menu_order":11,"comment_status":"closed","ping_status":"closed","template":"","meta":{"footnotes":""},"class_list":["post-8","page","type-page","status-publish","hentry"],"_links":{"self":[{"href":"https:\/\/www.promfest.ee\/et\/wp-json\/wp\/v2\/pages\/8","targetHints":{"allow":["GET"]}}],"collection":[{"href":"https:\/\/www.promfest.ee\/et\/wp-json\/wp\/v2\/pages"}],"about":[{"href":"https:\/\/www.promfest.ee\/et\/wp-json\/wp\/v2\/types\/page"}],"author":[{"embeddable":true,"href":"https:\/\/www.promfest.ee\/et\/wp-json\/wp\/v2\/users\/1"}],"replies":[{"embeddable":true,"href":"https:\/\/www.promfest.ee\/et\/wp-json\/wp\/v2\/comments?post=8"}],"version-history":[{"count":54,"href":"https:\/\/www.promfest.ee\/et\/wp-json\/wp\/v2\/pages\/8\/revisions"}],"predecessor-version":[{"id":7136,"href":"https:\/\/www.promfest.ee\/et\/wp-json\/wp\/v2\/pages\/8\/revisions\/7136"}],"up":[{"embeddable":true,"href":"https:\/\/www.promfest.ee\/et\/wp-json\/wp\/v2\/pages\/245"}],"wp:attachment":[{"href":"https:\/\/www.promfest.ee\/et\/wp-json\/wp\/v2\/media?parent=8"}],"curies":[{"name":"wp","href":"https:\/\/api.w.org\/{rel}","templated":true}]}}