{"id":7059,"date":"2025-09-15T02:01:43","date_gmt":"2025-09-14T23:01:43","guid":{"rendered":"https:\/\/www.promfest.ee\/?page_id=7059"},"modified":"2025-09-15T21:50:45","modified_gmt":"2025-09-15T18:50:45","slug":"3rd-round","status":"publish","type":"page","link":"https:\/\/www.promfest.ee\/et\/competition\/3rd-round\/","title":{"rendered":"III voor"},"content":{"rendered":"<p class=\"has-black-color has-text-color has-link-color wp-elements-ffcf5050a7075099fb11dcfeb91f3e5c\"><strong>III voor<\/strong><\/p>\n\n\n\n<p class=\"has-vivid-cyan-blue-color has-text-color has-link-color wp-elements-c7e7b593b0535d5302da71fcd55e135d\"><br><br><strong>Teisip\u00e4ev, 16. september<\/strong>\u00a0\u2013 Endla Theatre Exhibition Hall<\/p>\n\n\n\n<p>12:00 1 <strong>Vlada Koieva<\/strong> Ukraina<br>12:10 2 <strong>Meri Misakyan<\/strong> Armeenia<br>12:20 3 <strong>Ruth H\u00e4de<\/strong> Germany<br>12:30 4 <strong>Emma Kajander<\/strong> Soome<br>12:40 8 <strong>Arpi Sinanyan<\/strong> Armeenia<br>12:50 9 <strong>Tatev Baroyan<\/strong> USA<br>13:00 10 <strong>Marta Wiktorzak<\/strong> Poola<br>13:10 11 <strong>Laura Topol\u00e1nszky <\/strong>Switzerland<br>13:20 12 <strong>Duangamorn Fu <\/strong>Tai<br>13:30 14 <strong>Monika Ple\u0161kyt\u0117 <\/strong>Leedu<\/p>\n\n\n\n<p><strong>-<\/strong><\/p>\n\n\n\n<p>14:30 15 <strong>Wan\u2019er Zhang<\/strong> Hiina<br>14:40 16 <strong>Daniils Pogoriless<\/strong> L\u00e4ti<br>14:50 18 <strong>Minki Hong<\/strong> L\u00f5una-Korea<br>15:00 20 <strong>Janetka Ho\u0219co<\/strong> Rumeenia<br>15:10 21 <strong>Taeryul Kim<\/strong> L\u00f5una-Korea<br>15:20 22 <strong>Tigran Ohanyan<\/strong> Armeenia<br>15:30 24 <strong>Jiatian Jiang<\/strong> Hiina<br>15:40 25 <strong>Youngkwang Oh<\/strong> L\u00f5una-Korea<br>15:50 26 <strong>Qinchuan Lan<\/strong> Hiina<\/p>\n\n\n\n<p><strong>-<\/strong><\/p>\n\n\n\n<p>16:20 27<strong> Jongwoo Hong<\/strong> L\u00f5una-Korea<br>16:30 28 <strong>Gabriel\u0117 Kuzmickait\u0117<\/strong> Leedu<br>16:40 29 <strong>Yuhui Liang<\/strong> Hiina<br>16:50 30 <strong>Yevhenii Dunduk<\/strong> Ukraina<br>17:00 31 <strong>Oleksandra Diachenko<\/strong> Ukraina<\/p>\n\n\n\n<p><strong>17:45 RESULTS<\/strong><\/p>\n\n\n\n<p><\/p>","protected":false},"excerpt":{"rendered":"<p>3rd Round Tuesday, September 16\u00a0\u2013 Endla Theatre Exhibition Hall 12:00 1 Vlada Koieva Ukraine12:10 2 Meri Misakyan Armenia12:20 3 Ruth H\u00e4de Germany12:30 4 Emma Kajander Finland12:40 8 Arpi Sinanyan Armenia12:50 9 Tatev Baroyan USA13:00 10 Marta Wiktorzak Poland13:10 11 Laura Topol\u00e1nszky Switzerland13:20 12 Duangamorn Fu Thailand13:30 14 Monika Ple\u0161kyt\u0117 Lithuania 13:40 lunch break 14:30 15 [&hellip;]<\/p>","protected":false},"author":2,"featured_media":0,"parent":245,"menu_order":4,"comment_status":"closed","ping_status":"closed","template":"","meta":{"footnotes":""},"class_list":["post-7059","page","type-page","status-publish","hentry"],"_links":{"self":[{"href":"https:\/\/www.promfest.ee\/et\/wp-json\/wp\/v2\/pages\/7059","targetHints":{"allow":["GET"]}}],"collection":[{"href":"https:\/\/www.promfest.ee\/et\/wp-json\/wp\/v2\/pages"}],"about":[{"href":"https:\/\/www.promfest.ee\/et\/wp-json\/wp\/v2\/types\/page"}],"author":[{"embeddable":true,"href":"https:\/\/www.promfest.ee\/et\/wp-json\/wp\/v2\/users\/2"}],"replies":[{"embeddable":true,"href":"https:\/\/www.promfest.ee\/et\/wp-json\/wp\/v2\/comments?post=7059"}],"version-history":[{"count":9,"href":"https:\/\/www.promfest.ee\/et\/wp-json\/wp\/v2\/pages\/7059\/revisions"}],"predecessor-version":[{"id":7092,"href":"https:\/\/www.promfest.ee\/et\/wp-json\/wp\/v2\/pages\/7059\/revisions\/7092"}],"up":[{"embeddable":true,"href":"https:\/\/www.promfest.ee\/et\/wp-json\/wp\/v2\/pages\/245"}],"wp:attachment":[{"href":"https:\/\/www.promfest.ee\/et\/wp-json\/wp\/v2\/media?parent=7059"}],"curies":[{"name":"wp","href":"https:\/\/api.w.org\/{rel}","templated":true}]}}