{"id":6847,"date":"2025-08-12T22:05:53","date_gmt":"2025-08-12T19:05:53","guid":{"rendered":"https:\/\/www.promfest.ee\/competition\/results\/yiming-liu-2\/"},"modified":"2025-09-03T16:52:20","modified_gmt":"2025-09-03T13:52:20","slug":"waner-zhang","status":"publish","type":"page","link":"https:\/\/www.promfest.ee\/et\/competition\/results\/waner-zhang\/","title":{"rendered":"Waner Zhang"},"content":{"rendered":"<h3 class=\"wp-block-heading has-text-align-left\">Waner Zhang<\/h3>\n\n\n\n<h4 class=\"wp-block-heading\">Mezzo-soprano \/ 7.03.2004<\/h4>\n\n\n\n<h4 class=\"wp-block-heading\">Hiina \/ China<br><br><\/h4>\n\n\n\n<div class=\"wp-block-media-text is-stacked-on-mobile is-vertically-aligned-top\" style=\"grid-template-columns:35% auto\"><figure class=\"wp-block-media-text__media\"><img loading=\"lazy\" decoding=\"async\" width=\"977\" height=\"977\" src=\"https:\/\/www.promfest.ee\/wp-content\/uploads\/2025\/08\/Waner-Zhang.jpeg\" alt=\"\" class=\"wp-image-6856 size-full\" srcset=\"https:\/\/www.promfest.ee\/wp-content\/uploads\/2025\/08\/Waner-Zhang.jpeg 977w, https:\/\/www.promfest.ee\/wp-content\/uploads\/2025\/08\/Waner-Zhang-300x300.jpeg 300w, https:\/\/www.promfest.ee\/wp-content\/uploads\/2025\/08\/Waner-Zhang-150x150.jpeg 150w, https:\/\/www.promfest.ee\/wp-content\/uploads\/2025\/08\/Waner-Zhang-768x768.jpeg 768w, https:\/\/www.promfest.ee\/wp-content\/uploads\/2025\/08\/Waner-Zhang-12x12.jpeg 12w\" sizes=\"auto, (max-width: 977px) 100vw, 977px\" \/><\/figure><div class=\"wp-block-media-text__content\">\n<h3 class=\"wp-block-heading\"><strong>KAVA \/ PROGRAM<\/strong><br><br><\/h3>\n\n\n\n<p>II VOOR \/ 2ND ROUND<\/p>\n\n\n\n<p>1. H\u00e4ndel &#8211; Giulio Cesare &#8211; Sesto &#8211; Vani sono i lamenti .. Svegliatevi nel core<br>2. Meyerbeer &#8211; Les Huguenots &#8211; Urbain &#8211; Nobles seigneurs salut<\/p>\n\n\n\n<p><br><\/p>\n\n\n\n<p>III VOOR \/ 3RD ROUND<\/p>\n\n\n\n<p>1. Schubert &#8211; Ave Maria<br>2. Wolf &#8211; Lied vom Winde<\/p>\n\n\n\n<p><br><\/p>\n\n\n\n<p>IV VOOR \/ 4TH ROUND<\/p>\n\n\n\n<p>1. Bernstein &#8211; Trouble in Tahiti &#8211; Dinah &#8211; What a Movie<br>2. Gounod &#8211; Rom\u00e9o et Juliette &#8211; Stephano &#8211; Depuis hier .. Que fais-tu blanche tourterelle<\/p>\n\n\n\n<p><br><\/p>\n\n\n\n<p>FINAAL \/ FINAL ROUND<\/p>\n\n\n\n<p>1. Mozart &#8211; La clemenza di Tito &#8211; Sesto &#8211; Parto, parto<br>\u2014\u2014\u2014\u2014\u2014\u2014\u2014\u2014\u2014\u2014\u2014\u2014<br>2. Rossini &#8211; Il Barbiere di Siviglia &#8211; Rosina &#8211; Una voce poco fa<br>3. Massenet &#8211; Werther &#8211; Charlotte &#8211; Ces lettres! Je vous \u00e9cris de ma petite chamber<br>4. Mozart &#8211; Cos\u00ec fan tutte &#8211; Dorabella &#8211; Smanie implacabili<\/p>\n<\/div><\/div>\n\n\n\n<section id=\"section-e91dbe58-03cd-4ee1-8eec-35357f80f57f\" class=\"wp-block-gutentor-divider section-e91dbe58-03cd-4ee1-8eec-35357f80f57f gutentor-element gutentor-section gutentor-divider text-center\"><div class=\"grid-container\"><div class=\"gutentor-divider-box\"><span><svg xmlns=\"http:\/\/www.w3.org\/2000\/svg\" viewbox=\"0 0 240 40\" preserveaspectratio=\"none\"><path d=\"M56.2 20c5.3-.1 10.6-.2 16-.3l16-.2c10.6-.1 21.3-.1 31.9-.2 10.6.1 21.3 0 31.9.1l16 .2c5.3.1 10.6.2 16 .3-5.3.1-10.6.2-16 .3l-16 .2c-10.6.1-21.3.1-31.9.1-10.6-.1-21.3 0-31.9-.2l-16-.2c-5.4.1-10.7 0-16-.1z\"><\/path><\/svg><\/span><\/div><\/div><\/section>\n\n\n\n<p><strong>Haridus \/ Education<\/strong><\/p>\n\n\n\n<p>* The Chinese University of Hong Kong (Shenzhen) School of Music, with Biao Li<\/p>\n\n\n\n<p><strong>T\u00e4iend\u00f5pe, konkursid \/ Further studies, competitions<\/strong><\/p>\n\n\n\n<p>* The best young singer award &#8211; 8th Paolo Coni International Vocal Competition<br>* First Prize &#8211; Qing Yin Award Competition 2024<br>* The excellent Prize &#8211; 1st Little Golden Bell Competition (Guangdong Province)<\/p>\n\n\n\n<p><strong>Erialased kogemused \/ Professional experience<\/strong><\/p>\n\n\n\n<p>* Soloist in Oratorio de No\u00ebl by Saint-Sa\u00ebns (2023)<br>* Cherubino in Le Nozze di Figaro (2024)<br>* Donna Elvira in the Eco version of opera Don Giovanni (2025)<\/p>\n\n\n\n<p><strong>Tulevikuplaanid \/ Future plans<\/strong><\/p>\n\n\n\n<p>* Solo concert in Shenzhen<br><strong>Dream Roles:<\/strong> H\u00e4nsel (H\u00e4nsel und Gretel), Dorabella (Cos\u00ec Fan Tutte), Sesto (La Clemenza di Tito), Rosina (Il Barbiere di Siviglia)<\/p>\n\n\n\n<p><\/p>","protected":false},"excerpt":{"rendered":"<p>metsosopran \/ Hiina<\/p>","protected":false},"author":1,"featured_media":6856,"parent":5257,"menu_order":37,"comment_status":"closed","ping_status":"closed","template":"","meta":{"footnotes":""},"class_list":["post-6847","page","type-page","status-publish","has-post-thumbnail","hentry"],"_links":{"self":[{"href":"https:\/\/www.promfest.ee\/et\/wp-json\/wp\/v2\/pages\/6847","targetHints":{"allow":["GET"]}}],"collection":[{"href":"https:\/\/www.promfest.ee\/et\/wp-json\/wp\/v2\/pages"}],"about":[{"href":"https:\/\/www.promfest.ee\/et\/wp-json\/wp\/v2\/types\/page"}],"author":[{"embeddable":true,"href":"https:\/\/www.promfest.ee\/et\/wp-json\/wp\/v2\/users\/1"}],"replies":[{"embeddable":true,"href":"https:\/\/www.promfest.ee\/et\/wp-json\/wp\/v2\/comments?post=6847"}],"version-history":[{"count":6,"href":"https:\/\/www.promfest.ee\/et\/wp-json\/wp\/v2\/pages\/6847\/revisions"}],"predecessor-version":[{"id":6991,"href":"https:\/\/www.promfest.ee\/et\/wp-json\/wp\/v2\/pages\/6847\/revisions\/6991"}],"up":[{"embeddable":true,"href":"https:\/\/www.promfest.ee\/et\/wp-json\/wp\/v2\/pages\/5257"}],"wp:featuredmedia":[{"embeddable":true,"href":"https:\/\/www.promfest.ee\/et\/wp-json\/wp\/v2\/media\/6856"}],"wp:attachment":[{"href":"https:\/\/www.promfest.ee\/et\/wp-json\/wp\/v2\/media?parent=6847"}],"curies":[{"name":"wp","href":"https:\/\/api.w.org\/{rel}","templated":true}]}}