{"id":6807,"date":"2025-08-12T21:37:30","date_gmt":"2025-08-12T18:37:30","guid":{"rendered":"https:\/\/www.promfest.ee\/competition\/results\/tatev-baroyan-2\/"},"modified":"2025-09-20T18:39:21","modified_gmt":"2025-09-20T15:39:21","slug":"arpi-sinanyan","status":"publish","type":"page","link":"https:\/\/www.promfest.ee\/et\/competition\/results\/arpi-sinanyan\/","title":{"rendered":"Arpi Sinanyan"},"content":{"rendered":"<h3 class=\"wp-block-heading has-text-align-left\">Arpi Sinanyan<\/h3>\n\n\n\n<h4 class=\"wp-block-heading\">Soprano \/ 8.11.2002<\/h4>\n\n\n\n<h4 class=\"wp-block-heading\">Armeenia \/ Armenia<br><br><\/h4>\n\n\n\n<div class=\"wp-block-media-text is-stacked-on-mobile is-vertically-aligned-top\" style=\"grid-template-columns:35% auto\"><figure class=\"wp-block-media-text__media\"><img loading=\"lazy\" decoding=\"async\" width=\"753\" height=\"753\" src=\"https:\/\/www.promfest.ee\/wp-content\/uploads\/2025\/08\/Arpi-Sinanyan.jpeg\" alt=\"\" class=\"wp-image-6815 size-full\" srcset=\"https:\/\/www.promfest.ee\/wp-content\/uploads\/2025\/08\/Arpi-Sinanyan.jpeg 753w, https:\/\/www.promfest.ee\/wp-content\/uploads\/2025\/08\/Arpi-Sinanyan-300x300.jpeg 300w, https:\/\/www.promfest.ee\/wp-content\/uploads\/2025\/08\/Arpi-Sinanyan-150x150.jpeg 150w, https:\/\/www.promfest.ee\/wp-content\/uploads\/2025\/08\/Arpi-Sinanyan-12x12.jpeg 12w\" sizes=\"auto, (max-width: 753px) 100vw, 753px\" \/><\/figure><div class=\"wp-block-media-text__content\">\n<h3 class=\"wp-block-heading\"><strong>KAVA \/ PROGRAM<\/strong><br><br><\/h3>\n\n\n\n<p>II VOOR \/ 2ND ROUND<\/p>\n\n\n\n<p>1. Mozart &#8211; Cosi fan tutte &#8211; Fiordiligi &#8211; Temerari .. Come scoglio<br>2. Boito &#8211; Mefistofele &#8211; Margherita &#8211; L\u2019altra notte in fondo al mare<\/p>\n\n\n\n<p><br><\/p>\n\n\n\n<p>III VOOR \/ 3RD ROUND<\/p>\n\n\n\n<p>1. Schubert &#8211; Ave Maria<br>2. Komitas &#8211; Lullaby from Akn (Akna oror)<\/p>\n\n\n\n<p><br><\/p>\n\n\n\n<p>IV VOOR \/ 4TH ROUND<\/p>\n\n\n\n<p>1. Gounod &#8211; Sapho &#8211; Sapho &#8211; O\u00f9 suis-je? .. \u00d4 ma lyre immortelle<br>2. Menotti &#8211; The Medium &#8211; Madame Flora &#8211; Afraid, Am I Afraid?<\/p>\n\n\n\n<p><br><\/p>\n\n\n\n<p>FINAAL \/ FINAL ROUND<\/p>\n\n\n\n<p>1. Verdi &#8211; Nabucco &#8211; Abigaile &#8211; Ben io t&#8217;invenni&#8230; Anch\u2019io dischiuso .. Salgo gi\u00e0 del trono<br>\u2014\u2014\u2014\u2014\u2014\u2014\u2014\u2014\u2014\u2014\u2014\u2014<br>2. Purcell &#8211; Dido and Aeneas &#8211; Dido &#8211; Thy Hand, Belinda .. When I Am Laid in Earth<br>3. Verdi &#8211; Il Trovatore &#8211; Leonora &#8211; Tacea la notte placida .. Di tale amor<br>4. Moniuszko &#8211; Halka &#8211; Halka &#8211; Ha! Dzieci\u0119 nam umiera .. O m\u00f3j male\u0144ki<\/p>\n<\/div><\/div>\n\n\n\n<section id=\"section-dfcf3e8f-ec44-4eb7-9656-37f06eda2a34\" class=\"wp-block-gutentor-divider section-dfcf3e8f-ec44-4eb7-9656-37f06eda2a34 gutentor-element gutentor-section gutentor-divider text-center\"><div class=\"grid-container\"><div class=\"gutentor-divider-box\"><span><svg xmlns=\"http:\/\/www.w3.org\/2000\/svg\" viewbox=\"0 0 240 40\" preserveaspectratio=\"none\"><path d=\"M56.2 20c5.3-.1 10.6-.2 16-.3l16-.2c10.6-.1 21.3-.1 31.9-.2 10.6.1 21.3 0 31.9.1l16 .2c5.3.1 10.6.2 16 .3-5.3.1-10.6.2-16 .3l-16 .2c-10.6.1-21.3.1-31.9.1-10.6-.1-21.3 0-31.9-.2l-16-.2c-5.4.1-10.7 0-16-.1z\"><\/path><\/svg><\/span><\/div><\/div><\/section>\n\n\n\n<p><strong>Haridus \/ Education<\/strong><\/p>\n\n\n\n<p>* Komitas Yerevan State Conservatory, BMus with Olga Gabayan 2021-2025<br>* Babajanyan Musical-pedagogical College, with Inna Hovsepyan, 2017-2021<br>* Spendaryan Musical school, with Kristina Melkonyan, 2013-2018<br><\/p>\n\n\n\n<p><strong>T\u00e4iend\u00f5pe, konkursid \/ Further studies, competitions<\/strong><\/p>\n\n\n\n<p>* Young Artists Opera Program &#8211; Armenian National Opera and Ballet Theatre, with Levon Javadyan<br>* Second Prize &#8211; 12th International Stanislaw Moniuszko Vocal Competition 2025<br>* Second Prize, the youngest finalist &#8211; 26th International Competition for Opera Singers \u201cCitt\u00e0 di Alcamo\u201d 2024<br>* First Audience Prize &#8211; Virtual Opera Singing Competition &#8220;Sol&#8221; Scuola dell&#8217;Opera Italiana Fiorenza Cedolins 2024<\/p>\n\n\n\n<p><strong>Erialased kogemused \/ Professional experience<\/strong><\/p>\n\n\n\n<p>* Soloist &#8211; Messiah by Handel &#8211; Armenian National Opera and Ballet Theatre 2025<br>* Sharafyan &#8211; Oratorio-mysteria &#8211; Eh (\u00ab\u0537\u00bb) 2025<br>* Soloist &#8211; Concert for Mezzo TV &#8211; Armenian National Opera and Ballet Theatre Orchestra 2024<br>* Baroque concert with Tagharan ancient music ensemble 2023<\/p>\n\n\n\n<p><\/p>\n\n\n\n<p><strong>Tulevikuplaanid \/ Future plans<\/strong><\/p>\n\n\n\n<p>* Concert with the Artur Rubinstein Philharmonic orchestra in \u0141\u00f3d\u017a, Poland<br>* Concert in Palazzo Gallio, Gravedona<br><strong>Dream Roles: <\/strong>Tosca (Tosca), Dido (Dido and Aeneas)<\/p>\n\n\n\n<p><\/p>","protected":false},"excerpt":{"rendered":"<p>sopran \/ Armeenia<br \/>\nII preemia<\/p>","protected":false},"author":1,"featured_media":6815,"parent":5257,"menu_order":26,"comment_status":"closed","ping_status":"closed","template":"","meta":{"footnotes":""},"class_list":["post-6807","page","type-page","status-publish","has-post-thumbnail","hentry"],"_links":{"self":[{"href":"https:\/\/www.promfest.ee\/et\/wp-json\/wp\/v2\/pages\/6807","targetHints":{"allow":["GET"]}}],"collection":[{"href":"https:\/\/www.promfest.ee\/et\/wp-json\/wp\/v2\/pages"}],"about":[{"href":"https:\/\/www.promfest.ee\/et\/wp-json\/wp\/v2\/types\/page"}],"author":[{"embeddable":true,"href":"https:\/\/www.promfest.ee\/et\/wp-json\/wp\/v2\/users\/1"}],"replies":[{"embeddable":true,"href":"https:\/\/www.promfest.ee\/et\/wp-json\/wp\/v2\/comments?post=6807"}],"version-history":[{"count":7,"href":"https:\/\/www.promfest.ee\/et\/wp-json\/wp\/v2\/pages\/6807\/revisions"}],"predecessor-version":[{"id":7143,"href":"https:\/\/www.promfest.ee\/et\/wp-json\/wp\/v2\/pages\/6807\/revisions\/7143"}],"up":[{"embeddable":true,"href":"https:\/\/www.promfest.ee\/et\/wp-json\/wp\/v2\/pages\/5257"}],"wp:featuredmedia":[{"embeddable":true,"href":"https:\/\/www.promfest.ee\/et\/wp-json\/wp\/v2\/media\/6815"}],"wp:attachment":[{"href":"https:\/\/www.promfest.ee\/et\/wp-json\/wp\/v2\/media?parent=6807"}],"curies":[{"name":"wp","href":"https:\/\/api.w.org\/{rel}","templated":true}]}}