{"id":6781,"date":"2025-08-12T21:18:41","date_gmt":"2025-08-12T18:18:41","guid":{"rendered":"https:\/\/www.promfest.ee\/competition\/results\/andrei-marinache-2\/"},"modified":"2025-08-31T23:25:41","modified_gmt":"2025-08-31T20:25:41","slug":"daniils-ogoriless","status":"publish","type":"page","link":"https:\/\/www.promfest.ee\/et\/competition\/results\/daniils-ogoriless\/","title":{"rendered":"Daniils Pogoriless"},"content":{"rendered":"<h3 class=\"wp-block-heading has-text-align-left\">Daniils Pogoriless<\/h3>\n\n\n\n<h4 class=\"wp-block-heading\">Baritone \/ 18.01.2000<\/h4>\n\n\n\n<h4 class=\"wp-block-heading\">L\u00e4ti \/ Latvia<br><br><\/h4>\n\n\n\n<div class=\"wp-block-media-text is-stacked-on-mobile is-vertically-aligned-top\" style=\"grid-template-columns:35% auto\"><figure class=\"wp-block-media-text__media\"><img loading=\"lazy\" decoding=\"async\" width=\"928\" height=\"928\" src=\"https:\/\/www.promfest.ee\/wp-content\/uploads\/2025\/08\/Daniils-Pogoriless.jpeg\" alt=\"\" class=\"wp-image-6792 size-full\" srcset=\"https:\/\/www.promfest.ee\/wp-content\/uploads\/2025\/08\/Daniils-Pogoriless.jpeg 928w, https:\/\/www.promfest.ee\/wp-content\/uploads\/2025\/08\/Daniils-Pogoriless-300x300.jpeg 300w, https:\/\/www.promfest.ee\/wp-content\/uploads\/2025\/08\/Daniils-Pogoriless-150x150.jpeg 150w, https:\/\/www.promfest.ee\/wp-content\/uploads\/2025\/08\/Daniils-Pogoriless-768x768.jpeg 768w, https:\/\/www.promfest.ee\/wp-content\/uploads\/2025\/08\/Daniils-Pogoriless-12x12.jpeg 12w\" sizes=\"auto, (max-width: 928px) 100vw, 928px\" \/><\/figure><div class=\"wp-block-media-text__content\">\n<h3 class=\"wp-block-heading\"><strong>KAVA \/ PROGRAM<\/strong><br><br><\/h3>\n\n\n\n<p>II VOOR \/ 2ND ROUND<\/p>\n\n\n\n<p>1. Mozart &#8211; Le nozze di Figaro &#8211; Il Conte &#8211; Hai gia&#8217; vinta la causa .. Vedro&#8217; mentr&#8217;io sospiro<br>2. Puccini &#8211; Edgar &#8211; Frank &#8211; Questo amor, vergogna mia<\/p>\n\n\n\n<p><br><\/p>\n\n\n\n<p>III VOOR \/ 3RD ROUND<\/p>\n\n\n\n<p>1. Schubert &#8211; Ave Maria<br>2. Tamberg &#8211; Tuul viib \u00f5ilmelt lehe \u00e4ra (The wind blows a petal from the bloom)<br>3. Rachmaninoff &#8211; V molchan&#8217;i nochi taynoy<\/p>\n\n\n\n<p><br><\/p>\n\n\n\n<p>IV VOOR \/ 4TH ROUND<\/p>\n\n\n\n<p>1. Bizet &#8211; Les p\u00eacheurs de perles &#8211; Zurga &#8211; L&#8217;orage c&#8217;est calme<br>2. Klova &#8211; Pil\u0117nai &#8211; Udris &#8211; \u016adrio dainat<\/p>\n\n\n\n<p><br><\/p>\n\n\n\n<p>FINAAL \/ FINAL ROUND<\/p>\n\n\n\n<p>1. Massenet &#8211; Herodiade &#8211; H\u00e9rode &#8211; Vision fugitive<br>\u2014\u2014\u2014\u2014\u2014\u2014\u2014\u2014\u2014\u2014\u2014\u2014<br>2. Verdi &#8211; Don Carlo &#8211; Rodrigo &#8211; Per me giunto \u00e8 il di supreme<br>3. Verdi &#8211; Don Carlo &#8211; Rodrigo &#8211; O Carlo, ascolta .. io morr\u00f2<br>4. Rimsky-Korsakov &#8211; The Tsar&#8217;s Bride &#8211; Griaznoy &#8211; Kuda ty, udal&#8217; prezhniaya, devalas<\/p>\n<\/div><\/div>\n\n\n\n<section id=\"section-c64b2fb2-ba0b-481f-8f1f-0efae9b531d7\" class=\"wp-block-gutentor-divider section-c64b2fb2-ba0b-481f-8f1f-0efae9b531d7 gutentor-element gutentor-section gutentor-divider text-center\"><div class=\"grid-container\"><div class=\"gutentor-divider-box\"><span><svg xmlns=\"http:\/\/www.w3.org\/2000\/svg\" viewbox=\"0 0 240 40\" preserveaspectratio=\"none\"><path d=\"M56.2 20c5.3-.1 10.6-.2 16-.3l16-.2c10.6-.1 21.3-.1 31.9-.2 10.6.1 21.3 0 31.9.1l16 .2c5.3.1 10.6.2 16 .3-5.3.1-10.6.2-16 .3l-16 .2c-10.6.1-21.3.1-31.9.1-10.6-.1-21.3 0-31.9-.2l-16-.2c-5.4.1-10.7 0-16-.1z\"><\/path><\/svg><\/span><\/div><\/div><\/section>\n\n\n\n<p><strong>Haridus \/ Education<\/strong><\/p>\n\n\n\n<p>* Mascarade Emerging Artists 2023-2025<br>* Jazeps Vitols Latvian Academy of Music, with Kri\u0161j\u0101nis Norvelis 2018-2024&nbsp;<\/p>\n\n\n\n<p><strong>T\u00e4iend\u00f5pe, konkursid \/ Further studies, competitions<\/strong><\/p>\n\n\n\n<p>* Finalist, Gabriele Foresta Prize for the best baritone voice &#8211; The International Lyric Competition &#8220;Ottavio Ziino&#8221; 2024<br>* Quarter-finalist &#8211; Operalia Young Singer Competition 2022<\/p>\n\n\n\n<p><strong>Erialased kogemused \/ Professional experience<\/strong><\/p>\n\n\n\n<p>* Morales, Danca\u00efro (Carmen) &#8211; Heidelberger Schlossfestspiele 2025<br>* Lotario (Flavio 2024), Belcore (L&#8217;elisir d&#8217;amore 2025) &#8211; Latvian National Opera<br>* Tonio, Imparolopera &#8220;Pagliacci&#8221; &#8211; Teatro Regio di Parma 2023<\/p>\n\n\n\n<p><strong>Tulevikuplaanid \/ Future plans<\/strong><\/p>\n\n\n\n<p>* Silvio (Pagliacci), Schaunard (La Boh\u00e8me) &#8211; Latvian National Opera 2026<br><strong>Dream Roles: <\/strong>Dandini (La Cenerentola); Il Conte (Le nozze di Figaro)<\/p>","protected":false},"excerpt":{"rendered":"<p>bariton \/ L\u00e4ti<\/p>","protected":false},"author":1,"featured_media":6792,"parent":5257,"menu_order":3,"comment_status":"closed","ping_status":"closed","template":"","meta":{"footnotes":""},"class_list":["post-6781","page","type-page","status-publish","has-post-thumbnail","hentry"],"_links":{"self":[{"href":"https:\/\/www.promfest.ee\/et\/wp-json\/wp\/v2\/pages\/6781","targetHints":{"allow":["GET"]}}],"collection":[{"href":"https:\/\/www.promfest.ee\/et\/wp-json\/wp\/v2\/pages"}],"about":[{"href":"https:\/\/www.promfest.ee\/et\/wp-json\/wp\/v2\/types\/page"}],"author":[{"embeddable":true,"href":"https:\/\/www.promfest.ee\/et\/wp-json\/wp\/v2\/users\/1"}],"replies":[{"embeddable":true,"href":"https:\/\/www.promfest.ee\/et\/wp-json\/wp\/v2\/comments?post=6781"}],"version-history":[{"count":7,"href":"https:\/\/www.promfest.ee\/et\/wp-json\/wp\/v2\/pages\/6781\/revisions"}],"predecessor-version":[{"id":6988,"href":"https:\/\/www.promfest.ee\/et\/wp-json\/wp\/v2\/pages\/6781\/revisions\/6988"}],"up":[{"embeddable":true,"href":"https:\/\/www.promfest.ee\/et\/wp-json\/wp\/v2\/pages\/5257"}],"wp:featuredmedia":[{"embeddable":true,"href":"https:\/\/www.promfest.ee\/et\/wp-json\/wp\/v2\/media\/6792"}],"wp:attachment":[{"href":"https:\/\/www.promfest.ee\/et\/wp-json\/wp\/v2\/media?parent=6781"}],"curies":[{"name":"wp","href":"https:\/\/api.w.org\/{rel}","templated":true}]}}