{"id":6562,"date":"2025-08-11T02:37:33","date_gmt":"2025-08-10T23:37:33","guid":{"rendered":"https:\/\/www.promfest.ee\/competition\/results\/karmen-kornas-2\/"},"modified":"2025-08-31T23:20:21","modified_gmt":"2025-08-31T20:20:21","slug":"tatev-baroyan","status":"publish","type":"page","link":"https:\/\/www.promfest.ee\/et\/competition\/results\/tatev-baroyan\/","title":{"rendered":"Tatev Baroyan"},"content":{"rendered":"<h3 class=\"wp-block-heading has-text-align-left\">Tatev Baroyan<\/h3>\n\n\n\n<h4 class=\"wp-block-heading\">Soprano \/ 2.07.1995<\/h4>\n\n\n\n<h4 class=\"wp-block-heading\">Ameerika \u00dchendriigid \/ USA<br><br><\/h4>\n\n\n\n<div class=\"wp-block-media-text is-stacked-on-mobile is-vertically-aligned-top\" style=\"grid-template-columns:35% auto\"><figure class=\"wp-block-media-text__media\"><img loading=\"lazy\" decoding=\"async\" width=\"1024\" height=\"1024\" src=\"https:\/\/www.promfest.ee\/wp-content\/uploads\/2025\/08\/Baroyan_Tatev-1024x1024.jpeg\" alt=\"\" class=\"wp-image-6565 size-full\" srcset=\"https:\/\/www.promfest.ee\/wp-content\/uploads\/2025\/08\/Baroyan_Tatev-1024x1024.jpeg 1024w, https:\/\/www.promfest.ee\/wp-content\/uploads\/2025\/08\/Baroyan_Tatev-300x300.jpeg 300w, https:\/\/www.promfest.ee\/wp-content\/uploads\/2025\/08\/Baroyan_Tatev-150x150.jpeg 150w, https:\/\/www.promfest.ee\/wp-content\/uploads\/2025\/08\/Baroyan_Tatev-768x768.jpeg 768w, https:\/\/www.promfest.ee\/wp-content\/uploads\/2025\/08\/Baroyan_Tatev-1536x1536.jpeg 1536w, https:\/\/www.promfest.ee\/wp-content\/uploads\/2025\/08\/Baroyan_Tatev-2048x2048.jpeg 2048w, https:\/\/www.promfest.ee\/wp-content\/uploads\/2025\/08\/Baroyan_Tatev-12x12.jpeg 12w\" sizes=\"auto, (max-width: 1024px) 100vw, 1024px\" \/><\/figure><div class=\"wp-block-media-text__content\">\n<h3 class=\"wp-block-heading\"><strong>KAVA \/ PROGRAM<\/strong><br><br><\/h3>\n\n\n\n<p>II VOOR \/ 2ND ROUND<\/p>\n\n\n\n<p>1. Mozart &#8211; Le Nozze di Figaro &#8211; Countess Rosina &#8211; Porgi, amor<br>2. K\u00e1lm\u00e1n &#8211; Csardasf\u00fcrstin &#8211; Silva &#8211; Heia, heia! In den Bergen ist mein Heimatland<\/p>\n\n\n\n<p><br><\/p>\n\n\n\n<p>III VOOR \/ 3RD ROUND<\/p>\n\n\n\n<p>1. Schubert &#8211; Ave Maria<br>2. Sergei Rachmaninoff &#8211; Ne poj, krasavitsa, pri mne <em>(Do Not Sing to Me, My Beauty)<\/em> &#8211; Op. 4 No. 4<\/p>\n\n\n\n<p><br><\/p>\n\n\n\n<p>IV VOOR \/ 4TH ROUND<\/p>\n\n\n\n<p>1. Poulenc &#8211; Dialogues des Carm\u00e9lites &#8211; Blanche &#8211; Mon p\u00e8re, il n&#8217;est pas<br>2. Verdi &#8211; La traviata &#8211; Violetta &#8211; E strano .. ah, forse e lui .. Sempre libera<\/p>\n\n\n\n<p><br><\/p>\n\n\n\n<p>FINAAL \/ FINAL ROUND<\/p>\n\n\n\n<p>1. Dvorak &#8211; Rusalka &#8211; Rusalka &#8211; Mesicku na nebi hlubokem<br>\u2014\u2014\u2014\u2014\u2014\u2014\u2014\u2014\u2014\u2014\u2014\u2014<br>2. Puccini &#8211; Suor Angelica &#8211; Suor Angelica &#8211; Senza mamma<br>3. Puccini &#8211; La Boh\u00e8me &#8211; Mimi &#8211; Donde lieta usci<br>4. Tchaikovsky &#8211; Iolanta &#8211; Iolanta &#8211; Otchevo eto prezhde ne znala<\/p>\n<\/div><\/div>\n\n\n\n<section id=\"section-ffe5320f-3337-46ab-af51-ee0e34b59a51\" class=\"wp-block-gutentor-divider section-ffe5320f-3337-46ab-af51-ee0e34b59a51 gutentor-element gutentor-section gutentor-divider text-center\"><div class=\"grid-container\"><div class=\"gutentor-divider-box\"><span><svg xmlns=\"http:\/\/www.w3.org\/2000\/svg\" viewbox=\"0 0 240 40\" preserveaspectratio=\"none\"><path d=\"M56.2 20c5.3-.1 10.6-.2 16-.3l16-.2c10.6-.1 21.3-.1 31.9-.2 10.6.1 21.3 0 31.9.1l16 .2c5.3.1 10.6.2 16 .3-5.3.1-10.6.2-16 .3l-16 .2c-10.6.1-21.3.1-31.9.1-10.6-.1-21.3 0-31.9-.2l-16-.2c-5.4.1-10.7 0-16-.1z\"><\/path><\/svg><\/span><\/div><\/div><\/section>\n\n\n\n<p><strong>Haridus \/ Education<\/strong><\/p>\n\n\n\n<p>* Komitas Conservatory of Yerevan, Armenia &#8211; BMus&nbsp;<br><\/p>\n\n\n\n<p><strong>T\u00e4iend\u00f5pe, konkursid \/ Further studies, competitions<\/strong><\/p>\n\n\n\n<p>* Audience Prize and Media Prize &#8211; 43rd International Hans Gabor Belvedere Singing Competition 2025<br>* Second Prize &#8211; Gerda Lissner Foundation 2025<br>* The Cultural Ambassador Prize &#8211; Premiere Opera Foundation<br>* Second Prize &#8211; Opera at Florham Foundation<\/p>\n\n\n\n<p><strong>Erialased kogemused \/ Professional experience<\/strong><\/p>\n\n\n\n<p>* Apprentice Artist with Sarasota Opera in 2018-2019<br>* Studio Artist with Teatro Nuovo 2019-2021<br>* Mimi (La Boh\u00e8me) 2025,\u00a0Iolanta (Iolanta) 2023, covered Violetta (La traviata) 2024<\/p>\n\n\n\n<p><\/p>\n\n\n\n<p><strong>Tulevikuplaanid \/ Future plans<\/strong><\/p>\n\n\n\n<p>* Tatiana in Eugene Onegin 2026<br>* Soprano soloist (M\u00e1linka \/ Etherea \/ Kunka) in The Excursions of Mr. Brou\u010dek 2026<\/p>","protected":false},"excerpt":{"rendered":"<p>sopran \/ USA<\/p>","protected":false},"author":1,"featured_media":6565,"parent":5257,"menu_order":27,"comment_status":"closed","ping_status":"closed","template":"","meta":{"footnotes":""},"class_list":["post-6562","page","type-page","status-publish","has-post-thumbnail","hentry"],"_links":{"self":[{"href":"https:\/\/www.promfest.ee\/et\/wp-json\/wp\/v2\/pages\/6562","targetHints":{"allow":["GET"]}}],"collection":[{"href":"https:\/\/www.promfest.ee\/et\/wp-json\/wp\/v2\/pages"}],"about":[{"href":"https:\/\/www.promfest.ee\/et\/wp-json\/wp\/v2\/types\/page"}],"author":[{"embeddable":true,"href":"https:\/\/www.promfest.ee\/et\/wp-json\/wp\/v2\/users\/1"}],"replies":[{"embeddable":true,"href":"https:\/\/www.promfest.ee\/et\/wp-json\/wp\/v2\/comments?post=6562"}],"version-history":[{"count":9,"href":"https:\/\/www.promfest.ee\/et\/wp-json\/wp\/v2\/pages\/6562\/revisions"}],"predecessor-version":[{"id":6980,"href":"https:\/\/www.promfest.ee\/et\/wp-json\/wp\/v2\/pages\/6562\/revisions\/6980"}],"up":[{"embeddable":true,"href":"https:\/\/www.promfest.ee\/et\/wp-json\/wp\/v2\/pages\/5257"}],"wp:featuredmedia":[{"embeddable":true,"href":"https:\/\/www.promfest.ee\/et\/wp-json\/wp\/v2\/media\/6565"}],"wp:attachment":[{"href":"https:\/\/www.promfest.ee\/et\/wp-json\/wp\/v2\/media?parent=6562"}],"curies":[{"name":"wp","href":"https:\/\/api.w.org\/{rel}","templated":true}]}}