{"id":5269,"date":"2023-09-11T00:36:37","date_gmt":"2023-09-10T21:36:37","guid":{"rendered":"https:\/\/www.promfest.ee\/?page_id=5269"},"modified":"2025-09-14T20:59:38","modified_gmt":"2025-09-14T17:59:38","slug":"2nd-round","status":"publish","type":"page","link":"https:\/\/www.promfest.ee\/et\/competition\/2nd-round\/","title":{"rendered":"II voor"},"content":{"rendered":"<p><strong>II VOOR<\/strong><\/p>\n\n\n\n<p class=\"has-vivid-cyan-blue-color has-text-color has-link-color wp-elements-09109a55d7c37c2d2c8a755b5433683c\"><strong>Esmasp\u00e4ev, 15, september -<\/strong> Endla Teatri suur saal<\/p>\n\n\n\n<p>12:10     1 <strong>Vlada Koieva<\/strong><br>12:19     2 <strong>Meri Misakyan<\/strong><br>12:28     3 <strong>Ruth H\u00e4de<\/strong><br>12:37     4 <strong>Emma Kajander<\/strong><br>12:46     5 <strong>Sol\u00e8ne Le Van<\/strong><br>12:55     6 <strong>Linn\u00e9a Edander<\/strong><br>13:04     7 <strong>Karmen K\u00f5rnas<\/strong><br>13:13     8 <strong>Arpi Sinanyan<\/strong><br>13:22     9 <strong>Tatev Baroyan<\/strong><br>13:31   10<strong> Marta Wiktorzak<\/strong><br>13:40   11 <strong>Laura Topol\u00e1nszky<\/strong><br>13:49   12 <strong>Duangamorn Fu<\/strong><\/p>\n\n\n\n<p><strong>13:58 lunch break<\/strong><\/p>\n\n\n\n<p>15:00   13 <strong>Leilei Xie<\/strong><br>15:09   14 <strong>Monika Ple\u0161kyt\u0117<\/strong><br>15:18   15 <strong>Wan\u2019er Zhang<\/strong>\u00a0<br>15:27   16 <strong>Daniils Pogoriless<\/strong><br>15:36   17 <strong>Annabel Soode<\/strong><br>15:45   18 <strong>Minki Hong<\/strong><br>15:54   20 <strong>Janetka Ho\u0219co<\/strong><br>16:03   21 <strong>Taeryul Kim<\/strong><br>16:12   22 <strong>Tigran Ohanyan<\/strong><br>16:21   23 <strong>Rael Rent<\/strong><\/p>\n\n\n\n<p><strong>16:30 break<\/strong><\/p>\n\n\n\n<p>16:50   24<strong> Jiatian Jiang<\/strong><br>16:59   25 <strong>Youngkwang Oh<\/strong><br>17:08   26 <strong>Qinchuan Lan<\/strong><br>17:17   27 <strong>Jongwoo Hong<\/strong><br>17:26   28 <strong>Gabriel\u0117 Kuzmickait\u0117<\/strong><br>17:35   29 <strong>Yuhui Liang<\/strong><br>17:44   30 <strong>Yevhenii Dunduk<\/strong><br>17:53   31 <strong>Oleksandra Diachenko<\/strong><\/p>\n\n\n\n<p><strong>18:45 RESULTS<\/strong><\/p>\n\n\n\n<p><\/p>","protected":false},"excerpt":{"rendered":"<p>2nd ROUND Monday, September 15 &#8211; Endla Theatre Main Hall 12:10 1 Vlada Koieva12:19 2 Meri Misakyan12:28 3 Ruth H\u00e4de12:37 4 Emma Kajander12:46 5 Sol\u00e8ne Le Van12:55 6 Linn\u00e9a Edander13:04 7 Karmen K\u00f5rnas13:13 8 Arpi Sinanyan13:22 9 Tatev Baroyan13:31 10 Marta Wiktorzak13:40 11 Laura Topol\u00e1nszky13:49 12 Duangamorn Fu 13:58 lunch break 15:00 13 Leilei Xie15:09 [&hellip;]<\/p>","protected":false},"author":3,"featured_media":0,"parent":245,"menu_order":3,"comment_status":"closed","ping_status":"closed","template":"","meta":{"footnotes":""},"class_list":["post-5269","page","type-page","status-publish","hentry"],"_links":{"self":[{"href":"https:\/\/www.promfest.ee\/et\/wp-json\/wp\/v2\/pages\/5269","targetHints":{"allow":["GET"]}}],"collection":[{"href":"https:\/\/www.promfest.ee\/et\/wp-json\/wp\/v2\/pages"}],"about":[{"href":"https:\/\/www.promfest.ee\/et\/wp-json\/wp\/v2\/types\/page"}],"author":[{"embeddable":true,"href":"https:\/\/www.promfest.ee\/et\/wp-json\/wp\/v2\/users\/3"}],"replies":[{"embeddable":true,"href":"https:\/\/www.promfest.ee\/et\/wp-json\/wp\/v2\/comments?post=5269"}],"version-history":[{"count":19,"href":"https:\/\/www.promfest.ee\/et\/wp-json\/wp\/v2\/pages\/5269\/revisions"}],"predecessor-version":[{"id":7036,"href":"https:\/\/www.promfest.ee\/et\/wp-json\/wp\/v2\/pages\/5269\/revisions\/7036"}],"up":[{"embeddable":true,"href":"https:\/\/www.promfest.ee\/et\/wp-json\/wp\/v2\/pages\/245"}],"wp:attachment":[{"href":"https:\/\/www.promfest.ee\/et\/wp-json\/wp\/v2\/media?parent=5269"}],"curies":[{"name":"wp","href":"https:\/\/api.w.org\/{rel}","templated":true}]}}