{"id":4950,"date":"2023-08-22T00:46:24","date_gmt":"2023-08-21T21:46:24","guid":{"rendered":"https:\/\/www.promfest.ee\/?page_id=4950"},"modified":"2025-09-14T23:24:43","modified_gmt":"2025-09-14T20:24:43","slug":"monika-pleskyte","status":"publish","type":"page","link":"https:\/\/www.promfest.ee\/et\/competition\/results\/monika-pleskyte\/","title":{"rendered":"Monika Ple\u0161kyt\u0117"},"content":{"rendered":"<h3 class=\"wp-block-heading has-text-align-left\">Monika Ple\u0161kyt\u0117<\/h3>\n\n\n\n<h4 class=\"wp-block-heading\">Sopran \/ 13.01.1995<\/h4>\n\n\n\n<h4 class=\"wp-block-heading\">Leedu \/ Lithuania<br><br><\/h4>\n\n\n\n<div class=\"wp-block-media-text is-stacked-on-mobile is-vertically-aligned-top\" style=\"grid-template-columns:35% auto\"><figure class=\"wp-block-media-text__media\"><img loading=\"lazy\" decoding=\"async\" width=\"977\" height=\"977\" src=\"https:\/\/www.promfest.ee\/wp-content\/uploads\/2025\/08\/Monika-Pleskyte.jpg\" alt=\"\" class=\"wp-image-6769 size-full\" srcset=\"https:\/\/www.promfest.ee\/wp-content\/uploads\/2025\/08\/Monika-Pleskyte.jpg 977w, https:\/\/www.promfest.ee\/wp-content\/uploads\/2025\/08\/Monika-Pleskyte-300x300.jpg 300w, https:\/\/www.promfest.ee\/wp-content\/uploads\/2025\/08\/Monika-Pleskyte-150x150.jpg 150w, https:\/\/www.promfest.ee\/wp-content\/uploads\/2025\/08\/Monika-Pleskyte-768x768.jpg 768w, https:\/\/www.promfest.ee\/wp-content\/uploads\/2025\/08\/Monika-Pleskyte-12x12.jpg 12w\" sizes=\"auto, (max-width: 977px) 100vw, 977px\" \/><\/figure><div class=\"wp-block-media-text__content\">\n<h3 class=\"wp-block-heading\"><strong>KAVA \/ PROGRAM<\/strong><br><br><\/h3>\n\n\n\n<p>II VOOR \/ 2ND ROUND<\/p>\n\n\n\n<p>1. Mozart &#8211; Mitridate re di Ponto &#8211; Aspasia &#8211; Nel grave tormento<br>2. Puccini &#8211; La Boh\u00e8me &#8211; Musetta &#8211; Quando men voamour<\/p>\n\n\n\n<p><br><\/p>\n\n\n\n<p>III VOOR \/ 3RD ROUND<\/p>\n\n\n\n<p>1. Schubert &#8211; Ave Maria<br>2. Poulenc &#8211; Deux po\u00e8mes de Louis Aragon &#8211; I C<br>3. Poulenc &#8211; Deux po\u00e8mes de Louis Aragon &#8211; II F\u00eates galantes<\/p>\n\n\n\n<p><br><\/p>\n\n\n\n<p>IV VOOR \/ 4TH ROUND<\/p>\n\n\n\n<p>1. Kutavi\u010dius &#8211; Lokys &#8211; Julija &#8211; Nurimk, \u0161irdie<br>2. Massenet &#8211; Manon &#8211; Manon &#8211; Je marche .. Ob\u00e9issons .. Tr\u00e4um oder wach&#8217; ich?<\/p>\n\n\n\n<p><br><\/p>\n\n\n\n<p>FINAAL \/ FINAL ROUND<\/p>\n\n\n\n<p>1. R.Strauss &#8211; Der Rosenkavalier &#8211; Sophie &#8211; Ich bin Euer Liebden sehr verbunden<br>\u2014\u2014\u2014\u2014\u2014\u2014\u2014\u2014\u2014\u2014\u2014\u2014<br>2. Verdi &#8211; Rigoletto &#8211; Gilda &#8211; Caro nome<br>3. Thomas &#8211; Mignon &#8211; Philine &#8211; Je suis Titania<br>4. Donizetti &#8211; Lucia di Lammermoor &#8211; Lucia &#8211; Regnava nel silenzio .. Quando rapito in estasi<\/p>\n<\/div><\/div>\n\n\n\n<section id=\"section-74e27d94-c4be-470b-ab64-7e3ac9597cb3\" class=\"wp-block-gutentor-divider section-74e27d94-c4be-470b-ab64-7e3ac9597cb3 gutentor-element gutentor-section gutentor-divider text-center\"><div class=\"grid-container\"><div class=\"gutentor-divider-box\"><span><svg xmlns=\"http:\/\/www.w3.org\/2000\/svg\" viewbox=\"0 0 240 40\" preserveaspectratio=\"none\"><path d=\"M56.2 20c5.3-.1 10.6-.2 16-.3l16-.2c10.6-.1 21.3-.1 31.9-.2 10.6.1 21.3 0 31.9.1l16 .2c5.3.1 10.6.2 16 .3-5.3.1-10.6.2-16 .3l-16 .2c-10.6.1-21.3.1-31.9.1-10.6-.1-21.3 0-31.9-.2l-16-.2c-5.4.1-10.7 0-16-.1z\"><\/path><\/svg><\/span><\/div><\/div><\/section>\n\n\n\n<p><strong>Haridus \/ Education<\/strong><\/p>\n\n\n\n<p>* Music Academy of Vytautas Magnus University, BMus (2018) and MMus (2020) &#8211; Sabina Martinaityt\u0117<br>* Young Talent Development Programme at Teatr Wielki Opera Narodowa &#8211; Matthias Rexroth\/Eytan Pessen 2019-2020<br>* Opera Internship Program of Lithuanian National Opera and Ballet House &#8211; Sigut\u0117 Stonyt\u0117 2022-2024<\/p>\n\n\n\n<p><strong>T\u00e4iend\u00f5pe, konkursid \/ Further studies, competitions<\/strong><\/p>\n\n\n\n<p>* Third Prize &#8211; 22nd Mikula\u0161 Schneider-Trnavsky international vocal competition 2017<br>* Grand Prix &#8211; International vocal competition \u201cThe Pearls of Art\u201c, Ukraine 2018<br>* Masterclasses: conductor Josef Wallnig 2019,&nbsp;vocal coach Carmen Santoro 2022<\/p>\n\n\n\n<p><strong>Erialased kogemused \/ Professional experience<\/strong><\/p>\n\n\n\n<p>* Gilda (Rigoletto, 2022), Sophie (Der Rosenkavalier, 2021),&nbsp;Susanna (Le Nozze di Figaro, 2019),&nbsp;Elle (La Voix Humaine, 2024)<\/p>\n\n\n\n<p><strong>Tulevikuplaanid \/ Future plans<\/strong><\/p>\n\n\n\n<p>* Zerlina (Don Giovanni), Lauretta (Gianni Schicchi), Elle (La Voix Humaine)<br><strong>Dream Role:\u00a0<\/strong>Amina (La Sonnambula)<\/p>","protected":false},"excerpt":{"rendered":"<p>sopran \/ Leedu<\/p>","protected":false},"author":2,"featured_media":6769,"parent":5257,"menu_order":18,"comment_status":"closed","ping_status":"closed","template":"","meta":{"footnotes":""},"class_list":["post-4950","page","type-page","status-publish","has-post-thumbnail","hentry"],"_links":{"self":[{"href":"https:\/\/www.promfest.ee\/et\/wp-json\/wp\/v2\/pages\/4950","targetHints":{"allow":["GET"]}}],"collection":[{"href":"https:\/\/www.promfest.ee\/et\/wp-json\/wp\/v2\/pages"}],"about":[{"href":"https:\/\/www.promfest.ee\/et\/wp-json\/wp\/v2\/types\/page"}],"author":[{"embeddable":true,"href":"https:\/\/www.promfest.ee\/et\/wp-json\/wp\/v2\/users\/2"}],"replies":[{"embeddable":true,"href":"https:\/\/www.promfest.ee\/et\/wp-json\/wp\/v2\/comments?post=4950"}],"version-history":[{"count":13,"href":"https:\/\/www.promfest.ee\/et\/wp-json\/wp\/v2\/pages\/4950\/revisions"}],"predecessor-version":[{"id":7056,"href":"https:\/\/www.promfest.ee\/et\/wp-json\/wp\/v2\/pages\/4950\/revisions\/7056"}],"up":[{"embeddable":true,"href":"https:\/\/www.promfest.ee\/et\/wp-json\/wp\/v2\/pages\/5257"}],"wp:featuredmedia":[{"embeddable":true,"href":"https:\/\/www.promfest.ee\/et\/wp-json\/wp\/v2\/media\/6769"}],"wp:attachment":[{"href":"https:\/\/www.promfest.ee\/et\/wp-json\/wp\/v2\/media?parent=4950"}],"curies":[{"name":"wp","href":"https:\/\/api.w.org\/{rel}","templated":true}]}}