{"id":4854,"date":"2023-08-21T22:22:21","date_gmt":"2023-08-21T19:22:21","guid":{"rendered":"https:\/\/www.promfest.ee\/?page_id=4854"},"modified":"2025-08-31T22:16:44","modified_gmt":"2025-08-31T19:16:44","slug":"yuhui-liang","status":"publish","type":"page","link":"https:\/\/www.promfest.ee\/et\/competition\/results\/yuhui-liang\/","title":{"rendered":"Yuhui Liang"},"content":{"rendered":"<h3 class=\"wp-block-heading has-text-align-left\">Yuhui Liang<\/h3>\n\n\n\n<h4 class=\"wp-block-heading\">Baritone \/ 2.04.1995<\/h4>\n\n\n\n<h4 class=\"wp-block-heading\">Hiina \/ China<br><br><\/h4>\n\n\n\n<div class=\"wp-block-media-text is-stacked-on-mobile is-vertically-aligned-top\" style=\"grid-template-columns:35% auto\"><figure class=\"wp-block-media-text__media\"><img loading=\"lazy\" decoding=\"async\" width=\"960\" height=\"960\" src=\"https:\/\/www.promfest.ee\/wp-content\/uploads\/2025\/08\/Yuhui-Liang.jpeg\" alt=\"\" class=\"wp-image-6711 size-full\" srcset=\"https:\/\/www.promfest.ee\/wp-content\/uploads\/2025\/08\/Yuhui-Liang.jpeg 960w, https:\/\/www.promfest.ee\/wp-content\/uploads\/2025\/08\/Yuhui-Liang-300x300.jpeg 300w, https:\/\/www.promfest.ee\/wp-content\/uploads\/2025\/08\/Yuhui-Liang-150x150.jpeg 150w, https:\/\/www.promfest.ee\/wp-content\/uploads\/2025\/08\/Yuhui-Liang-768x768.jpeg 768w, https:\/\/www.promfest.ee\/wp-content\/uploads\/2025\/08\/Yuhui-Liang-12x12.jpeg 12w\" sizes=\"auto, (max-width: 960px) 100vw, 960px\" \/><\/figure><div class=\"wp-block-media-text__content\">\n<h3 class=\"wp-block-heading\"><strong>KAVA \/ PROGRAM<\/strong><br><br><\/h3>\n\n\n\n<p>II VOOR \/ 2ND ROUND<\/p>\n\n\n\n<p>1. Offenbach &#8211; Les Contes d&#8217;Hoffmann &#8211; Dapertutto &#8211; Scintille diamant<br>2. Vivaldi &#8211; Tito Manlio &#8211; Tito &#8211; Se il cor guerriero<\/p>\n\n\n\n<p><br><\/p>\n\n\n\n<p>III VOOR \/ 3RD ROUND<\/p>\n\n\n\n<p>1. Schubert &#8211; Ave Maria<br>2. Schumann &#8211; Waldesgespr\u00e4ch<br>3. Schubert &#8211; Der Atlas<\/p>\n\n\n\n<p><br><\/p>\n\n\n\n<p>IV VOOR \/ 4TH ROUND<\/p>\n\n\n\n<p>1. Mozart &#8211; Le nozze di Figaro &#8211; Il Conte d&#8217;Almaviva &#8211; Hai gi\u00e0 vinta la causa<br>2. Bernstein &#8211; Trouble in Tahiti &#8211; Sam &#8211; There\u2019s a Law<\/p>\n\n\n\n<p><br><\/p>\n\n\n\n<p>FINAAL \/ FINAL ROUND<\/p>\n\n\n\n<p>1. Leoncavallo &#8211; I Pagliacci &#8211; Tonio &#8211; Si puo?<br>\u2014\u2014\u2014\u2014\u2014\u2014\u2014\u2014\u2014\u2014\u2014\u2014<br>2. Borodin &#8211; Prince Igor &#8211; Prince Igor &#8211; Ni sna ni otdyha<br>3. Giordano &#8211; Andrea Chenier &#8211; G\u00e9rard &#8211; Nemico della patria<br>4. Puccini &#8211; Il Tabarro &#8211; Michele &#8211; Nulla! Silenzio!<\/p>\n<\/div><\/div>\n\n\n\n<section id=\"section-92ea8206-4a32-4536-8b87-a8768457f1bb\" class=\"wp-block-gutentor-divider section-92ea8206-4a32-4536-8b87-a8768457f1bb gutentor-element gutentor-section gutentor-divider text-center\"><div class=\"grid-container\"><div class=\"gutentor-divider-box\"><span><svg xmlns=\"http:\/\/www.w3.org\/2000\/svg\" viewbox=\"0 0 240 40\" preserveaspectratio=\"none\"><path d=\"M56.2 20c5.3-.1 10.6-.2 16-.3l16-.2c10.6-.1 21.3-.1 31.9-.2 10.6.1 21.3 0 31.9.1l16 .2c5.3.1 10.6.2 16 .3-5.3.1-10.6.2-16 .3l-16 .2c-10.6.1-21.3.1-31.9.1-10.6-.1-21.3 0-31.9-.2l-16-.2c-5.4.1-10.7 0-16-.1z\"><\/path><\/svg><\/span><\/div><\/div><\/section>\n\n\n\n<p><strong>Haridus \/ Education<\/strong><\/p>\n\n\n\n<p>* Capital Normal University, with Dawei Su, 2013-2017<br>* Hanns Eisler Berlin University of Music, with Ralf Lukas, 2020-2023<br>* Mannheim University of Music and Performing Arts, with Sne\u017eana Stamenkovi\u0107, 2023 &#8211; present<\/p>\n\n\n\n<p><strong>T\u00e4iend\u00f5pe, konkursid \/ Further studies, competitions<\/strong><\/p>\n\n\n\n<p>* City of Alcamo and La Monica\u2013Scalisi Family scholarships &#8211; Citt\u00e0 di Alcamo Lyric Singing Competition 2025<br>* Materclass with Sne\u017eana Stamenkovi\u0107 2025<br>* First Prize &#8211; International Open Competition for Young Opera Singers, Beijing 2016<br>* First Prize &#8211; Beijing Division of the International Vocal Competition Hong Kong 2016<\/p>\n\n\n\n<p><strong>Erialased kogemused \/ Professional experience<\/strong><\/p>\n\n\n\n<p>* Sprecher, Lo zio Bonzo, Yamadori, Flemish Deputies &#8211; Opernstudio Pfalztheater Kaiserslautern 2023-2025<br>* Soloist in Beethoven&#8217;s Ninth Symphony &#8211; Tonhalle Z\u00fcrich 2024<br>* Masetto (Don Giovanni) &#8211; the Konzerthaus Berlin 2021<\/p>\n\n\n\n<p><strong>Tulevikuplaanid \/ Future plans<\/strong><\/p>\n\n\n\n<p>* Edler (Lohengrin) &#8211; Nationaltheater Mannheim 2025<br><strong>Dream Roles:<\/strong> Germont (La traviata), Rigoletto (Rigoletto), Rodrigo (Don Carlo)<\/p>","protected":false},"excerpt":{"rendered":"<p>bariton \/ Hiina<\/p>","protected":false},"author":2,"featured_media":6711,"parent":5257,"menu_order":35,"comment_status":"closed","ping_status":"closed","template":"","meta":{"footnotes":""},"class_list":["post-4854","page","type-page","status-publish","has-post-thumbnail","hentry"],"_links":{"self":[{"href":"https:\/\/www.promfest.ee\/et\/wp-json\/wp\/v2\/pages\/4854","targetHints":{"allow":["GET"]}}],"collection":[{"href":"https:\/\/www.promfest.ee\/et\/wp-json\/wp\/v2\/pages"}],"about":[{"href":"https:\/\/www.promfest.ee\/et\/wp-json\/wp\/v2\/types\/page"}],"author":[{"embeddable":true,"href":"https:\/\/www.promfest.ee\/et\/wp-json\/wp\/v2\/users\/2"}],"replies":[{"embeddable":true,"href":"https:\/\/www.promfest.ee\/et\/wp-json\/wp\/v2\/comments?post=4854"}],"version-history":[{"count":14,"href":"https:\/\/www.promfest.ee\/et\/wp-json\/wp\/v2\/pages\/4854\/revisions"}],"predecessor-version":[{"id":6966,"href":"https:\/\/www.promfest.ee\/et\/wp-json\/wp\/v2\/pages\/4854\/revisions\/6966"}],"up":[{"embeddable":true,"href":"https:\/\/www.promfest.ee\/et\/wp-json\/wp\/v2\/pages\/5257"}],"wp:featuredmedia":[{"embeddable":true,"href":"https:\/\/www.promfest.ee\/et\/wp-json\/wp\/v2\/media\/6711"}],"wp:attachment":[{"href":"https:\/\/www.promfest.ee\/et\/wp-json\/wp\/v2\/media?parent=4854"}],"curies":[{"name":"wp","href":"https:\/\/api.w.org\/{rel}","templated":true}]}}