{"id":4847,"date":"2023-08-21T22:17:26","date_gmt":"2023-08-21T19:17:26","guid":{"rendered":"https:\/\/www.promfest.ee\/?page_id=4847"},"modified":"2025-06-25T02:33:43","modified_gmt":"2025-06-24T23:33:43","slug":"tomi-punkeri","status":"publish","type":"page","link":"https:\/\/www.promfest.ee\/et\/tomi-punkeri\/","title":{"rendered":"Tomi Punkeri"},"content":{"rendered":"<h3 class=\"wp-block-heading has-text-align-left\">Tomi Punkeri<\/h3>\n\n\n\n<h4 class=\"wp-block-heading\">Baritone \/ 16.02.1991<\/h4>\n\n\n\n<h4 class=\"wp-block-heading\">Soome \/ Finland<br><br><\/h4>\n\n\n\n<div class=\"wp-block-media-text is-stacked-on-mobile is-vertically-aligned-top\" style=\"grid-template-columns:34% auto\"><figure class=\"wp-block-media-text__media\"><img loading=\"lazy\" decoding=\"async\" width=\"1024\" height=\"1024\" src=\"https:\/\/www.promfest.ee\/wp-content\/uploads\/2023\/08\/Tomi-Punkeri-1024x1024.jpg\" alt=\"\" class=\"wp-image-4852 size-full\" srcset=\"https:\/\/www.promfest.ee\/wp-content\/uploads\/2023\/08\/Tomi-Punkeri-1024x1024.jpg 1024w, https:\/\/www.promfest.ee\/wp-content\/uploads\/2023\/08\/Tomi-Punkeri-300x300.jpg 300w, https:\/\/www.promfest.ee\/wp-content\/uploads\/2023\/08\/Tomi-Punkeri-150x150.jpg 150w, https:\/\/www.promfest.ee\/wp-content\/uploads\/2023\/08\/Tomi-Punkeri-768x768.jpg 768w, https:\/\/www.promfest.ee\/wp-content\/uploads\/2023\/08\/Tomi-Punkeri-1536x1536.jpg 1536w, https:\/\/www.promfest.ee\/wp-content\/uploads\/2023\/08\/Tomi-Punkeri-2048x2048.jpg 2048w, https:\/\/www.promfest.ee\/wp-content\/uploads\/2023\/08\/Tomi-Punkeri-12x12.jpg 12w\" sizes=\"auto, (max-width: 1024px) 100vw, 1024px\" \/><\/figure><div class=\"wp-block-media-text__content\">\n<h3 class=\"wp-block-heading\"><strong>KAVA \/ PROGRAM<\/strong><br><br><\/h3>\n\n\n\n<p><strong><a href=\"https:\/\/www.youtube.com\/watch?v=qahO_SyADuA&amp;ab_channel=PromFest\" data-type=\"link\" data-id=\"https:\/\/www.youtube.com\/watch?v=qahO_SyADuA&amp;ab_channel=PromFest\">II VOOR \/ 2ND ROUND<\/a><\/strong><\/p>\n\n\n\n<p>1. Bach &#8211; Christmas Oratorio &#8211; Gro\u00dfer Herr, o starker K\u00f6nig<br>2. Donizetti &#8211; L&#8217;elisir d&#8217;amore &#8211; Belcore &#8211; Come Paride vezzoso<\/p>\n\n\n\n<p><br><\/p>\n\n\n\n<p><strong><a href=\"https:\/\/www.youtube.com\/watch?v=GFlaJPG0FQw&amp;ab_channel=PromFest\" data-type=\"link\" data-id=\"https:\/\/www.youtube.com\/watch?v=GFlaJPG0FQw&amp;ab_channel=PromFest\">III VOOR \/ 3RD ROUND<\/a><\/strong><\/p>\n\n\n\n<p>1. Schubert &#8211; Ave Maria<br>2. Rautavaara &#8211; Syd\u00e4meni laulu (The song of my heart)<\/p>\n\n\n\n<p><br><\/p>\n\n\n\n<p><strong><a href=\"https:\/\/www.youtube.com\/watch?v=x1PqUHlevwc&amp;ab_channel=PromFest\" data-type=\"link\" data-id=\"https:\/\/www.youtube.com\/watch?v=x1PqUHlevwc&amp;ab_channel=PromFest\">IV VOOR \/ 4TH ROUND<\/a><\/strong><\/p>\n\n\n\n<p>1. Mozart &#8211; Le nozze di Figaro &#8211; Almaviva &#8211; Hai gi\u00e0 vinta la causa<br>2. Britten &#8211; Billy Budd &#8211; Billy Budd &#8211; Look! Through the port comes the moonshine astray!<\/p>\n\n\n\n<p><br><\/p>\n\n\n\n<p><strong><a href=\"https:\/\/www.youtube.com\/watch?v=ehP0vB8Qphw&amp;ab_channel=PromFest\" data-type=\"link\" data-id=\"https:\/\/www.youtube.com\/watch?v=ehP0vB8Qphw&amp;ab_channel=PromFest\">FINAAL \/ FINAL ROUND<\/a><\/strong><\/p>\n\n\n\n<p>1. Tchaikovsky &#8211; Eugene Onegin &#8211; Eugene Onegin &#8211; Vy mne pisali<br>\u2014\u2014\u2014\u2014\u2014\u2014\u2014\u2014\u2014\u2014\u2014\u2014<br>2. Rossini &#8211; La Cenerentola &#8211; Dandini &#8211; Come un&#8217;ape ne&#8217;giorni d&#8217;aprile<br>3. Donizetti &#8211; Don Pasquale &#8211; Malatesta &#8211; Bella siccome un angelo<br>4. Wagner &#8211; Tannh\u00e4user &#8211; Wolfram &#8211; O du mein holder Abendstern<\/p>\n<\/div><\/div>\n\n\n\n<section id=\"section-1e213993-0bd1-445c-9826-9f52088949e9\" class=\"wp-block-gutentor-divider section-1e213993-0bd1-445c-9826-9f52088949e9 gutentor-element gutentor-section gutentor-divider text-center\"><div class=\"grid-container\"><div class=\"gutentor-divider-box\"><span><svg xmlns=\"http:\/\/www.w3.org\/2000\/svg\" viewbox=\"0 0 240 40\" preserveaspectratio=\"none\"><path d=\"M56.2 20c5.3-.1 10.6-.2 16-.3l16-.2c10.6-.1 21.3-.1 31.9-.2 10.6.1 21.3 0 31.9.1l16 .2c5.3.1 10.6.2 16 .3-5.3.1-10.6.2-16 .3l-16 .2c-10.6.1-21.3.1-31.9.1-10.6-.1-21.3 0-31.9-.2l-16-.2c-5.4.1-10.7 0-16-.1z\"><\/path><\/svg><\/span><\/div><\/div><\/section>\n\n\n\n<p><strong>Haridus \/ Education<\/strong><\/p>\n\n\n\n<p>* Young Artist Programme, Royal Danish Opera (Anne Margrethe Dahl, Jens S\u00f8ndergaard) 2020-22<br>* Royal Danish Opera Academy (Jens S\u00f8ndergaard) 2018-20<br>* Oulu University of Applied Sciences (Markku Liukkonen) 2011-18<\/p>\n\n\n\n<p><strong>T\u00e4iend\u00f5pe, konkursid \/ Further studies, competitions<\/strong><\/p>\n\n\n\n<p>* Semifinalist, The international Hans Gabor Belvedere Singing Competition 2022<br>* Semifinalist, Wigmore Hall\/Independent Opera International Song Competition 2019<br>* Semifinalist, Concours musical international de Montr\u00e9al \u2013 The Voice, Art song 2018<br>* Finalist, Special Prize, Lappeenranta National singing competition 2016<\/p>\n\n\n\n<p><strong>Erialased kogemused \/ Professional experience<\/strong><\/p>\n\n\n\n<p>* Roles in The Royal Danish Opera 2021-2023: Ned Keene, (Peter Grimes), Dandini (Cenerentola), Masetto (Don Giovanni), Schaunard (La Boh\u00e8me)<\/p>\n\n\n\n<p><strong>Tulevikuplaanid \/ Future plans<\/strong><\/p>\n\n\n\n<p>* Papageno (Die Zauberfl\u00f6te), Shaklovity (Khovanshchina)<br>* Schubert: Die Sch\u00f6ne M\u00fcllerin<br>* Christmas concert, Finnish Radio Symphony Orchestra<br>* Dream roles: Don Giovanni, Eugene Onegin, Valentin<\/p>","protected":false},"excerpt":{"rendered":"<p>bariton \/ Soome<\/p>\n<p>Finalist \/ Parim Ave Maria<\/p>","protected":false},"author":2,"featured_media":5348,"parent":0,"menu_order":94,"comment_status":"closed","ping_status":"closed","template":"","meta":{"footnotes":""},"class_list":["post-4847","page","type-page","status-publish","has-post-thumbnail","hentry"],"_links":{"self":[{"href":"https:\/\/www.promfest.ee\/et\/wp-json\/wp\/v2\/pages\/4847","targetHints":{"allow":["GET"]}}],"collection":[{"href":"https:\/\/www.promfest.ee\/et\/wp-json\/wp\/v2\/pages"}],"about":[{"href":"https:\/\/www.promfest.ee\/et\/wp-json\/wp\/v2\/types\/page"}],"author":[{"embeddable":true,"href":"https:\/\/www.promfest.ee\/et\/wp-json\/wp\/v2\/users\/2"}],"replies":[{"embeddable":true,"href":"https:\/\/www.promfest.ee\/et\/wp-json\/wp\/v2\/comments?post=4847"}],"version-history":[{"count":17,"href":"https:\/\/www.promfest.ee\/et\/wp-json\/wp\/v2\/pages\/4847\/revisions"}],"predecessor-version":[{"id":6003,"href":"https:\/\/www.promfest.ee\/et\/wp-json\/wp\/v2\/pages\/4847\/revisions\/6003"}],"wp:featuredmedia":[{"embeddable":true,"href":"https:\/\/www.promfest.ee\/et\/wp-json\/wp\/v2\/media\/5348"}],"wp:attachment":[{"href":"https:\/\/www.promfest.ee\/et\/wp-json\/wp\/v2\/media?parent=4847"}],"curies":[{"name":"wp","href":"https:\/\/api.w.org\/{rel}","templated":true}]}}