{"id":4806,"date":"2023-08-21T15:27:38","date_gmt":"2023-08-21T12:27:38","guid":{"rendered":"https:\/\/www.promfest.ee\/?page_id=4806"},"modified":"2025-08-12T18:55:18","modified_gmt":"2025-08-12T15:55:18","slug":"gabriele-kuzmickaite","status":"publish","type":"page","link":"https:\/\/www.promfest.ee\/et\/competition\/results\/gabriele-kuzmickaite\/","title":{"rendered":"Gabriel\u0117 Kuzmickait\u0117"},"content":{"rendered":"<h3 class=\"wp-block-heading has-text-align-left\">Gabriel\u0117 Kuzmickait\u0117<\/h3>\n\n\n\n<h4 class=\"wp-block-heading\">Mezzo-soprano \/ 26.12.1995<\/h4>\n\n\n\n<h4 class=\"wp-block-heading\">Leedu \/ Lithuania<br><br><\/h4>\n\n\n\n<div class=\"wp-block-media-text is-stacked-on-mobile is-vertically-aligned-top\" style=\"grid-template-columns:35% auto\"><figure class=\"wp-block-media-text__media\"><img loading=\"lazy\" decoding=\"async\" width=\"900\" height=\"900\" src=\"https:\/\/www.promfest.ee\/wp-content\/uploads\/2025\/08\/Gabriele-Kuzmickaite.jpg\" alt=\"\" class=\"wp-image-6686 size-full\" srcset=\"https:\/\/www.promfest.ee\/wp-content\/uploads\/2025\/08\/Gabriele-Kuzmickaite.jpg 900w, https:\/\/www.promfest.ee\/wp-content\/uploads\/2025\/08\/Gabriele-Kuzmickaite-300x300.jpg 300w, https:\/\/www.promfest.ee\/wp-content\/uploads\/2025\/08\/Gabriele-Kuzmickaite-150x150.jpg 150w, https:\/\/www.promfest.ee\/wp-content\/uploads\/2025\/08\/Gabriele-Kuzmickaite-768x768.jpg 768w, https:\/\/www.promfest.ee\/wp-content\/uploads\/2025\/08\/Gabriele-Kuzmickaite-12x12.jpg 12w\" sizes=\"auto, (max-width: 900px) 100vw, 900px\" \/><\/figure><div class=\"wp-block-media-text__content\">\n<h3 class=\"wp-block-heading\"><strong>KAVA \/ PROGRAM<\/strong><br><br><\/h3>\n\n\n\n<p>II VOOR \/ 2ND ROUND<\/p>\n\n\n\n<p>1. Haydn &#8211; La vera constanza &#8211; Rosina &#8211; Misera chi m&#8217;ajuta .. Dove fuggo<br>2. Massenet &#8211; Werther &#8211; Charlotte &#8211; Va! Laisse couler mes larmes<\/p>\n\n\n\n<p><br><\/p>\n\n\n\n<p>III VOOR \/ 3RD ROUND<\/p>\n\n\n\n<p>1. Schubert &#8211; Ave Maria<br>2. Britten &#8211; Cabaret songs &#8211; Johnny<\/p>\n\n\n\n<p><br><\/p>\n\n\n\n<p>IV VOOR \/ 4TH ROUND<\/p>\n\n\n\n<p>1. Menotti &#8211; The Saint of Bleeker Street &#8211; Desideria &#8211; Ah! Michele, Don&#8217;t You Know<br>2. Bellini &#8211; I Capuleti e i Montecchi &#8211; Romeo &#8211; Ascolta! Se Romeo .. La tremenda<\/p>\n\n\n\n<p><br><\/p>\n\n\n\n<p>FINAAL \/ FINAL ROUND<\/p>\n\n\n\n<p>1. Mascagni &#8211; Cavalleria Rusticana &#8211; Santuzza &#8211; Voi lo sapete, o mamma<br>\u2014\u2014\u2014\u2014\u2014\u2014\u2014\u2014\u2014\u2014\u2014\u2014<br>2. Cilea &#8211; Adriana Lecouvreur &#8211; de Bouillon &#8211; Acerba volutta .. O vagabonda<br>3. Verdi &#8211; Don Carlo &#8211; Eboli &#8211; O don fatale<br>4. Bizet &#8211; Carmen &#8211; Carmen &#8211; Voyons, Que j&#8217;essaie &#8211; En vain pour \u00e9viter<\/p>\n<\/div><\/div>\n\n\n\n<section id=\"section-226b24b9-5348-417e-a156-a8175b932ba7\" class=\"wp-block-gutentor-divider section-226b24b9-5348-417e-a156-a8175b932ba7 gutentor-element gutentor-section gutentor-divider text-center\"><div class=\"grid-container\"><div class=\"gutentor-divider-box\"><span><svg xmlns=\"http:\/\/www.w3.org\/2000\/svg\" viewbox=\"0 0 240 40\" preserveaspectratio=\"none\"><path d=\"M56.2 20c5.3-.1 10.6-.2 16-.3l16-.2c10.6-.1 21.3-.1 31.9-.2 10.6.1 21.3 0 31.9.1l16 .2c5.3.1 10.6.2 16 .3-5.3.1-10.6.2-16 .3l-16 .2c-10.6.1-21.3.1-31.9.1-10.6-.1-21.3 0-31.9-.2l-16-.2c-5.4.1-10.7 0-16-.1z\"><\/path><\/svg><\/span><\/div><\/div><\/section>\n\n\n\n<p><strong>Haridus \/ Education<\/strong><\/p>\n\n\n\n<p>* Vytautas Magnus University Music Academy, BMus in performance art (2014-2018) and MMus in performance art (2018-2020) with Sabina Martinaityt\u0117 and Audron\u0117 Eitmanavi\u010di\u016bt\u0117<\/p>\n\n\n\n<p><strong>T\u00e4iend\u00f5pe, konkursid \/ Further studies, competitions<\/strong><\/p>\n\n\n\n<p>* Masterclass with John Fisher, Kaunas 2023<br>* Masterclass with Barbro Marklund, Klaip\u0117da 2021<\/p>\n\n\n\n<p><strong>Erialased kogemused \/ Professional experience<\/strong><\/p>\n\n\n\n<p>* Hanna Glawary (The Merry Widow) Kaunas State Musical Theatre 2025<br>* Carmen (Carmen) &#8211; Chicago Lithuanian Opera 2022<br>* Fenena (Nabucco) &#8211; Kaunas State Musical Theatre 2022<\/p>\n\n\n\n<p><strong>Tulevikuplaanid \/ Future plans<\/strong><\/p>\n\n\n\n<p>* Nancy (Martha by Flotow) &#8211; Chicago Lithuanian Opera 2026<br>* Cherubino (The Marriage of Figaro) &#8211; Kaunas State Musical Theatre 2026<br><strong>Dream Role:<\/strong> Santuzza (Cavalleria rusticana)<\/p>","protected":false},"excerpt":{"rendered":"<p>metsosopran \/ Leedu<\/p>","protected":false},"author":2,"featured_media":6686,"parent":5257,"menu_order":31,"comment_status":"closed","ping_status":"closed","template":"","meta":{"footnotes":""},"class_list":["post-4806","page","type-page","status-publish","has-post-thumbnail","hentry"],"_links":{"self":[{"href":"https:\/\/www.promfest.ee\/et\/wp-json\/wp\/v2\/pages\/4806","targetHints":{"allow":["GET"]}}],"collection":[{"href":"https:\/\/www.promfest.ee\/et\/wp-json\/wp\/v2\/pages"}],"about":[{"href":"https:\/\/www.promfest.ee\/et\/wp-json\/wp\/v2\/types\/page"}],"author":[{"embeddable":true,"href":"https:\/\/www.promfest.ee\/et\/wp-json\/wp\/v2\/users\/2"}],"replies":[{"embeddable":true,"href":"https:\/\/www.promfest.ee\/et\/wp-json\/wp\/v2\/comments?post=4806"}],"version-history":[{"count":14,"href":"https:\/\/www.promfest.ee\/et\/wp-json\/wp\/v2\/pages\/4806\/revisions"}],"predecessor-version":[{"id":6687,"href":"https:\/\/www.promfest.ee\/et\/wp-json\/wp\/v2\/pages\/4806\/revisions\/6687"}],"up":[{"embeddable":true,"href":"https:\/\/www.promfest.ee\/et\/wp-json\/wp\/v2\/pages\/5257"}],"wp:featuredmedia":[{"embeddable":true,"href":"https:\/\/www.promfest.ee\/et\/wp-json\/wp\/v2\/media\/6686"}],"wp:attachment":[{"href":"https:\/\/www.promfest.ee\/et\/wp-json\/wp\/v2\/media?parent=4806"}],"curies":[{"name":"wp","href":"https:\/\/api.w.org\/{rel}","templated":true}]}}