{"id":4761,"date":"2023-08-21T02:00:55","date_gmt":"2023-08-20T23:00:55","guid":{"rendered":"https:\/\/www.promfest.ee\/?page_id=4761"},"modified":"2025-08-12T02:14:09","modified_gmt":"2025-08-11T23:14:09","slug":"junoh-lee","status":"publish","type":"page","link":"https:\/\/www.promfest.ee\/et\/junoh-lee\/","title":{"rendered":"Junoh Lee"},"content":{"rendered":"<h3 class=\"wp-block-heading has-text-align-left\">Junoh Lee<\/h3>\n\n\n\n<h4 class=\"wp-block-heading\">Bass-baritone \/ 15.09.1994<\/h4>\n\n\n\n<h4 class=\"wp-block-heading\">L\u00f5una-Korea \/ South Korea<br><br><\/h4>\n\n\n\n<div class=\"wp-block-media-text is-stacked-on-mobile is-vertically-aligned-top\" style=\"grid-template-columns:34% auto\"><figure class=\"wp-block-media-text__media\"><img loading=\"lazy\" decoding=\"async\" width=\"1024\" height=\"1024\" src=\"https:\/\/www.promfest.ee\/wp-content\/uploads\/2023\/08\/Junoh-Lee-1024x1024.jpeg\" alt=\"\" class=\"wp-image-4767 size-full\" srcset=\"https:\/\/www.promfest.ee\/wp-content\/uploads\/2023\/08\/Junoh-Lee-1024x1024.jpeg 1024w, https:\/\/www.promfest.ee\/wp-content\/uploads\/2023\/08\/Junoh-Lee-300x300.jpeg 300w, https:\/\/www.promfest.ee\/wp-content\/uploads\/2023\/08\/Junoh-Lee-150x150.jpeg 150w, https:\/\/www.promfest.ee\/wp-content\/uploads\/2023\/08\/Junoh-Lee-768x768.jpeg 768w, https:\/\/www.promfest.ee\/wp-content\/uploads\/2023\/08\/Junoh-Lee-12x12.jpeg 12w, https:\/\/www.promfest.ee\/wp-content\/uploads\/2023\/08\/Junoh-Lee.jpeg 1390w\" sizes=\"auto, (max-width: 1024px) 100vw, 1024px\" \/><\/figure><div class=\"wp-block-media-text__content\">\n<h3 class=\"wp-block-heading\"><strong>KAVA \/ PROGRAM<\/strong><br><br><\/h3>\n\n\n\n<p><strong><a href=\"https:\/\/www.youtube.com\/watch?v=qahO_SyADuA&amp;ab_channel=PromFest\" data-type=\"link\" data-id=\"https:\/\/www.youtube.com\/watch?v=qahO_SyADuA&amp;ab_channel=PromFest\">II VOOR \/ 2ND ROUND<\/a><\/strong><\/p>\n\n\n\n<p>1. Mozart &#8211; Don Giovanni &#8211; Leporello &#8211; Madamina<br>2. Bizet &#8211; La jolie fille de Perth &#8211; Ralph &#8211; Quand la flamme de l\u00b4amour<\/p>\n\n\n\n<p><br><\/p>\n\n\n\n<p><strong><a href=\"https:\/\/www.youtube.com\/watch?v=GFlaJPG0FQw&amp;ab_channel=PromFest\" data-type=\"link\" data-id=\"https:\/\/www.youtube.com\/watch?v=GFlaJPG0FQw&amp;ab_channel=PromFest\">III VOOR \/ 3RD ROUND<\/a><\/strong><\/p>\n\n\n\n<p>1. Schubert &#8211; Ave Maria<br>2. Loewe -Drei Balladen &#8211; Herr Oluf<\/p>\n\n\n\n<p><br><\/p>\n\n\n\n<p><strong><a href=\"https:\/\/www.youtube.com\/watch?v=x1PqUHlevwc&amp;ab_channel=PromFest\" data-type=\"link\" data-id=\"https:\/\/www.youtube.com\/watch?v=x1PqUHlevwc&amp;ab_channel=PromFest\">IV VOOR \/ 4TH ROUND<\/a><\/strong><\/p>\n\n\n\n<p>1. Mozart &#8211; Le nozze di Figaro &#8211; Figaro &#8211; Aprite un po\u2019quegli occhi<br>2. Gershwin &#8211; Porgy and Bess &#8211; Porgy &#8211; Oh Bess, Oh, Where&#8217;s My Bess<\/p>\n\n\n\n<p><br><\/p>\n\n\n\n<p><strong><a href=\"https:\/\/www.youtube.com\/watch?v=HUkxv8XrN-8&amp;ab_channel=PromFest\" data-type=\"link\" data-id=\"https:\/\/www.youtube.com\/watch?v=HUkxv8XrN-8&amp;ab_channel=PromFest\">FINAAL \/ FINAL ROUND<\/a><\/strong><\/p>\n\n\n\n<p>1. Gounod &#8211; Faust &#8211; M\u00e8phistoph\u00e9l\u00e8s &#8211; Vous, qui faites l&#8217;endormie<br>\u2014\u2014\u2014\u2014\u2014\u2014\u2014\u2014\u2014\u2014\u2014\u2014<br>2. Mozart &#8211; Le Nozze di Figaro &#8211; Figaro &#8211; Se vuol ballare<br>3. Rakhmaninov &#8211; Aleko &#8211; Aleko &#8211; Ves&#8217; tabor spit<br>4. Wagner &#8211; Der Fliegende Holl\u00e4nder &#8211; Daland &#8211; M\u00f6gst du mein Kind<\/p>\n<\/div><\/div>\n\n\n\n<section id=\"section-7f2423b2-37aa-4a10-9124-87097d0a530a\" class=\"wp-block-gutentor-divider section-7f2423b2-37aa-4a10-9124-87097d0a530a gutentor-element gutentor-section gutentor-divider text-center\"><div class=\"grid-container\"><div class=\"gutentor-divider-box\"><span><svg xmlns=\"http:\/\/www.w3.org\/2000\/svg\" viewbox=\"0 0 240 40\" preserveaspectratio=\"none\"><path d=\"M56.2 20c5.3-.1 10.6-.2 16-.3l16-.2c10.6-.1 21.3-.1 31.9-.2 10.6.1 21.3 0 31.9.1l16 .2c5.3.1 10.6.2 16 .3-5.3.1-10.6.2-16 .3l-16 .2c-10.6.1-21.3.1-31.9.1-10.6-.1-21.3 0-31.9-.2l-16-.2c-5.4.1-10.7 0-16-.1z\"><\/path><\/svg><\/span><\/div><\/div><\/section>\n\n\n\n<p><strong>Haridus \/ Education<\/strong><\/p>\n\n\n\n<p>* Hochschule f\u00fcr Musik und Darstellende Kunst Stuttgart 2020-24<br>* Busan National University BA 2013-19<\/p>\n\n\n\n<p><strong>T\u00e4iend\u00f5pe, konkursid \/ Further studies, competitions<\/strong><\/p>\n\n\n\n<p>* Semi-finalist, Queen Elisabeth Competition 2023<br>* Semi-finalist, Paris Opera Competition 2023<br>* Finalist, Concorso Lirico Salice d\u2019Oro 2022<\/p>\n\n\n\n<p><strong>Erialased kogemused \/ Professional experience<\/strong><\/p>\n\n\n\n<p>* Soloist, Requiem by Faur\u00e9, Stuttgart Ballet 2023<br>* Figaro, Le nozze di Figaro, Theater Heilbronn 2023<br>* Tom, Un ballo in Maschera, Stadttheater Klagenfurt 2022<br>* Terzo Pastore, L&#8217;Orfeo by Monteverdi, Staatsoper Stuttgart 2022<\/p>\n\n\n\n<p><strong>Tulevikuplaanid \/ Future plans<\/strong><\/p>\n\n\n\n<p>* Frank, Die Fledermaus, Stuttgart Wilhelma Theater 2024<br>* Soloist, Requiem by Faur\u00e9, Stuttgart Ballet 2023&nbsp;<\/p>","protected":false},"excerpt":{"rendered":"<p>bass-bariton \/<br \/>\nL\u00f5una-Korea<\/p>\n<p>Finalist<\/p>","protected":false},"author":2,"featured_media":5338,"parent":0,"menu_order":89,"comment_status":"closed","ping_status":"closed","template":"","meta":{"footnotes":""},"class_list":["post-4761","page","type-page","status-publish","has-post-thumbnail","hentry"],"_links":{"self":[{"href":"https:\/\/www.promfest.ee\/et\/wp-json\/wp\/v2\/pages\/4761","targetHints":{"allow":["GET"]}}],"collection":[{"href":"https:\/\/www.promfest.ee\/et\/wp-json\/wp\/v2\/pages"}],"about":[{"href":"https:\/\/www.promfest.ee\/et\/wp-json\/wp\/v2\/types\/page"}],"author":[{"embeddable":true,"href":"https:\/\/www.promfest.ee\/et\/wp-json\/wp\/v2\/users\/2"}],"replies":[{"embeddable":true,"href":"https:\/\/www.promfest.ee\/et\/wp-json\/wp\/v2\/comments?post=4761"}],"version-history":[{"count":16,"href":"https:\/\/www.promfest.ee\/et\/wp-json\/wp\/v2\/pages\/4761\/revisions"}],"predecessor-version":[{"id":6636,"href":"https:\/\/www.promfest.ee\/et\/wp-json\/wp\/v2\/pages\/4761\/revisions\/6636"}],"wp:featuredmedia":[{"embeddable":true,"href":"https:\/\/www.promfest.ee\/et\/wp-json\/wp\/v2\/media\/5338"}],"wp:attachment":[{"href":"https:\/\/www.promfest.ee\/et\/wp-json\/wp\/v2\/media?parent=4761"}],"curies":[{"name":"wp","href":"https:\/\/api.w.org\/{rel}","templated":true}]}}