{"id":4728,"date":"2023-08-21T01:36:06","date_gmt":"2023-08-20T22:36:06","guid":{"rendered":"https:\/\/www.promfest.ee\/?page_id=4728"},"modified":"2025-09-16T00:59:58","modified_gmt":"2025-09-15T21:59:58","slug":"jiatian-jiang","status":"publish","type":"page","link":"https:\/\/www.promfest.ee\/et\/competition\/results\/jiatian-jiang\/","title":{"rendered":"Jiatian Jiang"},"content":{"rendered":"<h3 class=\"wp-block-heading has-text-align-left\">Jiatian Jiang<\/h3>\n\n\n\n<h4 class=\"wp-block-heading\">Soprano \/ 14.03.2004<\/h4>\n\n\n\n<h4 class=\"wp-block-heading\">Hiina \/ China<br><br><\/h4>\n\n\n\n<div class=\"wp-block-media-text is-stacked-on-mobile is-vertically-aligned-top\" style=\"grid-template-columns:35% auto\"><figure class=\"wp-block-media-text__media\"><img loading=\"lazy\" decoding=\"async\" width=\"938\" height=\"938\" src=\"https:\/\/www.promfest.ee\/wp-content\/uploads\/2025\/08\/Jiatian-Jiang.jpeg\" alt=\"\" class=\"wp-image-6660 size-full\" srcset=\"https:\/\/www.promfest.ee\/wp-content\/uploads\/2025\/08\/Jiatian-Jiang.jpeg 938w, https:\/\/www.promfest.ee\/wp-content\/uploads\/2025\/08\/Jiatian-Jiang-300x300.jpeg 300w, https:\/\/www.promfest.ee\/wp-content\/uploads\/2025\/08\/Jiatian-Jiang-150x150.jpeg 150w, https:\/\/www.promfest.ee\/wp-content\/uploads\/2025\/08\/Jiatian-Jiang-768x768.jpeg 768w, https:\/\/www.promfest.ee\/wp-content\/uploads\/2025\/08\/Jiatian-Jiang-12x12.jpeg 12w\" sizes=\"auto, (max-width: 938px) 100vw, 938px\" \/><\/figure><div class=\"wp-block-media-text__content\">\n<h3 class=\"wp-block-heading\"><strong>KAVA \/ PROGRAM<\/strong><br><br><\/h3>\n\n\n\n<p>II VOOR \/ 2ND ROUND<\/p>\n\n\n\n<p>1. Mozart &#8211; Idomeneo &#8211; Ilia &#8211; Padre, germani, addio!<br>2. J.Strauss &#8211; Die Fledermaus &#8211; Rosalinde &#8211; Kl\u00e4nge der Heimathkeit<\/p>\n\n\n\n<p><br><\/p>\n\n\n\n<p>III VOOR \/ 3RD ROUND<\/p>\n\n\n\n<p>1. Schubert &#8211; Ave Maria<br>2. Oja &#8211; Me olime nagu lapsed (We were like children)<\/p>\n\n\n\n<p><br><\/p>\n\n\n\n<p>IV VOOR \/ 4TH ROUND<\/p>\n\n\n\n<p>1. Mozart &#8211; Idomeneo &#8211; Elettra &#8211; Oh, smania! D\u2019Oreste, d\u2019Aiace<br>2. Poulenc &#8211; Les Mamelles de Tir\u00e9sias &#8211; Tir\u00e9sias &#8211; Non, Monsieur, mon mari! <\/p>\n\n\n\n<p><br><\/p>\n\n\n\n<p>FINAAL \/ FINAL ROUND<\/p>\n\n\n\n<p>1. Verdi &#8211; Il Trovatore &#8211; Leonora &#8211; Tacea la note<br>\u2014\u2014\u2014\u2014\u2014\u2014\u2014\u2014\u2014\u2014\u2014\u2014<br>2. Leh\u00e1r &#8211; Giuditta &#8211; Giuditta &#8211; Meine Lippen sie k\u00fcssen so hei\u00df<br>3. Gounod &#8211; Rom\u00e9o et Juliette &#8211; Juliette &#8211; Dieu! .. Amour ranime mon courage<br>4. Puccini &#8211; La Boh\u00e8me &#8211; Musetta &#8211; Quando men\u2019vo<\/p>\n<\/div><\/div>\n\n\n\n<section id=\"section-ea75c0c0-a9d4-490e-8a63-e51fe7b21192\" class=\"wp-block-gutentor-divider section-ea75c0c0-a9d4-490e-8a63-e51fe7b21192 gutentor-element gutentor-section gutentor-divider text-center\"><div class=\"grid-container\"><div class=\"gutentor-divider-box\"><span><svg xmlns=\"http:\/\/www.w3.org\/2000\/svg\" viewbox=\"0 0 240 40\" preserveaspectratio=\"none\"><path d=\"M56.2 20c5.3-.1 10.6-.2 16-.3l16-.2c10.6-.1 21.3-.1 31.9-.2 10.6.1 21.3 0 31.9.1l16 .2c5.3.1 10.6.2 16 .3-5.3.1-10.6.2-16 .3l-16 .2c-10.6.1-21.3.1-31.9.1-10.6-.1-21.3 0-31.9-.2l-16-.2c-5.4.1-10.7 0-16-.1z\"><\/path><\/svg><\/span><\/div><\/div><\/section>\n\n\n\n<p><strong>Haridus \/ Education<\/strong><\/p>\n\n\n\n<p>* China Central Conservatory of Music, with Yuanming Song<br>* Central Conservatory of Music Affiliated Middle School, with Yuanming Song<\/p>\n\n\n\n<p><strong>T\u00e4iend\u00f5pe, konkursid \/ Further studies, competitions<\/strong><\/p>\n\n\n\n<p>* First Place and the &#8220;Most Promising Young Singer&#8221; &#8211; The 1st Youth Vocal Alps Adriatic Graz Music Association International Vocal Competition 2024<br>* First Prize in youth category &#8211; VINCER\u00d2 World Singing Competition 2023<br>* First Prize &#8211; International Music Competition \u201cGrand Prize Virtuoso\u201c Vienna 2022<br>* Masterclass with Anna Samuil &#8211; Shanghai and Lisbon 2025<\/p>\n\n\n\n<p><strong>Erialased kogemused \/ Professional experience<\/strong><\/p>\n\n\n\n<p>* Laurette (Le Docteur Miracle) &#8211; Guangzhou Theatre 2024<\/p>\n\n\n\n<p><strong>Tulevikuplaanid \/ Future plans<\/strong><\/p>\n\n\n\n<p>* Elettra (Idomeneo), \u00c4ennchen (Der Freisch\u00fctz), Ilia (Idomeneo)<br><strong>Dream Role:<\/strong> Musetta (La Boh\u00e8me)<\/p>","protected":false},"excerpt":{"rendered":"<p>sopran \/ Hiina<\/p>","protected":false},"author":2,"featured_media":6660,"parent":5257,"menu_order":22,"comment_status":"closed","ping_status":"closed","template":"","meta":{"footnotes":""},"class_list":["post-4728","page","type-page","status-publish","has-post-thumbnail","hentry"],"_links":{"self":[{"href":"https:\/\/www.promfest.ee\/et\/wp-json\/wp\/v2\/pages\/4728","targetHints":{"allow":["GET"]}}],"collection":[{"href":"https:\/\/www.promfest.ee\/et\/wp-json\/wp\/v2\/pages"}],"about":[{"href":"https:\/\/www.promfest.ee\/et\/wp-json\/wp\/v2\/types\/page"}],"author":[{"embeddable":true,"href":"https:\/\/www.promfest.ee\/et\/wp-json\/wp\/v2\/users\/2"}],"replies":[{"embeddable":true,"href":"https:\/\/www.promfest.ee\/et\/wp-json\/wp\/v2\/comments?post=4728"}],"version-history":[{"count":13,"href":"https:\/\/www.promfest.ee\/et\/wp-json\/wp\/v2\/pages\/4728\/revisions"}],"predecessor-version":[{"id":7095,"href":"https:\/\/www.promfest.ee\/et\/wp-json\/wp\/v2\/pages\/4728\/revisions\/7095"}],"up":[{"embeddable":true,"href":"https:\/\/www.promfest.ee\/et\/wp-json\/wp\/v2\/pages\/5257"}],"wp:featuredmedia":[{"embeddable":true,"href":"https:\/\/www.promfest.ee\/et\/wp-json\/wp\/v2\/media\/6660"}],"wp:attachment":[{"href":"https:\/\/www.promfest.ee\/et\/wp-json\/wp\/v2\/media?parent=4728"}],"curies":[{"name":"wp","href":"https:\/\/api.w.org\/{rel}","templated":true}]}}