{"id":4657,"date":"2023-08-20T22:43:26","date_gmt":"2023-08-20T19:43:26","guid":{"rendered":"https:\/\/www.promfest.ee\/?page_id=4657"},"modified":"2025-09-20T18:41:37","modified_gmt":"2025-09-20T15:41:37","slug":"duangamorn-fu","status":"publish","type":"page","link":"https:\/\/www.promfest.ee\/et\/competition\/results\/duangamorn-fu\/","title":{"rendered":"Duangamorn Fu"},"content":{"rendered":"<h3 class=\"wp-block-heading has-text-align-left\">Duangamorn Fu<\/h3>\n\n\n\n<h4 class=\"wp-block-heading\">Soprano \/ 13.07.1998<\/h4>\n\n\n\n<h4 class=\"wp-block-heading\">Tai \/ Thailand<br><br><\/h4>\n\n\n\n<div class=\"wp-block-media-text is-stacked-on-mobile is-vertically-aligned-top\" style=\"grid-template-columns:35% auto\"><figure class=\"wp-block-media-text__media\"><img loading=\"lazy\" decoding=\"async\" width=\"589\" height=\"589\" src=\"https:\/\/www.promfest.ee\/wp-content\/uploads\/2025\/08\/Duangamorn-Fu.png\" alt=\"\" class=\"wp-image-6619 size-full\" srcset=\"https:\/\/www.promfest.ee\/wp-content\/uploads\/2025\/08\/Duangamorn-Fu.png 589w, https:\/\/www.promfest.ee\/wp-content\/uploads\/2025\/08\/Duangamorn-Fu-300x300.png 300w, https:\/\/www.promfest.ee\/wp-content\/uploads\/2025\/08\/Duangamorn-Fu-150x150.png 150w, https:\/\/www.promfest.ee\/wp-content\/uploads\/2025\/08\/Duangamorn-Fu-12x12.png 12w\" sizes=\"auto, (max-width: 589px) 100vw, 589px\" \/><\/figure><div class=\"wp-block-media-text__content\">\n<h3 class=\"wp-block-heading\"><strong>KAVA \/ PROGRAM<\/strong><br><br><\/h3>\n\n\n\n<p>II VOOR \/ 2ND ROUND<\/p>\n\n\n\n<p>1. Mozart &#8211; Der Schauspieldirektor &#8211; Mademoiselles Silberklang &#8211; Bester J\u00fcngling<br>2. Massenet &#8211; Manon &#8211; Manon &#8211; Je marche .. Ob\u00e9issons quand leur voix appelle<\/p>\n\n\n\n<p><br><\/p>\n\n\n\n<p>III VOOR \/ 3RD ROUND<\/p>\n\n\n\n<p>1. Schubert &#8211; Ave Maria<br>2. Rachmaninoff &#8211; Zdes Khorosho, Op. 21 No. 7<br>3. R.Strauss &#8211; Kling, Op. 48 No. 3<\/p>\n\n\n\n<p><br><\/p>\n\n\n\n<p>IV VOOR \/ 4TH ROUND<\/p>\n\n\n\n<p>1. Donizetti &#8211; Lucia di Lammermoor &#8211; Lucia &#8211; Regnava nel silenzio .. Quando rapito<br>2. Menotti &#8211; The Telephone &#8211; Lucy &#8211; Hello! Oh, Margaret, It&#8217;s You<\/p>\n\n\n\n<p><br><\/p>\n\n\n\n<p>FINAAL \/ FINAL ROUND<\/p>\n\n\n\n<p>1. Verdi &#8211; La traviata &#8211; Violetta &#8211; E strano .. ah, forse e lui .. Sempre libera<br>\u2014\u2014\u2014\u2014\u2014\u2014\u2014\u2014\u2014\u2014\u2014\u2014<br>2. Rossini &#8211; Il Barbiere di Siviglia &#8211; Rosina &#8211; Una voce poco fa (F)<br>3. J.Strauss &#8211; Die Fledermaus &#8211; Adele &#8211; Spiel ich die Unschuld vom Lande<br>4. Rimski-Korsakov &#8211; Tsar\u2019s Bride &#8211; Marfa &#8211; Ivan Sergeich hochesh v sad poidyom<\/p>\n<\/div><\/div>\n\n\n\n<section id=\"section-773aa833-421a-430a-acac-50a9a2e5fef3\" class=\"wp-block-gutentor-divider section-773aa833-421a-430a-acac-50a9a2e5fef3 gutentor-element gutentor-section gutentor-divider text-center\"><div class=\"grid-container\"><div class=\"gutentor-divider-box\"><span><svg xmlns=\"http:\/\/www.w3.org\/2000\/svg\" viewbox=\"0 0 240 40\" preserveaspectratio=\"none\"><path d=\"M56.2 20c5.3-.1 10.6-.2 16-.3l16-.2c10.6-.1 21.3-.1 31.9-.2 10.6.1 21.3 0 31.9.1l16 .2c5.3.1 10.6.2 16 .3-5.3.1-10.6.2-16 .3l-16 .2c-10.6.1-21.3.1-31.9.1-10.6-.1-21.3 0-31.9-.2l-16-.2c-5.4.1-10.7 0-16-.1z\"><\/path><\/svg><\/span><\/div><\/div><\/section>\n\n\n\n<p><strong>Haridus \/ Education<\/strong><\/p>\n\n\n\n<p>* Hochschule f\u00fcr Musik Hanns Eisler Berlin, with Anna Samuil 2023 &#8211; present<br>* University of Music and Performing Arts Vienna, with Regine K\u00f6bler 2020-2022 and Laura Aikin 2022-2023<br>* College of Music, Mahidol University, Nancy Tsui-Ping Wei, 2016-2020<\/p>\n\n\n\n<p><strong>T\u00e4iend\u00f5pe, konkursid \/ Further studies, competitions<\/strong><\/p>\n\n\n\n<p>* Second Prize, Eva Blahov\u00e1 Award for the best performance of Mozart\u2019s aria and Mayor of Nov\u00e9 Z\u00e1mky, Otokar Klein Prize &#8211; 26th Mikul\u00e1\u0161 Schneider-Trnavsk\u00fd International Vocal Competition 2025&nbsp;<br>* Winner of Debut Concert &#8211; Berlin Competition 2024<br>* First Prize, Special Awards from the National Opera of Cluj Napoca and the Opera Krakow &#8211; 1st International Vocal Competition Alpe-Adria Young Voices Musikverein Graz 2024<br>* Second Prize and Special Prize &#8211; 1st International Nurzhamal Ussenbayeva Vocal Art Competition Astana 2024&nbsp;<\/p>\n\n\n\n<p><strong>Erialased kogemused \/ Professional experience<\/strong><\/p>\n\n\n\n<p>* Role of &#8220;A&#8221;, chamber opera CAVE &#8211; part of NEUE SZENE VII project at Deutsche Oper Berlin\u2019s Tischlerei 2025<br>* Sumijo &amp; Friends Charity Gala Concert &#8211; Debut at Berlin Philharmonie 2024<br>* Gretel (H\u00e4nsel und Gretel) &#8211; MDW\u2019s opera production at Schlosstheater Sch\u00f6nbrunn, Vienna 2022<br>* Opera Gala with Thailand Philharmonic Orchestra 2025<\/p>\n\n\n\n<p><strong>Tulevikuplaanid \/ Future plans<\/strong><\/p>\n\n\n\n<p>* Adele (Die Fledermaus) &#8211; Hochschule f\u00fcr Musik Hanns Eisler Berlin, October 2025<br>* Soloist in New Year&#8217;s Concerts with Deutsches Filmorchester Babelsberg &#8211; Konzerthaus Berlin, January 2026<br><strong>Dream Roles:<\/strong> Violetta (La traviata), Juliette (Rom\u00e9o et Juliette), Norina (Don Pasquale), Gilda (Rigoletto), Adina (L&#8217;elisir d&#8217;amore)<\/p>\n\n\n\n<p><\/p>","protected":false},"excerpt":{"rendered":"<p>sopran \/ Tai<br \/>\nFinalist \/ Best Ave Maria \/<br \/>\nAudience Favorite<\/p>","protected":false},"author":2,"featured_media":6619,"parent":5257,"menu_order":13,"comment_status":"closed","ping_status":"closed","template":"","meta":{"footnotes":""},"class_list":["post-4657","page","type-page","status-publish","has-post-thumbnail","hentry"],"_links":{"self":[{"href":"https:\/\/www.promfest.ee\/et\/wp-json\/wp\/v2\/pages\/4657","targetHints":{"allow":["GET"]}}],"collection":[{"href":"https:\/\/www.promfest.ee\/et\/wp-json\/wp\/v2\/pages"}],"about":[{"href":"https:\/\/www.promfest.ee\/et\/wp-json\/wp\/v2\/types\/page"}],"author":[{"embeddable":true,"href":"https:\/\/www.promfest.ee\/et\/wp-json\/wp\/v2\/users\/2"}],"replies":[{"embeddable":true,"href":"https:\/\/www.promfest.ee\/et\/wp-json\/wp\/v2\/comments?post=4657"}],"version-history":[{"count":13,"href":"https:\/\/www.promfest.ee\/et\/wp-json\/wp\/v2\/pages\/4657\/revisions"}],"predecessor-version":[{"id":7146,"href":"https:\/\/www.promfest.ee\/et\/wp-json\/wp\/v2\/pages\/4657\/revisions\/7146"}],"up":[{"embeddable":true,"href":"https:\/\/www.promfest.ee\/et\/wp-json\/wp\/v2\/pages\/5257"}],"wp:featuredmedia":[{"embeddable":true,"href":"https:\/\/www.promfest.ee\/et\/wp-json\/wp\/v2\/media\/6619"}],"wp:attachment":[{"href":"https:\/\/www.promfest.ee\/et\/wp-json\/wp\/v2\/media?parent=4657"}],"curies":[{"name":"wp","href":"https:\/\/api.w.org\/{rel}","templated":true}]}}