{"id":4647,"date":"2023-08-20T22:35:51","date_gmt":"2023-08-20T19:35:51","guid":{"rendered":"https:\/\/www.promfest.ee\/?page_id=4647"},"modified":"2025-09-16T00:56:51","modified_gmt":"2025-09-15T21:56:51","slug":"linnea-edander","status":"publish","type":"page","link":"https:\/\/www.promfest.ee\/et\/competition\/results\/linnea-edander\/","title":{"rendered":"Linn\u00e9a Edander"},"content":{"rendered":"<h3 class=\"wp-block-heading has-text-align-left\">Linn\u00e9a Edander<\/h3>\n\n\n\n<h4 class=\"wp-block-heading\">Soprano \/ 12.12.1997<\/h4>\n\n\n\n<h4 class=\"wp-block-heading\">Rootsi \/ Sweden<br><br><\/h4>\n\n\n\n<div class=\"wp-block-media-text is-stacked-on-mobile is-vertically-aligned-top\" style=\"grid-template-columns:34% auto\"><figure class=\"wp-block-media-text__media\"><img loading=\"lazy\" decoding=\"async\" width=\"961\" height=\"961\" src=\"https:\/\/www.promfest.ee\/wp-content\/uploads\/2025\/08\/Linnea-Edander2.jpg\" alt=\"\" class=\"wp-image-6877 size-full\" srcset=\"https:\/\/www.promfest.ee\/wp-content\/uploads\/2025\/08\/Linnea-Edander2.jpg 961w, https:\/\/www.promfest.ee\/wp-content\/uploads\/2025\/08\/Linnea-Edander2-300x300.jpg 300w, https:\/\/www.promfest.ee\/wp-content\/uploads\/2025\/08\/Linnea-Edander2-150x150.jpg 150w, https:\/\/www.promfest.ee\/wp-content\/uploads\/2025\/08\/Linnea-Edander2-768x768.jpg 768w, https:\/\/www.promfest.ee\/wp-content\/uploads\/2025\/08\/Linnea-Edander2-12x12.jpg 12w\" sizes=\"auto, (max-width: 961px) 100vw, 961px\" \/><\/figure><div class=\"wp-block-media-text__content\">\n<h3 class=\"wp-block-heading\"><strong>KAVA \/ PROGRAM<\/strong><br><br><\/h3>\n\n\n\n<p><strong>II VOOR \/ 2ND ROUND<\/strong><\/p>\n\n\n\n<p>1. Massenet &#8211; Cendrillon &#8211; La F\u00e9e &#8211; Ah! Douce enfant, je viens \u00e0 vous<br>2. Mozart &#8211; Exsultate, jubilate &#8211; 1. Exsultate, jubilate<\/p>\n\n\n\n<p><br><\/p>\n\n\n\n<p><strong>III VOOR \/ 3RD ROUND<\/strong><\/p>\n\n\n\n<p>1. Debussy &#8211; Apparition (La lune s\u2019attristait)<br>2. Schubert &#8211; Ave Maria<br>3. Nystr\u00f6m &#8211; \u00d6nskan (The Wish) &#8211; Och detta \u00e4r min enda \u00f6nskan ikv\u00e4ll<\/p>\n\n\n\n<p><br><\/p>\n\n\n\n<p>IV VOOR \/ 4TH ROUND<\/p>\n\n\n\n<p>1. Massenet &#8211; Manon &#8211; Manon \u2013 Je marche .. Ob\u00e9issons quand leur voix appelle<br>2. Poulenc &#8211; Les Mamelles de Tir\u00e9sias &#8211; Th\u00e9r\u00e8se &#8211; Non, Monsieur mon mari<\/p>\n\n\n\n<p><br><\/p>\n\n\n\n<p>FINAAL \/ FINAL ROUND<\/p>\n\n\n\n<p>1. Donizetti &#8211; L&#8217;Elisir d&#8217;Amore &#8211; Adina &#8211; Prendi, per me sei libero<br>\u2014\u2014\u2014\u2014\u2014\u2014\u2014\u2014\u2014\u2014\u2014\u2014<br>2. Bellini &#8211; I Puritani &#8211; Elvira &#8211; Qui la voce .. Vien, diletto<br>3. Gounod &#8211; Rom\u00e9o et Juliette &#8211; Juliette &#8211; Je veux vivre!<br>4. J.Strauss &#8211; Die Fledermaus &#8211; Adele &#8211; Spiel ich die Unschuld vom Lande<\/p>\n<\/div><\/div>\n\n\n\n<section id=\"section-6c98c590-7636-4c59-ac83-e34d1f08185b\" class=\"wp-block-gutentor-divider section-6c98c590-7636-4c59-ac83-e34d1f08185b gutentor-element gutentor-section gutentor-divider text-center\"><div class=\"grid-container\"><div class=\"gutentor-divider-box\"><span><svg xmlns=\"http:\/\/www.w3.org\/2000\/svg\" viewbox=\"0 0 240 40\" preserveaspectratio=\"none\"><path d=\"M56.2 20c5.3-.1 10.6-.2 16-.3l16-.2c10.6-.1 21.3-.1 31.9-.2 10.6.1 21.3 0 31.9.1l16 .2c5.3.1 10.6.2 16 .3-5.3.1-10.6.2-16 .3l-16 .2c-10.6.1-21.3.1-31.9.1-10.6-.1-21.3 0-31.9-.2l-16-.2c-5.4.1-10.7 0-16-.1z\"><\/path><\/svg><\/span><\/div><\/div><\/section>\n\n\n\n<p><strong>Haridus \/ Education<\/strong><\/p>\n\n\n\n<p>* Norwegian National Academy of Art, The Academy of Opera, with Toril Carlsen 2024-2025, MMus 2025 &#8211; present<br>* Music &amp; Opera Conservatory, M\u00e4laradalens University, BMus with Lena Hellstr\u00f6m-F\u00e4rl\u00f6f 2020-2024<\/p>\n\n\n\n<p><strong>T\u00e4iend\u00f5pe, konkursid \/ Further studies, competitions<\/strong><\/p>\n\n\n\n<p>* Masterclasses with Anne Sofie von Otter and Melba Ramos &#8211; Oslo, Norwegian Academy of the Arts 2025<br>* Chanson duo Workshop &#8211; V\u00e4ster\u00e5s Castle with Pianist Magnus Svensson 2024<br>* Workshop with Liz Upchurch &#8211; Canadian Opera Company 2024<\/p>\n\n\n\n<p><strong>Erialased kogemused \/ Professional experience<\/strong><\/p>\n\n\n\n<p>* Th\u00e9r\u00e8se (Les Mamelles de Tir\u00e9sias) &#8211; Oslo Academy of the arts 2025<br>* Adina (L\u2019Elizir d\u2019amore) &#8211; Oslo Academy of the Arts 2024<br>* Ensemble and soloist, The Storm Betty by Jan Sandst\u00f6m (World Premiere) &#8211; V\u00e4stmanlands Theatre 2024<br>* Mass for the children by John Rutter, conducted by the composer &#8211; Stockholm Cathedral 2024<\/p>\n\n\n\n<p><strong>Tulevikuplaanid \/ Future plans<\/strong><\/p>\n\n\n\n<p>* Cleopatra (Giulio Cesare by H\u00e4ndel) \u2013 Oslo Academy of the Arts, November 2025<br>* Balcony concert &#8211; Norwegian National Opera, October 2025<br>* Chanson and lied evening &#8211; Sala Konsert Hall, February 2026&nbsp;<br><strong>Dream Roles:<\/strong> Marie (La fille du r\u00e9giment), Lakm\u00e9, Norina (Don Pasquale), Adina (L\u2019Elisir d\u2019amore), Th\u00e9r\u00e8se (Les Mamelles de Tir\u00e9sias), Adele (Le Comte Ory)<\/p>","protected":false},"excerpt":{"rendered":"<p>sopran \/ Rootsi<\/p>","protected":false},"author":2,"featured_media":6877,"parent":5257,"menu_order":11,"comment_status":"closed","ping_status":"closed","template":"","meta":{"footnotes":""},"class_list":["post-4647","page","type-page","status-publish","has-post-thumbnail","hentry"],"_links":{"self":[{"href":"https:\/\/www.promfest.ee\/et\/wp-json\/wp\/v2\/pages\/4647","targetHints":{"allow":["GET"]}}],"collection":[{"href":"https:\/\/www.promfest.ee\/et\/wp-json\/wp\/v2\/pages"}],"about":[{"href":"https:\/\/www.promfest.ee\/et\/wp-json\/wp\/v2\/types\/page"}],"author":[{"embeddable":true,"href":"https:\/\/www.promfest.ee\/et\/wp-json\/wp\/v2\/users\/2"}],"replies":[{"embeddable":true,"href":"https:\/\/www.promfest.ee\/et\/wp-json\/wp\/v2\/comments?post=4647"}],"version-history":[{"count":17,"href":"https:\/\/www.promfest.ee\/et\/wp-json\/wp\/v2\/pages\/4647\/revisions"}],"predecessor-version":[{"id":7094,"href":"https:\/\/www.promfest.ee\/et\/wp-json\/wp\/v2\/pages\/4647\/revisions\/7094"}],"up":[{"embeddable":true,"href":"https:\/\/www.promfest.ee\/et\/wp-json\/wp\/v2\/pages\/5257"}],"wp:featuredmedia":[{"embeddable":true,"href":"https:\/\/www.promfest.ee\/et\/wp-json\/wp\/v2\/media\/6877"}],"wp:attachment":[{"href":"https:\/\/www.promfest.ee\/et\/wp-json\/wp\/v2\/media?parent=4647"}],"curies":[{"name":"wp","href":"https:\/\/api.w.org\/{rel}","templated":true}]}}