{"id":4199,"date":"2023-06-29T13:58:34","date_gmt":"2023-06-29T10:58:34","guid":{"rendered":"https:\/\/www.promfest.ee\/?page_id=4199"},"modified":"2025-06-25T02:33:43","modified_gmt":"2025-06-24T23:33:43","slug":"jomante-slezaite","status":"publish","type":"page","link":"https:\/\/www.promfest.ee\/et\/competition\/laureates\/jomante-slezaite\/","title":{"rendered":"Jomant\u0117 \u0160le\u017eait\u0117"},"content":{"rendered":"<h2 class=\"wp-block-heading\">Jomant\u0117 \u0160le\u017eait\u0117<\/h2>\n\n\n\n<h3 class=\"wp-block-heading\">sopran \/ Leedu<\/h3>","protected":false},"excerpt":{"rendered":"<p>sopran \/ Leedu<\/p>\n<p>I preemia \/<br \/>\nPubliku lemmik<\/p>","protected":false},"author":2,"featured_media":0,"parent":28,"menu_order":55,"comment_status":"closed","ping_status":"closed","template":"","meta":{"footnotes":""},"class_list":["post-4199","page","type-page","status-publish","hentry"],"_links":{"self":[{"href":"https:\/\/www.promfest.ee\/et\/wp-json\/wp\/v2\/pages\/4199","targetHints":{"allow":["GET"]}}],"collection":[{"href":"https:\/\/www.promfest.ee\/et\/wp-json\/wp\/v2\/pages"}],"about":[{"href":"https:\/\/www.promfest.ee\/et\/wp-json\/wp\/v2\/types\/page"}],"author":[{"embeddable":true,"href":"https:\/\/www.promfest.ee\/et\/wp-json\/wp\/v2\/users\/2"}],"replies":[{"embeddable":true,"href":"https:\/\/www.promfest.ee\/et\/wp-json\/wp\/v2\/comments?post=4199"}],"version-history":[{"count":3,"href":"https:\/\/www.promfest.ee\/et\/wp-json\/wp\/v2\/pages\/4199\/revisions"}],"predecessor-version":[{"id":4400,"href":"https:\/\/www.promfest.ee\/et\/wp-json\/wp\/v2\/pages\/4199\/revisions\/4400"}],"up":[{"embeddable":true,"href":"https:\/\/www.promfest.ee\/et\/wp-json\/wp\/v2\/pages\/28"}],"wp:attachment":[{"href":"https:\/\/www.promfest.ee\/et\/wp-json\/wp\/v2\/media?parent=4199"}],"curies":[{"name":"wp","href":"https:\/\/api.w.org\/{rel}","templated":true}]}}