{"id":31,"date":"2020-10-13T11:50:26","date_gmt":"2020-10-13T11:50:10","guid":{"rendered":"https:\/\/uus.promfest.ee\/regulations\/"},"modified":"2025-08-12T01:38:39","modified_gmt":"2025-08-11T22:38:39","slug":"for-participants","status":"publish","type":"page","link":"https:\/\/www.promfest.ee\/et\/competition\/for-participants\/","title":{"rendered":"Osalejatele"},"content":{"rendered":"<h3 class=\"wp-block-heading\" id=\"regulations-for-the-13th-klaudia-taev-competition-2023\">XIV Klaudia Taevi nimelise konkursi reglement <strong>(2025)<\/strong><br><br><\/h3>\n\n\n\n<p>XIV Klaudia Taevi nimeline noorte lauljate konkurss toimub&nbsp;<strong>14 \u2013 19 September 2025<\/strong>&nbsp;P\u00e4rnus.<\/p>\n\n\n\n<p>Konkursile saavad registreerida<strong> 1. juunini 2025.<\/strong>:<br> - <strong>naislauljad<\/strong> kes on s\u00fcndinud peale 20. septembrit 1994<br> - <strong>meeslauljad<\/strong> kes on s\u00fcndinud peale 20. septembrit 1991<br><strong>v.a. Vene F\u00f6deratsiooni kodanikud<\/strong>.<\/p>\n\n\n\n<p>Konkursi ametlik suhtluskeel on inglise keel.<br><br><\/p>\n\n\n\n<p>Konkursil on kokku VIIS vooru:<\/p>\n\n\n\n<p><strong><span class=\"has-inline-color has-black-color\">I VOOR<\/span><\/strong> (ettelaulmine)<br>Esimeses voorus osalemiseks on <strong>kaks v\u00f5imalust<\/strong> (A ja B):<\/p>\n\n\n\n<p class=\"has-text-align-left\"><strong>A<\/strong> - ETTELAULMINE (soovitatav kuna on suurem v\u00f5imalus valituks osutuda) - <\/p>\n\n\n\n<p class=\"has-text-align-left\">Ettelaulmised toimuvad 2025. aasta kevadel. K\u00f5ik \u00fcksikasjad teatatakse igale registreerunud lauljale personaalselt.<\/p>\n\n\n\n<p class=\"has-text-align-left\">Ettelaulmistele registreerumise t\u00e4htaeg on tavaliselt <strong>10-5 p\u00e4eva enne<\/strong> valitud ettelaulmise kuup\u00e4eva.<br>Teavet esinemiskohtade ja -kuup\u00e4evade ja t\u00e4htaegade kohta leiab <strong><a rel=\"noreferrer noopener\" href=\"https:\/\/www.promfest.ee\/et\/esileht\/schedule\/calendar\/\" data-type=\"URL\" data-id=\"https:\/\/promfest.ee\/esileht\/schedule\/calendar\/\" target=\"_blank\">SIIN<\/a><\/strong><\/p>\n\n\n\n<p>Lauljad peavad esitama kaks erineva iseloomuga erinevate heliloojate poolt loodud teost klaveri saatel. V\u00e4hemalt \u00fcks neist peab olema ooperiaaria. Valitud teoseid saab (kuid mitte tingimata) esitada ka hilisemates voorudes.<\/p>\n\n\n\n<p><strong>NB!<\/strong> Esinemise aeg ei tohi \u00fcletata 10 minutit. <br><\/p>\n\n\n\n<p><strong>B<\/strong> - ESINEMINE VIDEOSALVESTUSE KAUDU -<br>Videosalvestuste esitamise t\u00e4htaeg on <strong>1. juuni 2025<\/strong>:<\/p>\n\n\n\n<p>Salvestused peavad sisaldama v\u00e4hemalt kahte erineva iseloomuga erinevate heliloojate poolt loodud teost. V\u00e4hemalt \u00fcks neist peab olema ooperiaaria. Valitud teoseid saab (kuid mitte tingimata) esitada ka hilisemates voorudes.<\/p>\n\n\n\n<p><strong>NB!<\/strong> M\u00e4rkida tuleb teoste pealkirjad ja salvestuse kuup\u00e4ev! Kahe salvestuse kogupikkus peab olema v\u00e4hemalt 6 minutit.<\/p>\n\n\n\n<p>Tulemused tehakse teatavaks enne <strong>1. juulit 2025<\/strong> konkursi veebilehel ja Facebookis. E-maili teel teavitatakse vaid neid lauljaid, kes valitakse j\u00e4rgmisse vooru.<\/p>\n\n\n\n<p>Valituks osutunud lauljad (nii A kui ka B variandis) on kohustatud oma osalemist konkursi j\u00e4rgmistes voorudes kinnitama <strong>hiljemalt 1. augustiks 2025<\/strong>. <br>Iga valitud laulja saab lisainfo (biograafia, repertuaar jne) saatmiseks uue ankeedi, mis tuleb tagastada <strong>hiljemalt 1. augustiks 2025<\/strong>.<\/p>\n\n\n\n<p><strong>T\u00e4hepanu! <\/strong>Esimest vooru hindab igas linnas kohalik \u017e\u00fcrii, kes teeb eelvaliku. Iga osaleja esinemine videosalvestatakse ning neid kuulab hiljem uuesti laiap\u00f5hjaline \u017e\u00fcrii (umbes 40 liiget, lisaks p\u00f5hi\u017e\u00fcrii). <br>P\u00e4rast seda tehakse l\u00f5plik valik - v\u00e4hemalt 36 lauljat, kes kutsutakse Eestisse teise vooru. T\u00e4ielik \u017e\u00fcriiliikmete on avaldatud konkursi kodulehel.<br>Lauljad v\u00f5ivad saada tagasisidet e-posti v\u00f5i sotsiaalmeedia kaudu p\u00e4rast tulemuste v\u00e4ljakuulutamist. Samuti on v\u00f5imalik saada esimese vooru ettelaulmise videosalvestis.<br><br><\/p>\n\n\n\n<p><strong><mark style=\"background-color:rgba(0, 0, 0, 0)\" class=\"has-inline-color has-black-color\">II VOOR<\/mark><\/strong> (lavalolek ja esmamulje)<br>II voorus osaleb v\u00e4hemalt 36 valitud lauljat. Esitatakse klaveri saatel kaks teost:<\/p>\n\n\n\n<ul class=\"wp-block-list\">\n<li>\u00fcks suhteliselt l\u00fchikene 18. sajandi aaria (Bachist Mozartini kaasa arvatud). Teos ei tohi olla \u00fcks j\u00e4rgmistesse voorudesse valitavatest aariatest.<\/li>\n<\/ul>\n\n\n\n<ul class=\"wp-block-list\">\n<li>\u00fcks l\u00fchikene ooperi- v\u00f5i opereti aaria (aga ka arietta, ariooso, kuplett vms.), mis ei tohi olla \u00fcks j\u00e4rgmistesse voorudesse valitud aariatest.<\/li>\n<\/ul>\n\n\n\n<p><strong>Pane t\u00e4hele!<\/strong> Laval viibimise aeg ( <strong>koos lavale tuleku ja lavalt lahkumisega<\/strong>) peab olema v\u00e4hemalt 6 minutit, kuid ei tohi \u00fcletada 9 minutit! \u017d\u00fcriil on \u00f5igus katkestada esinemine, kui see \u00fcletab lubatud ajalimiiti.<br><br><\/p>\n\n\n\n<p><strong><span class=\"has-inline-color has-black-color\">III VOOR<\/span><\/strong> (muusikaline maitse ja intelligentsus)<br>III voorus osaleb maksimaalselt 26 lauljat. Esitatakse kaks (v\u00f5i kolm) teost klaveri saatel:<\/p>\n\n\n\n<ul class=\"wp-block-list\">\n<li>kaks salmi Franz Schuberti <strong>\"Ave Mariast\"**<\/strong> saksa keeles. Transponeerimine on lubatud.<\/li>\n<\/ul>\n\n\n\n<ul class=\"wp-block-list\">\n<li>\u00fcks v\u00f5i kaks<strong>*<\/strong> <em>lied&#8217;<\/em>i, klassikalist romanssi <em>\u0161ansooni<\/em>, jne v\u00f5i rahvalaulu V\u00d5I <strong><a rel=\"noreferrer noopener\" href=\"https:\/\/www.promfest.ee\/et\/works-by-estonian-composers\/\" data-type=\"URL\" data-id=\"http:\/\/promfest.ee\/works-by-estonian-composers\" target=\"_blank\">Eesti heliloojate kammerlaulu<\/a> **<\/strong>.<\/li>\n<\/ul>\n\n\n\n<p><strong>* <\/strong>Lauljad peavad esitama kaks teost vaid juhul, kui \u00fche teose kestus on alla 2,5 minuti.<br><strong>** <\/strong>Eesti helilooja loomingu ja Schuberti \u201cAve Maria\u201d parima interpretatsiooni eest antakse v\u00e4lja eristipendiumid v\u00f5i v\u00e4\u00e4rtuslikud kingitused.<\/p>\n\n\n\n<p><strong>Pane t\u00e4hele!<\/strong> Laval viibimise aeg ( <strong>koos lavale tuleku ja lavalt lahkumisega<\/strong>) peab olema v\u00e4hemalt 7 minutit, kuid ei tohi \u00fcletada 10 minutit! \u017d\u00fcriil on \u00f5igus katkestada esinemine, kui see \u00fcletab lubatud ajalimiiti.<br><br><\/p>\n\n\n\n<p><strong><span class=\"has-inline-color has-black-color\">IV POOLFINAAL<\/span><\/strong> (artistlikkus ja n\u00e4itlejameisterlikkus)<br>IV voorus osaleb maksimaalselt 16 lauljat. Esitatakse klaveri saatel kaks teost:<\/p>\n\n\n\n<ul class=\"wp-block-list\">\n<li>\u00fcks aaria v\u00f5i number ooperist, oratooriumist, kantaadist v\u00f5i vokaals\u00fcmfoonilisest teosest, mis on loodud p\u00e4rast 1935. aastat.<\/li>\n<\/ul>\n\n\n\n<ul class=\"wp-block-list\">\n<li>\u00fcks ooperiaaria, mis on kirjutatud mis tahes perioodil ja mis <strong>peab sisaldama ulatuslikku retsitatiivi<\/strong> (soovitavalt ooperistseen) ning mis ei ole l\u00fchem kui 5 minutit.<\/li>\n<\/ul>\n\n\n\n<p>Need teosed ei tohi olla valitud II v\u00f5i V vooru.<\/p>\n\n\n\n<p><strong>Pane t\u00e4hele! <\/strong>Laval viibimise aeg ( <strong>koos lavale tuleku ja lavalt lahkumisega<\/strong>) peab olema v\u00e4hemalt 8 minutit, kuid ei tohi \u00fcletada 12 minutit! \u017d\u00fcriil on \u00f5igus katkestada esinemine, kui see \u00fcletab lubatud ajalimiiti.<br><br><\/p>\n\n\n\n<p><strong><span class=\"has-inline-color has-black-color\">V FINAALVOOR<\/span><\/strong><br>In the final round, six competitors will be selected to perform with the orchestra. Each singer prepares four opera arias, chosen from the <a href=\"https:\/\/www.promfest.ee\/et\/competition\/for-participants\/repertoirefinal\/\" data-type=\"URL\" data-id=\"https:\/\/promfest.ee\/competition\/for-participants\/repertoirefinal\/\" target=\"_blank\" rel=\"noreferrer noopener\"><strong>repertuaarivalikust<\/strong><\/a>. Esitada tuleb neist ainult kaks:<\/p>\n\n\n\n<ul class=\"wp-block-list\">\n<li>\u00fcks neljast ooperiaariast laulja isikliku eelistuse j\u00e4rgi;<\/li>\n<\/ul>\n\n\n\n<ul class=\"wp-block-list\">\n<li>teise ooperiaaria valib \u017e\u00fcrii \u00fclej\u00e4\u00e4nud ettevalmistatud kolme aaria hulgast. Selle aaria saab teada finalist vahetult p\u00e4rast poolfinaalvooru.<\/li>\n<\/ul>\n\n\n\n<p><strong>Pane t\u00e4hele!<\/strong> Lauljatel on soovituslik v\u00f5tta teos konkursi <strong><a href=\"https:\/\/www.promfest.ee\/et\/competition\/for-participants\/repertoirefinal\/\" data-type=\"URL\" data-id=\"https:\/\/promfest.ee\/competition\/for-participants\/repertoirefinal\/\" target=\"_blank\" rel=\"noreferrer noopener\">repertuaarivalikust<\/a><\/strong> kuid see ei ole kohutuslik. Lauljad v\u00f5ivad valida ka aariaid, mida selles nimekirjas ei ole, kuid sel juhul kohustuvad nad ise garanteerima teose kvaliteetseste orkestrih\u00e4\u00e4lte ja dirigendi partituuri olemasolu.<\/p>\n\n\n\n<p>Igale finalistile v\u00f5imaldatakse samal p\u00e4eval, enne finaalvooru, 25-minutiline proov orkestriga.<br><br><\/p>\n\n\n\n<p class=\"has-black-color has-text-color\"><strong>PROOVID ja PIANISTID<\/strong><\/p>\n\n\n\n<p>Pianisti kasutamine esimeses voorus maksab 15-40\u20ac, mis makstakse pianistile otse sularahas enne ettelaulmist.<\/p>\n\n\n\n<p>II ja III vooru ettevalmistamiseks saab kasutada pianisti TASUTA kuni 20 minutit. IV vooru ettevalmistuseks saab tasuta pianist kasutada kuni 30 minutit. Lisa prooviaega (ka finaalvooru ettevalmistamiseks) on v\u00f5imalik saada kokkuleppel pianistiga 10\u20ac iga 5 lisaminuti kohta, tasudes sularahas otse pianistile.<\/p>\n\n\n\n<p><strong>Pane t\u00e4hele! <\/strong>Osalejad peavad esitama selge ja h\u00f5lpsasti loetava noodikirjaga noodimaterjali, mis TULEB pianistile saata hiljemalt <strong>1. septembriks<\/strong>.<\/p>\n\n\n\n<p>Osaleda v\u00f5ib ka oma pianistiga.<\/p>\n\n\n\n<p><br><\/p>\n\n\n\n<p class=\"has-black-color has-text-color\"><strong>REGISTREERIMISTASU<\/strong><\/p>\n\n\n\n<p>Registreerimistasu s\u00f5ltub sellest, millise variandi kasuks laulja otsustab I voorus:<br>Variant A (otseesinemine) - <strong>\u20ac60<\/strong><br>Variant B (videosalvestus) - <strong>\u20ac120<\/strong><\/p>\n\n\n\n<p>Registreerimistasu tuleb tasuda enne registreerimisvormi esitamist ja esitada tuleb maksekviitungi koopia. Tasuda saab panga\u00fclekande v\u00f5i krediitkaardiga PayPali kaudu.<\/p>\n\n\n\n<p class=\"has-vivid-red-color has-text-color\"><strong>NB! Eesti Vabariigi kodanikele on osalemine tasuta. Ukraina kodanikele kehtib allahindlus 50%. <\/strong><br><strong><br><\/strong><\/p>\n\n\n\n<p class=\"has-black-color has-text-color\"><strong>LISATINGIMUSED<\/strong><\/p>\n\n\n\n<p>The competitors must perform from memory. <br>Juba valitud teoseid ei saa p\u00e4rast konkursi ametliku bukleti tr\u00fckki minemist muuta. Erandkorras on teose valikuid v\u00f5imalik muuta vaid \u017e\u00fcrii enamuse n\u00f5usolekul.<\/p>\n\n\n\n<p>\u017d\u00fcrii j\u00e4tab endale \u00f5iguse teha mis tahes otsuseid, mida ametlikes eeskirjades ei ole muul viisil k\u00e4sitletud, et tagada konkursi \u00f5iglane, t\u00f5hus ja korrap\u00e4rane l\u00e4biviimine. <br>K\u00f5ik \u017e\u00fcrii poolt langetatud otsused on l\u00f5plikud.<\/p>\n\n\n\n<p>K\u00f5ik I voorust valitud lauljad peavad <strong>14. septembril<\/strong> viibima P\u00e4rnus, kus loositakse esinemise j\u00e4rjekord. Loosimise t\u00e4pne aeg ja koht tehakse teatatakse eelnevalt.<\/p>\n\n\n\n<p>Kui laulja ei t\u00e4ida konkursi reglementi, v\u00f5idakse ta diskvalifitseerida.<\/p>\n\n\n\n<p><strong>Reisimine ja majutus<\/strong><br>Lauljad vastutavad Eestisse sisenemiseks vajaliku viisa hankimise eest ise <a href=\"https:\/\/www.vm.ee\/en\/consular-visa-and-travel-information\/visa-information\/application-schengen-visa\" data-type=\"URL\" data-id=\"https:\/\/www.vm.ee\/en\/consular-visa-and-travel-information\/visa-information\/application-schengen-visa\" target=\"_blank\" rel=\"noreferrer noopener\">(https:\/\/www.vm.ee\/konsulaar-viisa-ja-reisiinfo\/viisainfo\/schengeni-viisa-taotlemine<\/a>)<\/p>\n\n\n\n<p>Osalejatel on tungivalt soovitatav tagada piisav reisikindlustus. Konkursi korraldajad ei v\u00f5ta endale vastutust lauljaga v\u00f5istluse ajal juhtunud \u00f5nnetuste eest.<\/p>\n\n\n\n<p>K\u00f5ik osalejad peavad katma oma majutus- ja reisikulud ise. Konkursi korraldusmeeskond koostab erihinnaga hotellide\/hostelite\/k\u00fclalistemajade nimekirja P\u00e4rnu linnas (ainult konkursil osalejatele).<\/p>\n\n\n\n<p><strong>Autori\u00f5igustest<\/strong><br>K\u00f5ik konkursivoorud on avalikud ning neid v\u00f5ib salvestada ja edastada raadio v\u00f5i televisiooni kaudu. Lauljatel ei ole intervjuude, salvestiste ja tele- v\u00f5i veebi\u00fclekannete kohta rahalisi n\u00f5udeid. Samuti salvestatakse k\u00f5ik voorud konkursi raames ning need postitatakse konkursi propageerimiseks avalikult konkursi kodulehele ja sotsiaalmeedia kanalitesse (Youtube, Instagram, Facebook). Lauljatel ei ole \u00f5igust n\u00f5uda nende salvestiste eest tasu ega keelata nende avalikku esitamist. Erandjuhtudel v\u00f5ib laulja esitada ametliku taotluse video eemaldamiseks ja veenvatel asjaoludel v\u00f5ivad korraldajad selle tavaliselt heaks kiita.<\/p>\n\n\n\n<p>Korraldajad garanteerivad, et lauljate poolt I vooru tarbeks saadetud videosalvestisi ei kasutata muuks otstarbeks kui ainult II vooru kandidaatide valiku langetamiseks.<\/p>\n\n\n\n<p><b>Riietus<\/b><br>Soovitame riietuda publikut austavalt. Finaaliks, naised: \u00f5htukleit ja mehed: \u00fclikond\/smoking\/frakk.<br><br><\/p>\n\n\n\n<p><\/p>\n\n\n\n<p><\/p>\n\n\n<div id=\"pl-gb31-69fafb0b8aef5\"  class=\"panel-layout\" ><div id=\"pg-gb31-69fafb0b8aef5-0\"  class=\"panel-grid panel-no-style\" ><div id=\"pgc-gb31-69fafb0b8aef5-0-0\"  class=\"panel-grid-cell\" ><div id=\"panel-gb31-69fafb0b8aef5-0-0-0\" class=\"so-panel widget widget_sow-button panel-first-child\" data-index=\"0\" ><div\n\t\t\t\n\t\t\tclass=\"so-widget-sow-button so-widget-sow-button-atom-fcd710719043-31\"\n\t\t\t\n\t\t><div class=\"ow-button-base ow-button-align-center\">\n\t<a href=\"https:\/\/www.promfest.ee\/et\/esileht\/schedule\/calendar\/\" class=\"ow-icon-placement-left ow-button-hover\" target=\"_blank\" rel=\"noopener noreferrer\" \t\t>\n\t\t<span>\n\t\t\t<span class=\"sow-icon-fontawesome sow-far\" data-sow-icon=\"&#xf073;\"\n\t\t \n\t\taria-hidden=\"true\"><\/span>\n\t\t\tEttelaulmiste ajakava\t\t<\/span>\n\t<\/a>\n<\/div>\n<\/div><\/div><div id=\"panel-gb31-69fafb0b8aef5-0-0-1\" class=\"so-panel widget widget_sow-button\" data-index=\"1\" ><div\n\t\t\t\n\t\t\tclass=\"so-widget-sow-button so-widget-sow-button-atom-fcd710719043-31\"\n\t\t\t\n\t\t><div class=\"ow-button-base ow-button-align-center\">\n\t<a href=\"https:\/\/www.promfest.ee\/et\/works-by-estonian-composers\/\" class=\"ow-icon-placement-left ow-button-hover\" target=\"_blank\" rel=\"noopener noreferrer\" \t\t>\n\t\t<span>\n\t\t\t<span class=\"sow-icon-fontawesome sow-far\" data-sow-icon=\"&#xf192;\"\n\t\t \n\t\taria-hidden=\"true\"><\/span>\n\t\t\tValik Eesti heliloojate kammerlaule\t\t<\/span>\n\t<\/a>\n<\/div>\n<\/div><\/div><div id=\"panel-gb31-69fafb0b8aef5-0-0-2\" class=\"so-panel widget widget_sow-button panel-last-child\" data-index=\"2\" ><div\n\t\t\t\n\t\t\tclass=\"so-widget-sow-button so-widget-sow-button-atom-fcd710719043-31\"\n\t\t\t\n\t\t><div class=\"ow-button-base ow-button-align-center\">\n\t<a href=\"https:\/\/www.promfest.ee\/et\/repertoirefinal\/\" class=\"ow-icon-placement-left ow-button-hover\" target=\"_blank\" rel=\"noopener noreferrer\" \t\t>\n\t\t<span>\n\t\t\t<span class=\"sow-icon-fontawesome sow-far\" data-sow-icon=\"&#xf022;\"\n\t\t \n\t\taria-hidden=\"true\"><\/span>\n\t\t\tRepertuaar\t\t<\/span>\n\t<\/a>\n<\/div>\n<\/div><\/div><\/div><\/div><div id=\"pg-gb31-69fafb0b8aef5-1\"  class=\"panel-grid panel-no-style\" ><div id=\"pgc-gb31-69fafb0b8aef5-1-0\"  class=\"panel-grid-cell\" ><div id=\"panel-gb31-69fafb0b8aef5-1-0-0\" class=\"so-panel widget widget_sow-button panel-first-child panel-last-child\" data-index=\"3\" ><div id=\"register\" class=\"panel-widget-style panel-widget-style-for-gb31-69fafb0b8aef5-1-0-0\" ><div\n\t\t\t\n\t\t\tclass=\"so-widget-sow-button so-widget-sow-button-atom-43d56241904d-31\"\n\t\t\t\n\t\t><div class=\"ow-button-base ow-button-align-center\">\n\t<a href=\"https:\/\/www.promfest.ee\/et\/registration\/\" class=\"ow-icon-placement-left ow-button-hover\" target=\"_blank\" rel=\"noopener noreferrer\" \t\t>\n\t\t<span>\n\t\t\t<span class=\"sow-icon-fontawesome sow-far\" data-sow-icon=\"&#xf044;\"\n\t\t \n\t\taria-hidden=\"true\"><\/span>\n\t\t\tREGISTREERU KONKURSILE \t\t<\/span>\n\t<\/a>\n<\/div>\n<\/div><\/div><\/div><\/div><\/div><\/div>\n\n\n<h3 class=\"wp-block-heading\"><\/h3>","protected":false},"excerpt":{"rendered":"<p>Regulations for the 14th Klaudia Taev Competition (2025) The 14th Klaudia Taev Competition for Opera Singers takes place&nbsp;on&nbsp;14 \u2013 19 September 2025&nbsp;in&nbsp;P\u00e4rnu, Estonia. Registration for the competition is open until June 1, 2025: &#8211; to women born after September 20th, 1994 &#8211; to men born after September 20th, 1991except for the citizens of the Russian [&hellip;]<\/p>","protected":false},"author":1,"featured_media":906,"parent":245,"menu_order":8,"comment_status":"closed","ping_status":"closed","template":"","meta":{"footnotes":""},"class_list":["post-31","page","type-page","status-publish","has-post-thumbnail","hentry"],"_links":{"self":[{"href":"https:\/\/www.promfest.ee\/et\/wp-json\/wp\/v2\/pages\/31","targetHints":{"allow":["GET"]}}],"collection":[{"href":"https:\/\/www.promfest.ee\/et\/wp-json\/wp\/v2\/pages"}],"about":[{"href":"https:\/\/www.promfest.ee\/et\/wp-json\/wp\/v2\/types\/page"}],"author":[{"embeddable":true,"href":"https:\/\/www.promfest.ee\/et\/wp-json\/wp\/v2\/users\/1"}],"replies":[{"embeddable":true,"href":"https:\/\/www.promfest.ee\/et\/wp-json\/wp\/v2\/comments?post=31"}],"version-history":[{"count":188,"href":"https:\/\/www.promfest.ee\/et\/wp-json\/wp\/v2\/pages\/31\/revisions"}],"predecessor-version":[{"id":6614,"href":"https:\/\/www.promfest.ee\/et\/wp-json\/wp\/v2\/pages\/31\/revisions\/6614"}],"up":[{"embeddable":true,"href":"https:\/\/www.promfest.ee\/et\/wp-json\/wp\/v2\/pages\/245"}],"wp:featuredmedia":[{"embeddable":true,"href":"https:\/\/www.promfest.ee\/et\/wp-json\/wp\/v2\/media\/906"}],"wp:attachment":[{"href":"https:\/\/www.promfest.ee\/et\/wp-json\/wp\/v2\/media?parent=31"}],"curies":[{"name":"wp","href":"https:\/\/api.w.org\/{rel}","templated":true}]}}