{"id":29,"date":"2020-10-13T11:50:10","date_gmt":"2020-10-13T11:50:10","guid":{"rendered":"https:\/\/uus.promfest.ee\/klaudia-taev\/"},"modified":"2025-06-25T02:33:43","modified_gmt":"2025-06-24T23:33:43","slug":"klaudia-taev","status":"publish","type":"page","link":"https:\/\/www.promfest.ee\/et\/competition\/klaudia-taev\/","title":{"rendered":"Klaudia Taev"},"content":{"rendered":"<h1 class=\"wp-block-heading\"><\/h1>\n\n\n\n<div class=\"wp-block-columns is-layout-flex wp-container-core-columns-is-layout-9d6595d7 wp-block-columns-is-layout-flex\">\n<div class=\"wp-block-column is-layout-flow wp-block-column-is-layout-flow\" style=\"flex-basis:100%\">\n<div class=\"wp-block-group alignwide\"><div class=\"wp-block-group__inner-container is-layout-flow wp-block-group-is-layout-flow\">\n<div class=\"wp-block-columns are-vertically-aligned-bottom is-layout-flex wp-container-core-columns-is-layout-9d6595d7 wp-block-columns-is-layout-flex\">\n<div class=\"wp-block-column is-vertically-aligned-bottom is-layout-flow wp-block-column-is-layout-flow\" style=\"flex-basis:100%\">\n<div class=\"wp-block-columns is-layout-flex wp-container-core-columns-is-layout-9d6595d7 wp-block-columns-is-layout-flex\">\n<div class=\"wp-block-column is-layout-flow wp-block-column-is-layout-flow\" style=\"flex-basis:33.33%\">\n<div class=\"wp-block-group\"><div class=\"wp-block-group__inner-container is-layout-flow wp-block-group-is-layout-flow\">\n<figure class=\"wp-block-image size-large is-resized\"><img loading=\"lazy\" decoding=\"async\" src=\"https:\/\/promfest.ee\/wp-content\/uploads\/2021\/01\/klaudia.jpg\" alt=\"\" class=\"wp-image-825\" width=\"287\" height=\"411\" srcset=\"https:\/\/www.promfest.ee\/wp-content\/uploads\/2021\/01\/klaudia.jpg 419w, https:\/\/www.promfest.ee\/wp-content\/uploads\/2021\/01\/klaudia-210x300.jpg 210w, https:\/\/www.promfest.ee\/wp-content\/uploads\/2021\/01\/klaudia-8x12.jpg 8w\" sizes=\"auto, (max-width: 287px) 100vw, 287px\" \/><\/figure>\n<\/div><\/div>\n<\/div>\n\n\n\n<div class=\"wp-block-column is-layout-flow wp-block-column-is-layout-flow\"><\/div>\n\n\n\n<div class=\"wp-block-column is-vertically-aligned-bottom is-layout-flow wp-block-column-is-layout-flow\" style=\"flex-basis:66.66%\">\n<h2 class=\"wp-block-heading\"><strong>Klaudia Taev<\/strong><\/h2>\n\n\n\n<p><em>1982. aastal kirjutas Estonia teatri populaarne ja rahva seas v\u00e4ga armastatud operetilauljanna Asta Vihandi Klaudia Taevile: \u201cUskuge: Teie kunagised \u00f5pilased ei unusta Teid! <\/em><br><em>Enam pole ei Taevi ega Vihandit, kuid \u00f5pilase s\u00f5nad \u00f5petajale peavad paika.\"<br>Toomas Kuter - P\u00e4rnu Postimees, 7. aprill 2006<\/em><\/p>\n\n\n\n<p><\/p>\n\n\n\n<p><strong>Klaudia Taev<\/strong>&nbsp;(1906-1985) ei olnud k\u00fcll Eesti tuntuim vokaalpedagoog, kuid tema erip\u00e4ra m\u00f5istavad k\u00f5ik, kes temaga kunagi mingil p\u00f5hjusel kokku puutunud on. Paljud said oma esimesed laulutunnid just temalt; mitmed on kasvanud tunnustatud lauljateks; ja paljudele oli ta Euroopa v\u00e4ikelinna kultuurimajakaks.<\/p>\n<\/div>\n<\/div>\n<\/div>\n<\/div>\n<\/div><\/div>\n<\/div>\n<\/div>\n\n\n\n<p>Klaudia Taev s\u00fcndis 13. aprillil 1906. aastal Kuressaares \u00f5petajate perekonnas. Huvi laulmise ja muusika vastu tekkis tal juba lapsep\u00f5lves. Tallinna Konservatooriumis \u00f5ppis ta laulmist esimese eesti soost kutselise laulja Aino Tamme k\u00e4e all. Ta on \u00f5ppinud ka tolleaegsete Eesti parimate \u00f5petajate juures, nagu prantslasest Varvara Malama, kes pidas oma laulustuudiot Tallinnas, aga ka kuulsa itaalia metsosoprani Armanda Degli Abbati juures, kelle kutsus Eesti kultuuriministeerium kohalikke lauljaid \u00f5petama, ja ka kuulsa eesti baritoni Aleksander Arderiga.<\/p>\n\n\n\n<p>Kahjuks j\u00e4i tema lauljakarj\u00e4\u00e4r l\u00fchikeseks. Haiguse tagaj\u00e4rjel kaotas ta h\u00e4\u00e4le ning p\u00fchendas oma edasise elu teiste \u00f5petamisele.<\/p>\n\n\n\n<p>II maailmas\u00f5ja puhkedes emigreerus Taev tollaste kunstiansamblite koosseisus Jaroslavli, kus ta oli Eesti kooride h\u00e4\u00e4leseadja, alustades samal ajal tegelemist ka solistidega. Jaroslavli p\u00e4evilt v\u00f5tsid temalt soololaulu tunde miljoneid lummanud bariton Georg Ots ja tenor Viktor Gurjev. Neljak\u00fcmnendate aastate l\u00f5pp t\u00f5i Klaudia Taevi P\u00e4rnusse. Siinse muusikaeluga j\u00e4i ta alatiselt seotuks. \u00d5petaja ja h\u00e4\u00e4leseadja oli ta kuni elu viimase p\u00e4evani, andes tunde rasket haigust trotsides. Omap\u00e4rase veidrikuna oleks Taev laulma pannud ilmselt kogu linna, kui talle selleks voli oleks antud. Taevi esimesed t\u00f6\u00f6aastad kulgesid P\u00e4rnu muusikakooli lauluosakonnas, mis 1948. aastal suleti, h\u00e4\u00e4leseadet ja solisti\u00f5pet said temalt tollased Endla teatri opereti- ja draaman\u00e4itlejad. T\u00f6\u00f6tas erinevates kohalikes kultuurikeskustes solistide ja vokaalansamblite juhendajana ning oli ka erinevate kooride vokaaltreeneriks.<\/p>\n\n\n\n<p>Taevi panus P\u00e4rnu lauluellu on olnud fenomenaalne. Mitte keegi ei oska t\u00e4pselt \u00f6elda tema \u00f5pilaste arvu, mis ulatub sadadesse, kui mitte rohkem. Tema nimi omandas Eesti muusikaelus olulise k\u00f5lapinna. Estonia teatrisse siirdusid tema \u00f5pilastena alustanud Urve Tauts, Eve Neem, Marvi Taggo, Kai Parmas, Hans Miilberg, Tiina Palmer, Ain Orav, Vladislav Horu\u017eenko ja teised, Vanemuises laulsid Silvia Vestmann ja Ivi Ervin, laulutunde v\u00f5tsid Taevilt Malle Raid, Asta Vihandi, Elsa Maasik, Endel Simmermann, Peeter Kaljum\u00e4e, Varvara Jerilova, Endla Murd ja paljud teised.<\/p>\n\n\n\n<p>Klaudia Taevi energiline ja sihikindel elu l\u00f5ppes 7. juunil 1985 raske haiguse tagaj\u00e4rjel.<\/p>\n\n\n\n<p>Kuigi \u00f5petaja Taev 1985. aastal manala teele siirdus, olid tema t\u00f6\u00f6 viljad leidnud soodsa kasvupinnase. 1996. aasta aprillis, kui m\u00f6\u00f6dus 90 aastat Klaudia Taevi s\u00fcnnist, toimus esimene Klaudia Taevi nimeline rahvusvaheline noorte lauljate konkurss.<\/p>\n\n\n\n<p><\/p>\n\n\n\n<figure class=\"wp-block-gallery columns-3 wp-block-gallery-1 is-layout-flex wp-block-gallery-is-layout-flex\"><ul class=\"blocks-gallery-grid\"><li class=\"blocks-gallery-item\"><figure><a href=\"https:\/\/promfest.ee\/wp-content\/uploads\/2021\/02\/Klaudia-26-years-old-scaled.jpg\"><img loading=\"lazy\" decoding=\"async\" width=\"2560\" height=\"2560\" src=\"https:\/\/promfest.ee\/wp-content\/uploads\/2021\/02\/Klaudia-26-years-old-scaled.jpg\" alt=\"\" data-id=\"1318\" data-full-url=\"https:\/\/promfest.ee\/wp-content\/uploads\/2021\/02\/Klaudia-26-years-old-scaled.jpg\" data-link=\"https:\/\/promfest.ee\/competition\/klaudia-taev\/klaudia-26-years-old\/\" class=\"wp-image-1318\" srcset=\"https:\/\/www.promfest.ee\/wp-content\/uploads\/2021\/02\/Klaudia-26-years-old-scaled.jpg 2560w, https:\/\/www.promfest.ee\/wp-content\/uploads\/2021\/02\/Klaudia-26-years-old-300x300.jpg 300w, https:\/\/www.promfest.ee\/wp-content\/uploads\/2021\/02\/Klaudia-26-years-old-1024x1024.jpg 1024w, https:\/\/www.promfest.ee\/wp-content\/uploads\/2021\/02\/Klaudia-26-years-old-150x150.jpg 150w, https:\/\/www.promfest.ee\/wp-content\/uploads\/2021\/02\/Klaudia-26-years-old-768x768.jpg 768w, https:\/\/www.promfest.ee\/wp-content\/uploads\/2021\/02\/Klaudia-26-years-old-1536x1536.jpg 1536w, https:\/\/www.promfest.ee\/wp-content\/uploads\/2021\/02\/Klaudia-26-years-old-2048x2048.jpg 2048w, https:\/\/www.promfest.ee\/wp-content\/uploads\/2021\/02\/Klaudia-26-years-old-12x12.jpg 12w\" sizes=\"auto, (max-width: 2560px) 100vw, 2560px\" \/><\/a><figcaption class=\"blocks-gallery-item__caption\">Klaudia Taev 26. aastasena<\/figcaption><\/figure><\/li><li class=\"blocks-gallery-item\"><figure><a href=\"https:\/\/promfest.ee\/wp-content\/uploads\/2021\/02\/Klaudia-teaching-and-playing-scaled.jpg\"><img loading=\"lazy\" decoding=\"async\" width=\"2560\" height=\"2560\" src=\"https:\/\/promfest.ee\/wp-content\/uploads\/2021\/02\/Klaudia-teaching-and-playing-scaled.jpg\" alt=\"\" data-id=\"1323\" data-full-url=\"https:\/\/promfest.ee\/wp-content\/uploads\/2021\/02\/Klaudia-teaching-and-playing-scaled.jpg\" data-link=\"https:\/\/promfest.ee\/competition\/klaudia-taev\/klaudia-teaching-and-playing\/\" class=\"wp-image-1323\" srcset=\"https:\/\/www.promfest.ee\/wp-content\/uploads\/2021\/02\/Klaudia-teaching-and-playing-scaled.jpg 2560w, https:\/\/www.promfest.ee\/wp-content\/uploads\/2021\/02\/Klaudia-teaching-and-playing-300x300.jpg 300w, https:\/\/www.promfest.ee\/wp-content\/uploads\/2021\/02\/Klaudia-teaching-and-playing-1024x1024.jpg 1024w, https:\/\/www.promfest.ee\/wp-content\/uploads\/2021\/02\/Klaudia-teaching-and-playing-150x150.jpg 150w, https:\/\/www.promfest.ee\/wp-content\/uploads\/2021\/02\/Klaudia-teaching-and-playing-768x768.jpg 768w, https:\/\/www.promfest.ee\/wp-content\/uploads\/2021\/02\/Klaudia-teaching-and-playing-1536x1536.jpg 1536w, https:\/\/www.promfest.ee\/wp-content\/uploads\/2021\/02\/Klaudia-teaching-and-playing-2048x2048.jpg 2048w, https:\/\/www.promfest.ee\/wp-content\/uploads\/2021\/02\/Klaudia-teaching-and-playing-12x12.jpg 12w\" sizes=\"auto, (max-width: 2560px) 100vw, 2560px\" \/><\/a><figcaption class=\"blocks-gallery-item__caption\">Laulutundi andmas <\/figcaption><\/figure><\/li><li class=\"blocks-gallery-item\"><figure><a href=\"https:\/\/promfest.ee\/wp-content\/uploads\/2021\/02\/Klaudia-doing-bad-things-together-with-students.jpg\"><img loading=\"lazy\" decoding=\"async\" width=\"2487\" height=\"2487\" src=\"https:\/\/promfest.ee\/wp-content\/uploads\/2021\/02\/Klaudia-doing-bad-things-together-with-students.jpg\" alt=\"\" data-id=\"1319\" data-full-url=\"https:\/\/promfest.ee\/wp-content\/uploads\/2021\/02\/Klaudia-doing-bad-things-together-with-students.jpg\" data-link=\"https:\/\/promfest.ee\/competition\/klaudia-taev\/klaudia-doing-bad-things-together-with-students\/\" class=\"wp-image-1319\" srcset=\"https:\/\/www.promfest.ee\/wp-content\/uploads\/2021\/02\/Klaudia-doing-bad-things-together-with-students.jpg 2487w, https:\/\/www.promfest.ee\/wp-content\/uploads\/2021\/02\/Klaudia-doing-bad-things-together-with-students-300x300.jpg 300w, https:\/\/www.promfest.ee\/wp-content\/uploads\/2021\/02\/Klaudia-doing-bad-things-together-with-students-1024x1024.jpg 1024w, https:\/\/www.promfest.ee\/wp-content\/uploads\/2021\/02\/Klaudia-doing-bad-things-together-with-students-150x150.jpg 150w, https:\/\/www.promfest.ee\/wp-content\/uploads\/2021\/02\/Klaudia-doing-bad-things-together-with-students-768x768.jpg 768w, https:\/\/www.promfest.ee\/wp-content\/uploads\/2021\/02\/Klaudia-doing-bad-things-together-with-students-1536x1536.jpg 1536w, https:\/\/www.promfest.ee\/wp-content\/uploads\/2021\/02\/Klaudia-doing-bad-things-together-with-students-2048x2048.jpg 2048w, https:\/\/www.promfest.ee\/wp-content\/uploads\/2021\/02\/Klaudia-doing-bad-things-together-with-students-12x12.jpg 12w\" sizes=\"auto, (max-width: 2487px) 100vw, 2487px\" \/><\/a><figcaption class=\"blocks-gallery-item__caption\">Koos oma \u00f5pilastega<\/figcaption><\/figure><\/li><li class=\"blocks-gallery-item\"><figure><a href=\"https:\/\/promfest.ee\/wp-content\/uploads\/2021\/02\/Klaudia-typical-after-five-tea-meeting.jpg\"><img loading=\"lazy\" decoding=\"async\" width=\"2328\" height=\"2328\" src=\"https:\/\/promfest.ee\/wp-content\/uploads\/2021\/02\/Klaudia-typical-after-five-tea-meeting.jpg\" alt=\"\" data-id=\"1324\" data-full-url=\"https:\/\/promfest.ee\/wp-content\/uploads\/2021\/02\/Klaudia-typical-after-five-tea-meeting.jpg\" data-link=\"https:\/\/promfest.ee\/competition\/klaudia-taev\/klaudia-typical-after-five-tea-meeting\/\" class=\"wp-image-1324\" srcset=\"https:\/\/www.promfest.ee\/wp-content\/uploads\/2021\/02\/Klaudia-typical-after-five-tea-meeting.jpg 2328w, https:\/\/www.promfest.ee\/wp-content\/uploads\/2021\/02\/Klaudia-typical-after-five-tea-meeting-300x300.jpg 300w, https:\/\/www.promfest.ee\/wp-content\/uploads\/2021\/02\/Klaudia-typical-after-five-tea-meeting-1024x1024.jpg 1024w, https:\/\/www.promfest.ee\/wp-content\/uploads\/2021\/02\/Klaudia-typical-after-five-tea-meeting-150x150.jpg 150w, https:\/\/www.promfest.ee\/wp-content\/uploads\/2021\/02\/Klaudia-typical-after-five-tea-meeting-768x768.jpg 768w, https:\/\/www.promfest.ee\/wp-content\/uploads\/2021\/02\/Klaudia-typical-after-five-tea-meeting-1536x1536.jpg 1536w, https:\/\/www.promfest.ee\/wp-content\/uploads\/2021\/02\/Klaudia-typical-after-five-tea-meeting-2048x2048.jpg 2048w, https:\/\/www.promfest.ee\/wp-content\/uploads\/2021\/02\/Klaudia-typical-after-five-tea-meeting-12x12.jpg 12w\" sizes=\"auto, (max-width: 2328px) 100vw, 2328px\" \/><\/a><figcaption class=\"blocks-gallery-item__caption\">Kellaviietee s\u00f5brannade seltsis<\/figcaption><\/figure><\/li><li class=\"blocks-gallery-item\"><figure><a href=\"https:\/\/promfest.ee\/wp-content\/uploads\/2021\/02\/Klaudia-with-a-chorus.jpg\"><img loading=\"lazy\" decoding=\"async\" width=\"1988\" height=\"1987\" src=\"https:\/\/promfest.ee\/wp-content\/uploads\/2021\/02\/Klaudia-with-a-chorus.jpg\" alt=\"\" data-id=\"1325\" data-full-url=\"https:\/\/promfest.ee\/wp-content\/uploads\/2021\/02\/Klaudia-with-a-chorus.jpg\" data-link=\"https:\/\/promfest.ee\/competition\/klaudia-taev\/klaudia-with-a-chorus\/\" class=\"wp-image-1325\" srcset=\"https:\/\/www.promfest.ee\/wp-content\/uploads\/2021\/02\/Klaudia-with-a-chorus.jpg 1988w, https:\/\/www.promfest.ee\/wp-content\/uploads\/2021\/02\/Klaudia-with-a-chorus-300x300.jpg 300w, https:\/\/www.promfest.ee\/wp-content\/uploads\/2021\/02\/Klaudia-with-a-chorus-1024x1024.jpg 1024w, https:\/\/www.promfest.ee\/wp-content\/uploads\/2021\/02\/Klaudia-with-a-chorus-150x150.jpg 150w, https:\/\/www.promfest.ee\/wp-content\/uploads\/2021\/02\/Klaudia-with-a-chorus-768x768.jpg 768w, https:\/\/www.promfest.ee\/wp-content\/uploads\/2021\/02\/Klaudia-with-a-chorus-1536x1536.jpg 1536w, https:\/\/www.promfest.ee\/wp-content\/uploads\/2021\/02\/Klaudia-with-a-chorus-12x12.jpg 12w\" sizes=\"auto, (max-width: 1988px) 100vw, 1988px\" \/><\/a><figcaption class=\"blocks-gallery-item__caption\">Koos oma kooriga<\/figcaption><\/figure><\/li><li class=\"blocks-gallery-item\"><figure><a href=\"https:\/\/promfest.ee\/wp-content\/uploads\/2021\/02\/Klaudia-playing-piano-scaled.jpg\"><img loading=\"lazy\" decoding=\"async\" width=\"2560\" height=\"2560\" src=\"https:\/\/promfest.ee\/wp-content\/uploads\/2021\/02\/Klaudia-playing-piano-scaled.jpg\" alt=\"\" data-id=\"1321\" data-full-url=\"https:\/\/promfest.ee\/wp-content\/uploads\/2021\/02\/Klaudia-playing-piano-scaled.jpg\" data-link=\"https:\/\/promfest.ee\/competition\/klaudia-taev\/klaudia-playing-piano\/\" class=\"wp-image-1321\" srcset=\"https:\/\/www.promfest.ee\/wp-content\/uploads\/2021\/02\/Klaudia-playing-piano-scaled.jpg 2560w, https:\/\/www.promfest.ee\/wp-content\/uploads\/2021\/02\/Klaudia-playing-piano-300x300.jpg 300w, https:\/\/www.promfest.ee\/wp-content\/uploads\/2021\/02\/Klaudia-playing-piano-1024x1024.jpg 1024w, https:\/\/www.promfest.ee\/wp-content\/uploads\/2021\/02\/Klaudia-playing-piano-150x150.jpg 150w, https:\/\/www.promfest.ee\/wp-content\/uploads\/2021\/02\/Klaudia-playing-piano-768x768.jpg 768w, https:\/\/www.promfest.ee\/wp-content\/uploads\/2021\/02\/Klaudia-playing-piano-1536x1536.jpg 1536w, https:\/\/www.promfest.ee\/wp-content\/uploads\/2021\/02\/Klaudia-playing-piano-2048x2048.jpg 2048w, https:\/\/www.promfest.ee\/wp-content\/uploads\/2021\/02\/Klaudia-playing-piano-12x12.jpg 12w\" sizes=\"auto, (max-width: 2560px) 100vw, 2560px\" \/><\/a><figcaption class=\"blocks-gallery-item__caption\">Laulutundi andmas<\/figcaption><\/figure><\/li><li class=\"blocks-gallery-item\"><figure><a href=\"https:\/\/promfest.ee\/wp-content\/uploads\/2021\/02\/Klaudia-Taev-75th-birthday-scaled.jpg\"><img loading=\"lazy\" decoding=\"async\" width=\"2560\" height=\"2560\" src=\"https:\/\/promfest.ee\/wp-content\/uploads\/2021\/02\/Klaudia-Taev-75th-birthday-scaled.jpg\" alt=\"\" data-id=\"1322\" data-full-url=\"https:\/\/promfest.ee\/wp-content\/uploads\/2021\/02\/Klaudia-Taev-75th-birthday-scaled.jpg\" data-link=\"https:\/\/promfest.ee\/competition\/klaudia-taev\/klaudia-taev-75th-birthday\/\" class=\"wp-image-1322\" srcset=\"https:\/\/www.promfest.ee\/wp-content\/uploads\/2021\/02\/Klaudia-Taev-75th-birthday-scaled.jpg 2560w, https:\/\/www.promfest.ee\/wp-content\/uploads\/2021\/02\/Klaudia-Taev-75th-birthday-300x300.jpg 300w, https:\/\/www.promfest.ee\/wp-content\/uploads\/2021\/02\/Klaudia-Taev-75th-birthday-1024x1024.jpg 1024w, https:\/\/www.promfest.ee\/wp-content\/uploads\/2021\/02\/Klaudia-Taev-75th-birthday-150x150.jpg 150w, https:\/\/www.promfest.ee\/wp-content\/uploads\/2021\/02\/Klaudia-Taev-75th-birthday-768x768.jpg 768w, https:\/\/www.promfest.ee\/wp-content\/uploads\/2021\/02\/Klaudia-Taev-75th-birthday-1536x1536.jpg 1536w, https:\/\/www.promfest.ee\/wp-content\/uploads\/2021\/02\/Klaudia-Taev-75th-birthday-2048x2048.jpg 2048w, https:\/\/www.promfest.ee\/wp-content\/uploads\/2021\/02\/Klaudia-Taev-75th-birthday-12x12.jpg 12w\" sizes=\"auto, (max-width: 2560px) 100vw, 2560px\" \/><\/a><figcaption class=\"blocks-gallery-item__caption\">Taevi 75. s\u00fcnnip\u00e4ev<\/figcaption><\/figure><\/li><li class=\"blocks-gallery-item\"><figure><a href=\"https:\/\/promfest.ee\/wp-content\/uploads\/2021\/02\/Klaudia-last-birthday-with-students-scaled.jpg\"><img loading=\"lazy\" decoding=\"async\" width=\"2560\" height=\"2560\" src=\"https:\/\/promfest.ee\/wp-content\/uploads\/2021\/02\/Klaudia-last-birthday-with-students-scaled.jpg\" alt=\"\" data-id=\"1320\" data-full-url=\"https:\/\/promfest.ee\/wp-content\/uploads\/2021\/02\/Klaudia-last-birthday-with-students-scaled.jpg\" data-link=\"https:\/\/promfest.ee\/competition\/klaudia-taev\/klaudia-last-birthday-with-students\/\" class=\"wp-image-1320\" srcset=\"https:\/\/www.promfest.ee\/wp-content\/uploads\/2021\/02\/Klaudia-last-birthday-with-students-scaled.jpg 2560w, https:\/\/www.promfest.ee\/wp-content\/uploads\/2021\/02\/Klaudia-last-birthday-with-students-300x300.jpg 300w, https:\/\/www.promfest.ee\/wp-content\/uploads\/2021\/02\/Klaudia-last-birthday-with-students-1024x1024.jpg 1024w, https:\/\/www.promfest.ee\/wp-content\/uploads\/2021\/02\/Klaudia-last-birthday-with-students-150x150.jpg 150w, https:\/\/www.promfest.ee\/wp-content\/uploads\/2021\/02\/Klaudia-last-birthday-with-students-768x768.jpg 768w, https:\/\/www.promfest.ee\/wp-content\/uploads\/2021\/02\/Klaudia-last-birthday-with-students-1536x1536.jpg 1536w, https:\/\/www.promfest.ee\/wp-content\/uploads\/2021\/02\/Klaudia-last-birthday-with-students-2048x2048.jpg 2048w, https:\/\/www.promfest.ee\/wp-content\/uploads\/2021\/02\/Klaudia-last-birthday-with-students-12x12.jpg 12w\" sizes=\"auto, (max-width: 2560px) 100vw, 2560px\" \/><\/a><figcaption class=\"blocks-gallery-item__caption\">Taevi viimane s\u00fcnnip\u00e4evapidu \u00f5pilastega<\/figcaption><\/figure><\/li><li class=\"blocks-gallery-item\"><figure><a href=\"https:\/\/promfest.ee\/wp-content\/uploads\/2021\/02\/Klaudia-with-students.jpg\"><img loading=\"lazy\" decoding=\"async\" width=\"2182\" height=\"2183\" src=\"https:\/\/promfest.ee\/wp-content\/uploads\/2021\/02\/Klaudia-with-students.jpg\" alt=\"\" data-id=\"1328\" data-full-url=\"https:\/\/promfest.ee\/wp-content\/uploads\/2021\/02\/Klaudia-with-students.jpg\" data-link=\"https:\/\/promfest.ee\/competition\/klaudia-taev\/klaudia-with-students\/\" class=\"wp-image-1328\" srcset=\"https:\/\/www.promfest.ee\/wp-content\/uploads\/2021\/02\/Klaudia-with-students.jpg 2182w, https:\/\/www.promfest.ee\/wp-content\/uploads\/2021\/02\/Klaudia-with-students-300x300.jpg 300w, https:\/\/www.promfest.ee\/wp-content\/uploads\/2021\/02\/Klaudia-with-students-1024x1024.jpg 1024w, https:\/\/www.promfest.ee\/wp-content\/uploads\/2021\/02\/Klaudia-with-students-150x150.jpg 150w, https:\/\/www.promfest.ee\/wp-content\/uploads\/2021\/02\/Klaudia-with-students-768x768.jpg 768w, https:\/\/www.promfest.ee\/wp-content\/uploads\/2021\/02\/Klaudia-with-students-1536x1536.jpg 1536w, https:\/\/www.promfest.ee\/wp-content\/uploads\/2021\/02\/Klaudia-with-students-2048x2048.jpg 2048w, https:\/\/www.promfest.ee\/wp-content\/uploads\/2021\/02\/Klaudia-with-students-12x12.jpg 12w\" sizes=\"auto, (max-width: 2182px) 100vw, 2182px\" \/><\/a><figcaption class=\"blocks-gallery-item__caption\">\u00dcks viimastest \u00fclesv\u00f5tetest Klaudia Taevist<\/figcaption><\/figure><\/li><\/ul><\/figure>","protected":false},"excerpt":{"rendered":"<p>Klaudia Taev In 1982, the popular and beloved Estonian operetta singer Asta Vihandi wrote to Klaudia Taev: &#8220;Believe me!: Your students will never forget you!&#8221; There is no more Taev neither Vihandi, but the student&#8217;s words to her teacher became true.&#8221;Toomas Kuter \u2013 P\u00e4rnu Postimees, April 7, 2006 Klaudia Taev&nbsp;(1906-1985) was not the most famous [&hellip;]<\/p>","protected":false},"author":1,"featured_media":0,"parent":245,"menu_order":14,"comment_status":"closed","ping_status":"closed","template":"","meta":{"footnotes":""},"class_list":["post-29","page","type-page","status-publish","hentry"],"_links":{"self":[{"href":"https:\/\/www.promfest.ee\/et\/wp-json\/wp\/v2\/pages\/29","targetHints":{"allow":["GET"]}}],"collection":[{"href":"https:\/\/www.promfest.ee\/et\/wp-json\/wp\/v2\/pages"}],"about":[{"href":"https:\/\/www.promfest.ee\/et\/wp-json\/wp\/v2\/types\/page"}],"author":[{"embeddable":true,"href":"https:\/\/www.promfest.ee\/et\/wp-json\/wp\/v2\/users\/1"}],"replies":[{"embeddable":true,"href":"https:\/\/www.promfest.ee\/et\/wp-json\/wp\/v2\/comments?post=29"}],"version-history":[{"count":19,"href":"https:\/\/www.promfest.ee\/et\/wp-json\/wp\/v2\/pages\/29\/revisions"}],"predecessor-version":[{"id":6006,"href":"https:\/\/www.promfest.ee\/et\/wp-json\/wp\/v2\/pages\/29\/revisions\/6006"}],"up":[{"embeddable":true,"href":"https:\/\/www.promfest.ee\/et\/wp-json\/wp\/v2\/pages\/245"}],"wp:attachment":[{"href":"https:\/\/www.promfest.ee\/et\/wp-json\/wp\/v2\/media?parent=29"}],"curies":[{"name":"wp","href":"https:\/\/api.w.org\/{rel}","templated":true}]}}