{"id":2839,"date":"2021-09-13T13:14:19","date_gmt":"2021-09-13T13:14:19","guid":{"rendered":"https:\/\/www.promfest.ee\/?page_id=2839"},"modified":"2025-06-25T02:33:43","modified_gmt":"2025-06-24T23:33:43","slug":"zasimova","status":"publish","type":"page","link":"https:\/\/www.promfest.ee\/et\/competition\/laureates\/zasimova\/","title":{"rendered":"Julia Zasimova"},"content":{"rendered":"<h3 class=\"wp-block-heading has-text-align-left\">Julia Zasimova<\/h3>\n\n\n\n<h4 class=\"wp-block-heading\">Soprano \/ 1992-01-18<\/h4>\n\n\n\n<p><strong>Ukraina \/ Ukraine<\/strong><\/p>\n\n\n\n<div class=\"wp-block-media-text alignwide is-stacked-on-mobile is-vertically-aligned-top\" style=\"grid-template-columns:34% auto\"><figure class=\"wp-block-media-text__media\"><img loading=\"lazy\" decoding=\"async\" width=\"235\" height=\"400\" src=\"https:\/\/www.promfest.ee\/wp-content\/uploads\/2021\/09\/Yuliia_Zasimova.jpg\" alt=\"\" class=\"wp-image-2858 size-full\" srcset=\"https:\/\/www.promfest.ee\/wp-content\/uploads\/2021\/09\/Yuliia_Zasimova.jpg 235w, https:\/\/www.promfest.ee\/wp-content\/uploads\/2021\/09\/Yuliia_Zasimova-176x300.jpg 176w, https:\/\/www.promfest.ee\/wp-content\/uploads\/2021\/09\/Yuliia_Zasimova-7x12.jpg 7w\" sizes=\"auto, (max-width: 235px) 100vw, 235px\" \/><\/figure><div class=\"wp-block-media-text__content\">\n<h3 class=\"wp-block-heading\"><strong>KAVA \/ PROGRAM<\/strong><\/h3>\n\n\n\n<p>II VOOR \/ 2ND ROUND<\/p>\n\n\n\n<p>Haydn &#8211; Il mondo della Luna &#8211; Flaminia &#8211; Ragion nell&#8217;alma siede<br>Massenet &#8211; Manon &#8211; Manon &#8211; Allons, il le faut\u2026Adieu, notre petite tabl<\/p>\n\n\n\n<p><br><\/p>\n\n\n\n<p>III VOOR \/ 3RD ROUND<\/p>\n\n\n\n<p>Schubert &#8211; Ave Maria<br>Strauss &#8211; St\u00e4ndchen<\/p>\n\n\n\n<p><strong><br><\/strong><\/p>\n\n\n\n<p>IV VOOR \/ 4TH ROUND<\/p>\n\n\n\n<p>Menotti &#8211; The Medium &#8211; Monica &#8211; Bravo! And after the theater, supper and dance<br>Thomas &#8211; Hamlet &#8211; Ophelia &#8211; A vos jeux, mes amis<\/p>\n\n\n\n<p><br><\/p>\n\n\n\n<p>FINAAL \/ FINAL ROUND<\/p>\n\n\n\n<p>Donizetti &#8211; Lucia di Lammermoor &#8211; Lucia &#8211; Quando rapito in estasi<br>\u2014\u2014\u2014\u2014\u2014\u2014\u2014\u2014\u2014\u2014\u2014\u2014<br>Dvorak &#8211; Rusalka &#8211; Rusalka &#8211; Mesicku na nebi hlubokem<br>Verdi &#8211; Rigoletto &#8211; Gilda &#8211; Caro nome<br>Gounod &#8211; Rom\u00e9o et Juliette &#8211; Juliet &#8211; Je veux vivre!<\/p>\n<\/div><\/div>\n\n\n\n<section id=\"section-d031461e-fe8b-47e8-b111-0fab7a8a12fc\" class=\"wp-block-gutentor-divider section-d031461e-fe8b-47e8-b111-0fab7a8a12fc gutentor-element gutentor-section gutentor-divider text-center\"><div class=\"grid-container\"><div class=\"gutentor-divider-box\"><span><svg xmlns=\"http:\/\/www.w3.org\/2000\/svg\" viewbox=\"0 0 240 40\" preserveaspectratio=\"none\"><path d=\"M56.2 20c5.3-.1 10.6-.2 16-.3l16-.2c10.6-.1 21.3-.1 31.9-.2 10.6.1 21.3 0 31.9.1l16 .2c5.3.1 10.6.2 16 .3-5.3.1-10.6.2-16 .3l-16 .2c-10.6.1-21.3.1-31.9.1-10.6-.1-21.3 0-31.9-.2l-16-.2c-5.4.1-10.7 0-16-.1z\"><\/path><\/svg><\/span><\/div><\/div><\/section>\n\n\n\n<p><strong>Haridus \/ Education<\/strong><\/p>\n\n\n\n<p>International Opera Studio Zurich (2018-20)<br>National Music Academy of Ukraine (BA, 2011-18)<br>Luhansk College of Culture and Arts (2007-11)<\/p>\n\n\n\n<p><br><\/p>\n\n\n\n<p><strong>T\u00e4iend\u00f5pe, konkursid \/ Further studies, competitions<\/strong><\/p>\n\n\n\n<p>Bulbul International Vocal Competition (3rd Prize, 2018)<br>Masterclass with Emma Kirkby (2017)<br>Workshops: Ann Murray, Brigitte Fassbaender, Fabio Luisi, Quinn Kelsey, Floris Visser<\/p>\n\n\n\n<p><strong>Erialased kogemused \/ Professional experience<\/strong><\/p>\n\n\n\n<p>Marfa, Tsar\u2019s Bride (Kiev Opera studio, 2017)<br>Aretea (Alcide by Bortniansky, LvivMozArt Festival 2018),<br>Z\u00fcrich Opernhaus: Taum\u00e4nnchen (H\u00e4nsel und Gretel 2018), Pousette (Manon by<br>Massenet), Barbarina, Miss Spink (Coraline by Turnage, 2019)<\/p>\n\n\n\n<p><br><\/p>\n\n\n\n<p><strong>Tulevikuplaanid \/ Future plans<\/strong><\/p>\n\n\n\n<p>Dream roles: Susanna, Pamina, Gilda, Violetta, Lucia (Lucia di Lammermoor), Adina (L&#8217;Elisir<code> d<\/code>&#8216;amore)<\/p>","protected":false},"excerpt":{"rendered":"<p>sopran \/ Ukraina<\/p>\n<p>Finalist<\/p>","protected":false},"author":1,"featured_media":4062,"parent":28,"menu_order":68,"comment_status":"closed","ping_status":"closed","template":"","meta":{"footnotes":""},"class_list":["post-2839","page","type-page","status-publish","has-post-thumbnail","hentry"],"_links":{"self":[{"href":"https:\/\/www.promfest.ee\/et\/wp-json\/wp\/v2\/pages\/2839","targetHints":{"allow":["GET"]}}],"collection":[{"href":"https:\/\/www.promfest.ee\/et\/wp-json\/wp\/v2\/pages"}],"about":[{"href":"https:\/\/www.promfest.ee\/et\/wp-json\/wp\/v2\/types\/page"}],"author":[{"embeddable":true,"href":"https:\/\/www.promfest.ee\/et\/wp-json\/wp\/v2\/users\/1"}],"replies":[{"embeddable":true,"href":"https:\/\/www.promfest.ee\/et\/wp-json\/wp\/v2\/comments?post=2839"}],"version-history":[{"count":6,"href":"https:\/\/www.promfest.ee\/et\/wp-json\/wp\/v2\/pages\/2839\/revisions"}],"predecessor-version":[{"id":5505,"href":"https:\/\/www.promfest.ee\/et\/wp-json\/wp\/v2\/pages\/2839\/revisions\/5505"}],"up":[{"embeddable":true,"href":"https:\/\/www.promfest.ee\/et\/wp-json\/wp\/v2\/pages\/28"}],"wp:featuredmedia":[{"embeddable":true,"href":"https:\/\/www.promfest.ee\/et\/wp-json\/wp\/v2\/media\/4062"}],"wp:attachment":[{"href":"https:\/\/www.promfest.ee\/et\/wp-json\/wp\/v2\/media?parent=2839"}],"curies":[{"name":"wp","href":"https:\/\/api.w.org\/{rel}","templated":true}]}}