{"id":2798,"date":"2021-09-13T12:20:02","date_gmt":"2021-09-13T12:20:02","guid":{"rendered":"https:\/\/www.promfest.ee\/?page_id=2798"},"modified":"2025-06-25T02:33:43","modified_gmt":"2025-06-24T23:33:43","slug":"moskalchuk","status":"publish","type":"page","link":"https:\/\/www.promfest.ee\/et\/competition\/laureates\/moskalchuk\/","title":{"rendered":"Sergei Moskalt\u0161uk"},"content":{"rendered":"<h3 class=\"wp-block-heading has-text-align-left\">Sergei Moskalt\u0161uk<\/h3>\n\n\n\n<h4 class=\"wp-block-heading\">Bass-baritone \/ 1991-05-09<\/h4>\n\n\n\n<p><strong>Ukraina \/ Ukraine<\/strong><\/p>\n\n\n\n<div class=\"wp-block-media-text alignwide is-stacked-on-mobile is-vertically-aligned-top\" style=\"grid-template-columns:34% auto\"><figure class=\"wp-block-media-text__media\"><img loading=\"lazy\" decoding=\"async\" width=\"266\" height=\"400\" src=\"https:\/\/www.promfest.ee\/wp-content\/uploads\/2021\/09\/Serhii_Moskalchuk.jpg\" alt=\"\" class=\"wp-image-2824 size-full\" srcset=\"https:\/\/www.promfest.ee\/wp-content\/uploads\/2021\/09\/Serhii_Moskalchuk.jpg 266w, https:\/\/www.promfest.ee\/wp-content\/uploads\/2021\/09\/Serhii_Moskalchuk-200x300.jpg 200w, https:\/\/www.promfest.ee\/wp-content\/uploads\/2021\/09\/Serhii_Moskalchuk-8x12.jpg 8w\" sizes=\"auto, (max-width: 266px) 100vw, 266px\" \/><\/figure><div class=\"wp-block-media-text__content\">\n<h3 class=\"wp-block-heading\"><strong>KAVA \/ PROGRAM<\/strong><\/h3>\n\n\n\n<p>II VOOR \/ 2ND ROUND<\/p>\n\n\n\n<p>Mozart &#8211; Don Giovanni &#8211; Leporello &#8211; Notte e giorno faticar<br>Bizet &#8211; La Jolie Fille de Perth &#8211; Ralph &#8211; Quand la flamme<\/p>\n\n\n\n<p><br><\/p>\n\n\n\n<p>III VOOR \/ 3RD ROUND<\/p>\n\n\n\n<p>Schubert &#8211; Ave Maria<br>Schubert &#8211; Gruppe aus dem Tartarus<\/p>\n\n\n\n<p><strong><br><\/strong><\/p>\n\n\n\n<p>IV VOOR \/ 4TH ROUND<\/p>\n\n\n\n<p>Stravinsky &#8211; The Rake&#8217;s Progress &#8211; Nick &#8211; Fair lady, gracious gentlemen<br>Verdi &#8211; Don Carlos &#8211; Filippo II &#8211; Ella giammai m&#8217;am\u00f2<\/p>\n\n\n\n<p><br><\/p>\n\n\n\n<p>FINAAL \/ FINAL ROUND<\/p>\n\n\n\n<p>Mozart &#8211; Don Giovanni &#8211; Leporello &#8211; Madamina<br>\u2014\u2014\u2014\u2014\u2014\u2014\u2014\u2014\u2014\u2014\u2014\u2014<br>Gounod &#8211; Faust &#8211; M\u00e8phistoph\u00e9l\u00e8s &#8211; Le veau d&#8217;or est toujours debout!<br>Rossini &#8211; Il Barbiere de Siviglia &#8211; Basilio &#8211; La Calunnia<br>Mozart &#8211; Le nozze di Figaro &#8211; Figaro &#8211; Tutto e disposto.. Aprite un po&#8217;quegli occhi<\/p>\n<\/div><\/div>\n\n\n\n<section id=\"section-b4dac671-9f77-4406-a3e3-75bafb58c8fc\" class=\"wp-block-gutentor-divider section-b4dac671-9f77-4406-a3e3-75bafb58c8fc gutentor-element gutentor-section gutentor-divider text-center\"><div class=\"grid-container\"><div class=\"gutentor-divider-box\"><span><svg xmlns=\"http:\/\/www.w3.org\/2000\/svg\" viewbox=\"0 0 240 40\" preserveaspectratio=\"none\"><path d=\"M56.2 20c5.3-.1 10.6-.2 16-.3l16-.2c10.6-.1 21.3-.1 31.9-.2 10.6.1 21.3 0 31.9.1l16 .2c5.3.1 10.6.2 16 .3-5.3.1-10.6.2-16 .3l-16 .2c-10.6.1-21.3.1-31.9.1-10.6-.1-21.3 0-31.9-.2l-16-.2c-5.4.1-10.7 0-16-.1z\"><\/path><\/svg><\/span><\/div><\/div><\/section>\n\n\n\n<p><strong>Haridus \/ Education<\/strong><\/p>\n\n\n\n<p>HMDK Stuttgart \u2013 Master Oper (MA 2021, Marion Ekstein)<br>National Music Academy of Ukraine (2015, Serhii Skubak)<\/p>\n\n\n\n<p><br><\/p>\n\n\n\n<p><strong>T\u00e4iend\u00f5pe, konkursid \/ Further studies, competitions<\/strong><\/p>\n\n\n\n<p>21st Century Art, Kyiv (3rd Prize, 2013)<br>Lions Club Competition, Stuttgart (1st Prize, 2021)<br>Masterclasses: Eytan Pessen, Natale De Carolis, Simone Di Felice, Angelo Raciti, Cornelis<br>Witthoefft, Ulrike Sonntag<\/p>\n\n\n\n<p><strong>Erialased kogemused \/ Professional experience<\/strong><\/p>\n\n\n\n<p>Old man (Aleko), Bertrand (Iolanta), Gremin, Sobakin (Opera Studio of the National Music<br>Academy of Ukraine 2013-16)<br>Leporello (Wilhelma Theater, Stuttgart 2021)<\/p>\n\n\n\n<p><br><\/p>\n\n\n\n<p><strong>Tulevikuplaanid \/ Future plans<\/strong><\/p>\n\n\n\n<p>Dream role: Figaro (Le nozze di Figaro)<\/p>","protected":false},"excerpt":{"rendered":"<p>Bass-bariton \/ Ukraina<\/p>\n<p>III preemia<\/p>","protected":false},"author":1,"featured_media":4052,"parent":28,"menu_order":66,"comment_status":"closed","ping_status":"closed","template":"","meta":{"footnotes":""},"class_list":["post-2798","page","type-page","status-publish","has-post-thumbnail","hentry"],"_links":{"self":[{"href":"https:\/\/www.promfest.ee\/et\/wp-json\/wp\/v2\/pages\/2798","targetHints":{"allow":["GET"]}}],"collection":[{"href":"https:\/\/www.promfest.ee\/et\/wp-json\/wp\/v2\/pages"}],"about":[{"href":"https:\/\/www.promfest.ee\/et\/wp-json\/wp\/v2\/types\/page"}],"author":[{"embeddable":true,"href":"https:\/\/www.promfest.ee\/et\/wp-json\/wp\/v2\/users\/1"}],"replies":[{"embeddable":true,"href":"https:\/\/www.promfest.ee\/et\/wp-json\/wp\/v2\/comments?post=2798"}],"version-history":[{"count":4,"href":"https:\/\/www.promfest.ee\/et\/wp-json\/wp\/v2\/pages\/2798\/revisions"}],"predecessor-version":[{"id":5503,"href":"https:\/\/www.promfest.ee\/et\/wp-json\/wp\/v2\/pages\/2798\/revisions\/5503"}],"up":[{"embeddable":true,"href":"https:\/\/www.promfest.ee\/et\/wp-json\/wp\/v2\/pages\/28"}],"wp:featuredmedia":[{"embeddable":true,"href":"https:\/\/www.promfest.ee\/et\/wp-json\/wp\/v2\/media\/4052"}],"wp:attachment":[{"href":"https:\/\/www.promfest.ee\/et\/wp-json\/wp\/v2\/media?parent=2798"}],"curies":[{"name":"wp","href":"https:\/\/api.w.org\/{rel}","templated":true}]}}