{"id":2793,"date":"2021-09-13T12:04:34","date_gmt":"2021-09-13T12:04:34","guid":{"rendered":"https:\/\/www.promfest.ee\/?page_id=2793"},"modified":"2025-06-25T02:33:43","modified_gmt":"2025-06-24T23:33:43","slug":"kim","status":"publish","type":"page","link":"https:\/\/www.promfest.ee\/et\/kim\/","title":{"rendered":"Hyun Jung Kim"},"content":{"rendered":"<h3 class=\"has-text-align-left wp-block-heading\">Tenor \/ 1993-08-31<\/h3>\n\n\n\n<h4 class=\"wp-block-heading\"><strong>L\u00f5una-Korea \/ Republic of Korea<\/strong><\/h4>\n\n\n\n<p><\/p>\n\n\n\n<div class=\"wp-block-media-text alignwide is-stacked-on-mobile is-vertically-aligned-top\" style=\"grid-template-columns:34% auto\"><figure class=\"wp-block-media-text__media\"><img loading=\"lazy\" decoding=\"async\" width=\"266\" height=\"400\" src=\"https:\/\/www.promfest.ee\/wp-content\/uploads\/2021\/09\/Hyun-Jung_Kim.jpg\" alt=\"\" class=\"wp-image-2808 size-full\" srcset=\"https:\/\/www.promfest.ee\/wp-content\/uploads\/2021\/09\/Hyun-Jung_Kim.jpg 266w, https:\/\/www.promfest.ee\/wp-content\/uploads\/2021\/09\/Hyun-Jung_Kim-200x300.jpg 200w, https:\/\/www.promfest.ee\/wp-content\/uploads\/2021\/09\/Hyun-Jung_Kim-8x12.jpg 8w\" sizes=\"auto, (max-width: 266px) 100vw, 266px\" \/><\/figure><div class=\"wp-block-media-text__content\">\n<h3 class=\"wp-block-heading\"><strong>KAVA \/ PROGRAM<\/strong><\/h3>\n\n\n\n<p>II VOOR \/ 2ND ROUND<\/p>\n\n\n\n<p>Mozart &#8211; Die Entf\u00fchrung aus dem Serail &#8211; Belmonte &#8211; Konstanze\u2026O wie \u00e4ngstlich<br>Leh\u00e1r &#8211; Land des L\u00e4chelns &#8211; Sou Chong &#8211; Dein ist mein ganzes Herz<\/p>\n\n\n\n<p><br><\/p>\n\n\n\n<p>III VOOR \/ 3RD ROUND<\/p>\n\n\n\n<p>Tosti &#8211; L&#8217;alba separa dalla luce l&#8217;ombra<br>Schubert &#8211; Ave Maria<\/p>\n\n\n\n<p><strong><br><\/strong><\/p>\n\n\n\n<p>IV VOOR \/ 4TH ROUND<\/p>\n\n\n\n<p>Donizetti &#8211; Lucia di Lammermoor &#8211; Edgardo &#8211; Tombe degli\u2026 Fra poco a me ricovero<br>Stravinsky &#8211; The Rake&#8217;s Progress &#8211; Tom Rakewell &#8211; Here I Stand<\/p>\n\n\n\n<p><br><\/p>\n\n\n\n<p>FINAAL \/ FINAL ROUND<\/p>\n\n\n\n<p>Gounod &#8211; Rom\u00e9o et Juliette &#8211; Rom\u00e9o &#8211; L\u2019amour\u2026 Ah! l\u00eave-toi soleil<br>\u2014\u2014\u2014\u2014\u2014\u2014\u2014\u2014\u2014\u2014\u2014\u2014<br>Donizetti &#8211; L&#8217;Elisir d&#8217;Amore &#8211; Nemorino &#8211; Una furtiva lagrima<br>Donizetti &#8211; L&#8217;Elisir d&#8217;Amore &#8211; Nemorino &#8211; Quanto \u00e8 bella, quanto \u00e8 cara<br>Cil\u00e8a &#8211; L&#8217;Arlesiana &#8211; Federico &#8211; E&#8217; la solita storia<\/p>\n<\/div><\/div>\n\n\n\n<section id=\"section-fedc39b6-24f0-4c88-a55e-bfe74c6f5402\" class=\"wp-block-gutentor-divider section-fedc39b6-24f0-4c88-a55e-bfe74c6f5402 gutentor-element gutentor-section gutentor-divider text-center\"><div class=\"grid-container\"><div class=\"gutentor-divider-box\"><span><svg xmlns=\"http:\/\/www.w3.org\/2000\/svg\" viewbox=\"0 0 240 40\" preserveaspectratio=\"none\"><path d=\"M56.2 20c5.3-.1 10.6-.2 16-.3l16-.2c10.6-.1 21.3-.1 31.9-.2 10.6.1 21.3 0 31.9.1l16 .2c5.3.1 10.6.2 16 .3-5.3.1-10.6.2-16 .3l-16 .2c-10.6.1-21.3.1-31.9.1-10.6-.1-21.3 0-31.9-.2l-16-.2c-5.4.1-10.7 0-16-.1z\"><\/path><\/svg><\/span><\/div><\/div><\/section>\n\n\n\n<p><strong>Haridus \/ Education<\/strong><\/p>\n\n\n\n<p>Yonsei University, Seoul (2012-19, Moorim Kang)<br>Hochschule f\u00fcr Musik Hanns Eisler Berlin (since 2020, Thomas Quasthoff)<\/p>\n\n\n\n<p><br><\/p>\n\n\n\n<p><strong>T\u00e4iend\u00f5pe, konkursid \/ Further studies, competitions<\/strong><\/p>\n\n\n\n<p>Paparotti Vocal Competition (1st Prize, 2019)<br>Korean Voice Competition (3rd Prize, 2019)<br>Suri Music Competition (3rd Prize, 2019)<\/p>\n\n\n\n<p><strong>Erialased kogemused \/ Professional experience<\/strong><\/p>\n\n\n\n<p>Staatsoper Hannover: Junges Ensemble (2017-18), Mirandas Vater (Ein sanfter Riese<br>2018), Basilio (Le nozze di Figaro 2017-18), Erste Spinnerin (Die drei Spinnerinnen 2018)<br>Nemorino (Yonsei University, 2019)<\/p>\n\n\n\n<p><strong>Tulevikuplaanid \/ Future plans<\/strong><\/p>\n\n\n\n<p>Tamino, Nemorino<\/p>","protected":false},"excerpt":{"rendered":"<p>Tenor \/ 1993-08-31 L\u00f5una-Korea \/ Republic of Korea KAVA \/ PROGRAM II VOOR \/ 2ND ROUND Mozart &#8211; Die Entf\u00fchrung aus dem Serail &#8211; Belmonte &#8211; Konstanze\u2026O wie \u00e4ngstlichLeh\u00e1r &#8211; Land des L\u00e4chelns &#8211; Sou Chong &#8211; Dein ist mein ganzes Herz III VOOR \/ 3RD ROUND Tosti &#8211; L&#8217;alba separa dalla luce l&#8217;ombraSchubert &#8211; [&hellip;]<\/p>","protected":false},"author":1,"featured_media":0,"parent":0,"menu_order":107,"comment_status":"closed","ping_status":"closed","template":"","meta":{"footnotes":""},"class_list":["post-2793","page","type-page","status-publish","hentry"],"_links":{"self":[{"href":"https:\/\/www.promfest.ee\/et\/wp-json\/wp\/v2\/pages\/2793","targetHints":{"allow":["GET"]}}],"collection":[{"href":"https:\/\/www.promfest.ee\/et\/wp-json\/wp\/v2\/pages"}],"about":[{"href":"https:\/\/www.promfest.ee\/et\/wp-json\/wp\/v2\/types\/page"}],"author":[{"embeddable":true,"href":"https:\/\/www.promfest.ee\/et\/wp-json\/wp\/v2\/users\/1"}],"replies":[{"embeddable":true,"href":"https:\/\/www.promfest.ee\/et\/wp-json\/wp\/v2\/comments?post=2793"}],"version-history":[{"count":1,"href":"https:\/\/www.promfest.ee\/et\/wp-json\/wp\/v2\/pages\/2793\/revisions"}],"predecessor-version":[{"id":2809,"href":"https:\/\/www.promfest.ee\/et\/wp-json\/wp\/v2\/pages\/2793\/revisions\/2809"}],"wp:attachment":[{"href":"https:\/\/www.promfest.ee\/et\/wp-json\/wp\/v2\/media?parent=2793"}],"curies":[{"name":"wp","href":"https:\/\/api.w.org\/{rel}","templated":true}]}}