{"id":2757,"date":"2021-09-13T11:55:59","date_gmt":"2021-09-13T11:55:59","guid":{"rendered":"https:\/\/www.promfest.ee\/?page_id=2757"},"modified":"2025-06-25T02:33:43","modified_gmt":"2025-06-24T23:33:43","slug":"jurgens","status":"publish","type":"page","link":"https:\/\/www.promfest.ee\/et\/competition\/laureates\/jurgens\/","title":{"rendered":"Kadi J\u00fcrgens"},"content":{"rendered":"<h3 class=\"wp-block-heading has-text-align-left\">Kadi J\u00fcrgens<\/h3>\n\n\n\n<h4 class=\"wp-block-heading\">Mezzo-soprano \/ 1990-11-13<\/h4>\n\n\n\n<p><strong>Eesti \/ Estonia<\/strong><\/p>\n\n\n\n<p>Pianist: Hein Boterberg<\/p>\n\n\n\n<div class=\"wp-block-media-text alignwide is-stacked-on-mobile is-vertically-aligned-top\" style=\"grid-template-columns:34% auto\"><figure class=\"wp-block-media-text__media\"><img loading=\"lazy\" decoding=\"async\" width=\"368\" height=\"400\" src=\"https:\/\/www.promfest.ee\/wp-content\/uploads\/2021\/09\/Kadi_Jurgens.jpg\" alt=\"\" class=\"wp-image-2791 size-full\" srcset=\"https:\/\/www.promfest.ee\/wp-content\/uploads\/2021\/09\/Kadi_Jurgens.jpg 368w, https:\/\/www.promfest.ee\/wp-content\/uploads\/2021\/09\/Kadi_Jurgens-276x300.jpg 276w, https:\/\/www.promfest.ee\/wp-content\/uploads\/2021\/09\/Kadi_Jurgens-11x12.jpg 11w\" sizes=\"auto, (max-width: 368px) 100vw, 368px\" \/><\/figure><div class=\"wp-block-media-text__content\">\n<h3 class=\"wp-block-heading\"><strong>KAVA \/ PROGRAM<\/strong><\/h3>\n\n\n\n<p>II VOOR \/ 2ND ROUND<\/p>\n\n\n\n<p>Mozart &#8211; Idomeneo &#8211; Idamante &#8211; Ah! qual gelido orror\u2026 Il padre adorato<br>Weill &#8211; The Firebrand of Florence &#8211; Duchess of Florence &#8211; Sing Me Not a Ballad<\/p>\n\n\n\n<p><\/p>\n\n\n\n<p>III VOOR \/ 3RD ROUND<\/p>\n\n\n\n<p>Schubert &#8211; Ave Maria<br>J\u00fcrgens &#8211; Mu tuba t\u00e4is on v\u00e4ikeseid ingleid<\/p>\n\n\n\n<p>IV VOOR \/ 4TH ROUND<\/p>\n\n\n\n<p>Britten &#8211; Albert Herring &#8211; Nancy &#8211; What would Missus Herring say?<br>Massenet &#8211; Werther &#8211; Charlotte &#8211; Werther!.. Je vous \u00e9cris de ma petite chambre<\/p>\n\n\n\n<p><br><\/p>\n\n\n\n<p>FINAAL \/ FINAL ROUND<\/p>\n\n\n\n<p>Strauss &#8211; Der Rosenkavalier &#8211; Oktavian &#8211; Wie Du warst!<br>\u2014\u2014\u2014\u2014\u2014\u2014\u2014\u2014\u2014\u2014\u2014\u2014<br>Bellini &#8211; I Capuletti e I Montecchi &#8211; Romeo &#8211; Tu sola\u2026Deh! tu, deh! tu, bell&#8217;anima<br>Offenbach &#8211; Les Contes d&#8217;Hoffmann &#8211; Nicklausse &#8211; C&#8217;est l&#8217;amour vainqueur<br>Tchaikovsky &#8211; Eugene Onegin &#8211; Olga &#8211; Ah, Tanya, Tanya<\/p>\n<\/div><\/div>\n\n\n\n<section id=\"section-ac85f3ed-30b1-42bf-b468-5b3850d070e5\" class=\"wp-block-gutentor-divider section-ac85f3ed-30b1-42bf-b468-5b3850d070e5 gutentor-element gutentor-section gutentor-divider text-center\"><div class=\"grid-container\"><div class=\"gutentor-divider-box\"><span><svg xmlns=\"http:\/\/www.w3.org\/2000\/svg\" viewbox=\"0 0 240 40\" preserveaspectratio=\"none\"><path d=\"M56.2 20c5.3-.1 10.6-.2 16-.3l16-.2c10.6-.1 21.3-.1 31.9-.2 10.6.1 21.3 0 31.9.1l16 .2c5.3.1 10.6.2 16 .3-5.3.1-10.6.2-16 .3l-16 .2c-10.6.1-21.3.1-31.9.1-10.6-.1-21.3 0-31.9-.2l-16-.2c-5.4.1-10.7 0-16-.1z\"><\/path><\/svg><\/span><\/div><\/div><\/section>\n\n\n\n<p><strong>Haridus \/ Education<\/strong><\/p>\n\n\n\n<p>International Opera Academy, Ghent (2019-21; Charlotte Margiono, Dietrich Henschel,<br>Muriel Corradini)<br>Royal Conservatoire Antwerp (2018-19; Lucienne Van Deyck, Gary Jankowski)<br>Estonian Academy of Music and Theatre (2014-18, Nadia Kurem)<br>T<\/p>\n\n\n\n<p><br><\/p>\n\n\n\n<p><strong>T\u00e4iend\u00f5pe, konkursid \/ Further studies, competitions<\/strong><\/p>\n\n\n\n<p>Masterclasses: Annelies Van Parys, Maciej Pikulski, J\u00f6rg D\u00fcrm\u00fcller, Hermann Keckeis,<br>Robert Hyman, Giorgio Proietti, Marie Vassiliou, Wilma Vernocchi (2013-18)<br>The laureate of the PLMF Music Trust award \u201cYoung Singer 2018\u201d<\/p>\n\n\n\n<p><strong>Erialased kogemused \/ Professional experience<\/strong><\/p>\n\n\n\n<p>Estonian Academy of Music and theatre: Mrs. Grose (The Turn of the Screw 2016), Dido<br>(2016), Orlando (2018)<br>Andromache (Into the Fire by M\u00e4rt-Matis Lill, Theatre Vanemuine 2017)<br>Nancy, (Albert Herring, Royal Conservatory Antwerp 2019)<br>International Opera Academy: Carmen (2020), Green 1 (Private View by A. van Parys 2021),<br>Lotte Lenya (LoveMusik by Weill 2021)<br>Soloists: Oulu SO (2018), Flanders SO (2021)<\/p>\n\n\n\n<p><br><\/p>\n\n\n\n<p><strong>Tulevikuplaanid \/ Future plans<\/strong><\/p>\n\n\n\n<p>Concepci\u00f3n (L&#8217;heaure espagnole, Opera Ballet Vlaanderen 2021-22)<br>Dream roles: Octavian, Charlotte, Marguerite (La damnation de Faust)<\/p>","protected":false},"excerpt":{"rendered":"<p>metsosopran \/ Eesti<\/p>\n<p>III preemia \/<br \/>\nParim Eesti autori laulu esitus<\/p>","protected":false},"author":1,"featured_media":4050,"parent":28,"menu_order":65,"comment_status":"closed","ping_status":"closed","template":"","meta":{"footnotes":""},"class_list":["post-2757","page","type-page","status-publish","has-post-thumbnail","hentry"],"_links":{"self":[{"href":"https:\/\/www.promfest.ee\/et\/wp-json\/wp\/v2\/pages\/2757","targetHints":{"allow":["GET"]}}],"collection":[{"href":"https:\/\/www.promfest.ee\/et\/wp-json\/wp\/v2\/pages"}],"about":[{"href":"https:\/\/www.promfest.ee\/et\/wp-json\/wp\/v2\/types\/page"}],"author":[{"embeddable":true,"href":"https:\/\/www.promfest.ee\/et\/wp-json\/wp\/v2\/users\/1"}],"replies":[{"embeddable":true,"href":"https:\/\/www.promfest.ee\/et\/wp-json\/wp\/v2\/comments?post=2757"}],"version-history":[{"count":7,"href":"https:\/\/www.promfest.ee\/et\/wp-json\/wp\/v2\/pages\/2757\/revisions"}],"predecessor-version":[{"id":5502,"href":"https:\/\/www.promfest.ee\/et\/wp-json\/wp\/v2\/pages\/2757\/revisions\/5502"}],"up":[{"embeddable":true,"href":"https:\/\/www.promfest.ee\/et\/wp-json\/wp\/v2\/pages\/28"}],"wp:featuredmedia":[{"embeddable":true,"href":"https:\/\/www.promfest.ee\/et\/wp-json\/wp\/v2\/media\/4050"}],"wp:attachment":[{"href":"https:\/\/www.promfest.ee\/et\/wp-json\/wp\/v2\/media?parent=2757"}],"curies":[{"name":"wp","href":"https:\/\/api.w.org\/{rel}","templated":true}]}}