{"id":2753,"date":"2021-09-13T11:42:44","date_gmt":"2021-09-13T11:42:44","guid":{"rendered":"https:\/\/www.promfest.ee\/?page_id=2753"},"modified":"2025-06-25T02:33:43","modified_gmt":"2025-06-24T23:33:43","slug":"erdos","status":"publish","type":"page","link":"https:\/\/www.promfest.ee\/et\/erdos\/","title":{"rendered":"R\u00f3bert Erd\u0151s"},"content":{"rendered":"<h3 class=\"has-text-align-left wp-block-heading\">R\u00f3bert Erd\u0151s<\/h3>\n\n\n\n<h4 class=\"wp-block-heading\">Tenor \/ 1995-11-11<\/h4>\n\n\n\n<p><strong>Ungari \/ Hungary<\/strong><\/p>\n\n\n\n<div class=\"wp-block-media-text alignwide is-stacked-on-mobile is-vertically-aligned-top\" style=\"grid-template-columns:34% auto\"><figure class=\"wp-block-media-text__media\"><img loading=\"lazy\" decoding=\"async\" width=\"400\" height=\"267\" src=\"https:\/\/www.promfest.ee\/wp-content\/uploads\/2021\/09\/Robert_Erdos.jpg\" alt=\"\" class=\"wp-image-2777 size-full\" srcset=\"https:\/\/www.promfest.ee\/wp-content\/uploads\/2021\/09\/Robert_Erdos.jpg 400w, https:\/\/www.promfest.ee\/wp-content\/uploads\/2021\/09\/Robert_Erdos-300x200.jpg 300w, https:\/\/www.promfest.ee\/wp-content\/uploads\/2021\/09\/Robert_Erdos-16x12.jpg 16w, https:\/\/www.promfest.ee\/wp-content\/uploads\/2021\/09\/Robert_Erdos-272x182.jpg 272w\" sizes=\"auto, (max-width: 400px) 100vw, 400px\" \/><\/figure><div class=\"wp-block-media-text__content\">\n<h3 class=\"wp-block-heading\"><strong>KAVA \/ PROGRAM<\/strong><\/h3>\n\n\n\n<p>II VOOR \/ 2ND ROUND<\/p>\n\n\n\n<p>H\u00e4ndel &#8211; Messiah &#8211; Ev`rey Valley Shall Be Exalted<br>Leh\u00e1r &#8211; Das Land des L\u00e4chelns &#8211; Dein ist mein ganzes Herz<\/p>\n\n\n\n<p><br><\/p>\n\n\n\n<p>III VOOR \/ 3RD ROUND<\/p>\n\n\n\n<p>Schubert &#8211; Ave Maria<br>Liszt &#8211; Der Hirt<\/p>\n\n\n\n<p><strong><br><\/strong><\/p>\n\n\n\n<p>IV VOOR \/ 4TH ROUND<\/p>\n\n\n\n<p>Vaughan Williams &#8211; Hodie &#8211; A Christmas Cantata &#8211; XII Hymn<br>Mozart &#8211; Die Zauberfl\u00f6te &#8211; Tamino &#8211; Wie stark ist nicht dein Zauberton..<\/p>\n\n\n\n<p><br><\/p>\n\n\n\n<p>FINAAL \/ FINAL ROUND<\/p>\n\n\n\n<p>Rossini &#8211; Il Barbiere di Siviglia &#8211; Almaviva &#8211; Ecco, ridente in cielo<br>\u2014\u2014\u2014\u2014\u2014\u2014\u2014\u2014\u2014\u2014\u2014\u2014<br>Donizetti &#8211; L&#8217;Elisir d&#8217;Amore &#8211; Nemorino &#8211; Una furtiva lagrima<br>Tchaikovsky &#8211; Eugene Onegin &#8211; Lensky &#8211; Kuda, kuda vy udalilis<br>Verdi &#8211; Falstaff &#8211; Fenton &#8211; Dal labbro il canto estasiato vola<\/p>\n<\/div><\/div>\n\n\n\n<section id=\"section-6c4ebe23-5f4d-4c51-9834-920719d0a626\" class=\"wp-block-gutentor-divider section-6c4ebe23-5f4d-4c51-9834-920719d0a626 gutentor-element gutentor-section gutentor-divider text-center\"><div class=\"grid-container\"><div class=\"gutentor-divider-box\"><span><svg xmlns=\"http:\/\/www.w3.org\/2000\/svg\" viewbox=\"0 0 240 40\" preserveaspectratio=\"none\"><path d=\"M56.2 20c5.3-.1 10.6-.2 16-.3l16-.2c10.6-.1 21.3-.1 31.9-.2 10.6.1 21.3 0 31.9.1l16 .2c5.3.1 10.6.2 16 .3-5.3.1-10.6.2-16 .3l-16 .2c-10.6.1-21.3.1-31.9.1-10.6-.1-21.3 0-31.9-.2l-16-.2c-5.4.1-10.7 0-16-.1z\"><\/path><\/svg><\/span><\/div><\/div><\/section>\n\n\n\n<p><strong>Haridus \/ Education<\/strong><\/p>\n\n\n\n<p>Music Conservatory in Budapest (2014-17, J\u00falia Barna)<br>Liszt Ferenc Academy of Music Budapest (BA 2017-20, MA since 2020, Andrea Mel\u00e1th)<\/p>\n\n\n\n<p><br><\/p>\n\n\n\n<p><strong>T\u00e4iend\u00f5pe, konkursid \/ Further studies, competitions<\/strong><\/p>\n\n\n\n<p>IV National Singing Competition (1st Prize, 2015)<br>Sz\u00e9kely Mih\u00e1ly Singing Competition (3rd Prize, 2016)<br>Sim\u00e1ndy J\u00e1nos International Singing Competition (Special Prize, 2018)<br>II. Eva Andor Singing Competition (Special Prize for the best Baroque aria, 2018)<br>Masterclasses: Crescendo Summer Institute in Tokaj (2017-20), Claudio Di Segni, Krisztina<br>Laky, Istv\u00e1n Kov\u00e1csh\u00e1zi<\/p>\n\n\n\n<p><strong>Erialased kogemused \/ Professional experience<\/strong><\/p>\n\n\n\n<p>Soloist, Handel\u00b4s Israel in Egypt; Mozart\u00b4s Requiem (Zugl\u00f3 Philharmonic Orchestra, 2019)<br>Tamino, Die Zauberfl\u00f6te (Hungarian Opera Cluj-Napoca, 2020-21)<br>Several small roles (Hungarian State Opera, 2021)<br>Soloist, Bach\u00b4s Mass in B minor in Budapest<\/p>\n\n\n\n<p><br><\/p>\n\n\n\n<p><strong>Tulevikuplaanid \/ Future plans<\/strong><\/p>\n\n\n\n<p>Tamino, Don Ottavio, Nemorino, Almaviva (Il Barbiere di Siviglia), Fenton (Falstaff), Lensky<\/p>","protected":false},"excerpt":{"rendered":"<p>R\u00f3bert Erd\u0151s Tenor \/ 1995-11-11 Ungari \/ Hungary KAVA \/ PROGRAM II VOOR \/ 2ND ROUND H\u00e4ndel &#8211; Messiah &#8211; Ev`rey Valley Shall Be ExaltedLeh\u00e1r &#8211; Das Land des L\u00e4chelns &#8211; Dein ist mein ganzes Herz III VOOR \/ 3RD ROUND Schubert &#8211; Ave MariaLiszt &#8211; Der Hirt IV VOOR \/ 4TH ROUND Vaughan Williams [&hellip;]<\/p>","protected":false},"author":1,"featured_media":0,"parent":0,"menu_order":103,"comment_status":"closed","ping_status":"closed","template":"","meta":{"footnotes":""},"class_list":["post-2753","page","type-page","status-publish","hentry"],"_links":{"self":[{"href":"https:\/\/www.promfest.ee\/et\/wp-json\/wp\/v2\/pages\/2753","targetHints":{"allow":["GET"]}}],"collection":[{"href":"https:\/\/www.promfest.ee\/et\/wp-json\/wp\/v2\/pages"}],"about":[{"href":"https:\/\/www.promfest.ee\/et\/wp-json\/wp\/v2\/types\/page"}],"author":[{"embeddable":true,"href":"https:\/\/www.promfest.ee\/et\/wp-json\/wp\/v2\/users\/1"}],"replies":[{"embeddable":true,"href":"https:\/\/www.promfest.ee\/et\/wp-json\/wp\/v2\/comments?post=2753"}],"version-history":[{"count":1,"href":"https:\/\/www.promfest.ee\/et\/wp-json\/wp\/v2\/pages\/2753\/revisions"}],"predecessor-version":[{"id":2778,"href":"https:\/\/www.promfest.ee\/et\/wp-json\/wp\/v2\/pages\/2753\/revisions\/2778"}],"wp:attachment":[{"href":"https:\/\/www.promfest.ee\/et\/wp-json\/wp\/v2\/media?parent=2753"}],"curies":[{"name":"wp","href":"https:\/\/api.w.org\/{rel}","templated":true}]}}