{"id":267,"date":"2020-10-13T18:22:58","date_gmt":"2020-10-13T18:22:58","guid":{"rendered":"https:\/\/uus.promfest.ee\/2003-rigoletto\/"},"modified":"2025-06-25T02:33:43","modified_gmt":"2025-06-24T23:33:43","slug":"2003-rigoletto","status":"publish","type":"page","link":"https:\/\/www.promfest.ee\/et\/opera-productions\/2003-rigoletto\/","title":{"rendered":"2003 - \"Rigoletto\""},"content":{"rendered":"<div class=\"wp-block-group\"><div class=\"wp-block-group__inner-container is-layout-flow wp-block-group-is-layout-flow\">\n<div class=\"wp-block-group\"><div class=\"wp-block-group__inner-container is-layout-flow wp-block-group-is-layout-flow\">\n<div class=\"wp-block-group\"><div class=\"wp-block-group__inner-container is-layout-flow wp-block-group-is-layout-flow\">\n<div class=\"wp-block-group\"><div class=\"wp-block-group__inner-container is-layout-flow wp-block-group-is-layout-flow\"><div id=\"pl-gb267-69f3dfbbeabc9\"  class=\"panel-layout\" ><div id=\"pg-gb267-69f3dfbbeabc9-0\"  class=\"panel-grid panel-no-style\" ><div id=\"pgc-gb267-69f3dfbbeabc9-0-0\"  class=\"panel-grid-cell\" ><div id=\"panel-gb267-69f3dfbbeabc9-0-0-0\" class=\"so-panel widget widget_text panel-first-child\" data-index=\"0\" >\t\t\t<div class=\"textwidget\"><h1>Rigoletto<\/h1>\n<p><em>Giuseppe Verdi<\/em><br \/>\nPromFesti esimene ooperilavastus 2003. aastal peaosas <b>Anna Samuil<\/b>, II Klaudia Taevi nimelise noorte ooperilauljate konkursi v\u00f5itja (lavastuses Gilda rollis).<\/p>\n<p><img loading=\"lazy\" decoding=\"async\" class=\"alignnone wp-image-1811 size-full\" src=\"https:\/\/promfest.ee\/wp-content\/uploads\/2021\/03\/poster.jpg\" alt=\"\" width=\"594\" height=\"723\" srcset=\"https:\/\/www.promfest.ee\/wp-content\/uploads\/2021\/03\/poster.jpg 594w, https:\/\/www.promfest.ee\/wp-content\/uploads\/2021\/03\/poster-246x300.jpg 246w\" sizes=\"auto, (max-width: 594px) 100vw, 594px\" \/><\/p>\n<p>\u201cLollus on pimedus\u201d oli lavastuse motoks. Lavastaja Linnar Priim\u00e4gi: <em>\u201cGiuseppe Verdi tuntud ooper \u201cRigoletto\u201d on lugu s\u00fcngest rumalustest. T\u00f5otab pimesi hertsogile k\u00e4tte maksta, tema t\u00fctar tapetakse pimesi... Ja seda k\u00f5ike saadab Verdi \u00fche kaunima ooperi muusika.\"<\/em>.<\/p>\n<p>\"Rigolettot\" m\u00e4ngiti P\u00e4rnu Endla teatri laval kolmel korral \u2013 22., 24. ja 25. mail 2003. aastal.<\/p>\n<p><b>Esietendus 22. mail 2003 P\u00e4rnu Endla teatris<\/b><\/p>\n<\/div>\n\t\t<\/div><div id=\"panel-gb267-69f3dfbbeabc9-0-0-1\" class=\"so-panel widget widget_media_gallery panel-last-child\" data-index=\"1\" ><div id='gallery-1' class='gallery galleryid-267 gallery-columns-4 gallery-size-thumbnail'><figure class='gallery-item'>\n\t\t\t<div class='gallery-icon landscape'>\n\t\t\t\t<a href='https:\/\/www.promfest.ee\/wp-content\/uploads\/2021\/03\/Rigoletto.jpg'><img loading=\"lazy\" decoding=\"async\" width=\"150\" height=\"150\" src=\"https:\/\/www.promfest.ee\/wp-content\/uploads\/2021\/03\/Rigoletto-150x150.jpg\" class=\"attachment-thumbnail size-thumbnail\" alt=\"\" \/><\/a>\n\t\t\t<\/div><\/figure><figure class='gallery-item'>\n\t\t\t<div class='gallery-icon portrait'>\n\t\t\t\t<a href='https:\/\/www.promfest.ee\/wp-content\/uploads\/2021\/03\/Duke-with-countess-Ceprano-Urve-Tauts.jpg'><img loading=\"lazy\" decoding=\"async\" width=\"150\" height=\"150\" src=\"https:\/\/www.promfest.ee\/wp-content\/uploads\/2021\/03\/Duke-with-countess-Ceprano-Urve-Tauts-150x150.jpg\" class=\"attachment-thumbnail size-thumbnail\" alt=\"\" \/><\/a>\n\t\t\t<\/div><\/figure><figure class='gallery-item'>\n\t\t\t<div class='gallery-icon portrait'>\n\t\t\t\t<a href='https:\/\/www.promfest.ee\/wp-content\/uploads\/2021\/03\/Father-and-daugther.jpg'><img loading=\"lazy\" decoding=\"async\" width=\"150\" height=\"150\" src=\"https:\/\/www.promfest.ee\/wp-content\/uploads\/2021\/03\/Father-and-daugther-150x150.jpg\" class=\"attachment-thumbnail size-thumbnail\" alt=\"\" \/><\/a>\n\t\t\t<\/div><\/figure><figure class='gallery-item'>\n\t\t\t<div class='gallery-icon landscape'>\n\t\t\t\t<a href='https:\/\/www.promfest.ee\/wp-content\/uploads\/2021\/03\/Fooling-story.jpg'><img loading=\"lazy\" decoding=\"async\" width=\"150\" height=\"150\" src=\"https:\/\/www.promfest.ee\/wp-content\/uploads\/2021\/03\/Fooling-story-150x150.jpg\" class=\"attachment-thumbnail size-thumbnail\" alt=\"\" \/><\/a>\n\t\t\t<\/div><\/figure><figure class='gallery-item'>\n\t\t\t<div class='gallery-icon landscape'>\n\t\t\t\t<a href='https:\/\/www.promfest.ee\/wp-content\/uploads\/2021\/03\/Jassi-Zahharov-and-Anna-Samuil.jpg'><img loading=\"lazy\" decoding=\"async\" width=\"150\" height=\"150\" src=\"https:\/\/www.promfest.ee\/wp-content\/uploads\/2021\/03\/Jassi-Zahharov-and-Anna-Samuil-150x150.jpg\" class=\"attachment-thumbnail size-thumbnail\" alt=\"\" \/><\/a>\n\t\t\t<\/div><\/figure><figure class='gallery-item'>\n\t\t\t<div class='gallery-icon portrait'>\n\t\t\t\t<a href='https:\/\/www.promfest.ee\/wp-content\/uploads\/2021\/03\/Jassi-Zahharov-and-Nourlan-Bek.jpg'><img loading=\"lazy\" decoding=\"async\" width=\"150\" height=\"150\" src=\"https:\/\/www.promfest.ee\/wp-content\/uploads\/2021\/03\/Jassi-Zahharov-and-Nourlan-Bek-150x150.jpg\" class=\"attachment-thumbnail size-thumbnail\" alt=\"\" \/><\/a>\n\t\t\t<\/div><\/figure><figure class='gallery-item'>\n\t\t\t<div class='gallery-icon portrait'>\n\t\t\t\t<a href='https:\/\/www.promfest.ee\/wp-content\/uploads\/2021\/03\/Funny.jpg'><img loading=\"lazy\" decoding=\"async\" width=\"150\" height=\"150\" src=\"https:\/\/www.promfest.ee\/wp-content\/uploads\/2021\/03\/Funny-150x150.jpg\" class=\"attachment-thumbnail size-thumbnail\" alt=\"\" \/><\/a>\n\t\t\t<\/div><\/figure><figure class='gallery-item'>\n\t\t\t<div class='gallery-icon portrait'>\n\t\t\t\t<a href='https:\/\/www.promfest.ee\/wp-content\/uploads\/2021\/03\/Nourlan-Bek-Duca.jpg'><img loading=\"lazy\" decoding=\"async\" width=\"150\" height=\"150\" src=\"https:\/\/www.promfest.ee\/wp-content\/uploads\/2021\/03\/Nourlan-Bek-Duca-150x150.jpg\" class=\"attachment-thumbnail size-thumbnail\" alt=\"\" \/><\/a>\n\t\t\t<\/div><\/figure><figure class='gallery-item'>\n\t\t\t<div class='gallery-icon portrait'>\n\t\t\t\t<a href='https:\/\/www.promfest.ee\/wp-content\/uploads\/2021\/03\/Nourlan-Bek-and-Anna-Samuil.jpg'><img loading=\"lazy\" decoding=\"async\" width=\"150\" height=\"150\" src=\"https:\/\/www.promfest.ee\/wp-content\/uploads\/2021\/03\/Nourlan-Bek-and-Anna-Samuil-150x150.jpg\" class=\"attachment-thumbnail size-thumbnail\" alt=\"\" \/><\/a>\n\t\t\t<\/div><\/figure><figure class='gallery-item'>\n\t\t\t<div class='gallery-icon portrait'>\n\t\t\t\t<a href='https:\/\/www.promfest.ee\/wp-content\/uploads\/2021\/03\/Jassi-Zahharov.jpg'><img loading=\"lazy\" decoding=\"async\" width=\"150\" height=\"150\" src=\"https:\/\/www.promfest.ee\/wp-content\/uploads\/2021\/03\/Jassi-Zahharov-150x150.jpg\" class=\"attachment-thumbnail size-thumbnail\" alt=\"\" \/><\/a>\n\t\t\t<\/div><\/figure><figure class='gallery-item'>\n\t\t\t<div class='gallery-icon landscape'>\n\t\t\t\t<a href='https:\/\/www.promfest.ee\/wp-content\/uploads\/2021\/03\/Fool.jpg'><img loading=\"lazy\" decoding=\"async\" width=\"150\" height=\"150\" src=\"https:\/\/www.promfest.ee\/wp-content\/uploads\/2021\/03\/Fool-150x150.jpg\" class=\"attachment-thumbnail size-thumbnail\" alt=\"\" \/><\/a>\n\t\t\t<\/div><\/figure><figure class='gallery-item'>\n\t\t\t<div class='gallery-icon landscape'>\n\t\t\t\t<a href='https:\/\/www.promfest.ee\/wp-content\/uploads\/2021\/03\/Male-choir-1.jpg'><img loading=\"lazy\" decoding=\"async\" width=\"150\" height=\"150\" src=\"https:\/\/www.promfest.ee\/wp-content\/uploads\/2021\/03\/Male-choir-1-150x150.jpg\" class=\"attachment-thumbnail size-thumbnail\" alt=\"\" \/><\/a>\n\t\t\t<\/div><\/figure><figure class='gallery-item'>\n\t\t\t<div class='gallery-icon landscape'>\n\t\t\t\t<a href='https:\/\/www.promfest.ee\/wp-content\/uploads\/2021\/03\/Monterone-Mart-Jakobson.jpg'><img loading=\"lazy\" decoding=\"async\" width=\"150\" height=\"150\" src=\"https:\/\/www.promfest.ee\/wp-content\/uploads\/2021\/03\/Monterone-Mart-Jakobson-150x150.jpg\" class=\"attachment-thumbnail size-thumbnail\" alt=\"\" \/><\/a>\n\t\t\t<\/div><\/figure><figure class='gallery-item'>\n\t\t\t<div class='gallery-icon landscape'>\n\t\t\t\t<a href='https:\/\/www.promfest.ee\/wp-content\/uploads\/2021\/03\/Rigoletto-Jassi-Zahharov.jpg'><img loading=\"lazy\" decoding=\"async\" width=\"150\" height=\"150\" src=\"https:\/\/www.promfest.ee\/wp-content\/uploads\/2021\/03\/Rigoletto-Jassi-Zahharov-150x150.jpg\" class=\"attachment-thumbnail size-thumbnail\" alt=\"\" \/><\/a>\n\t\t\t<\/div><\/figure><figure class='gallery-item'>\n\t\t\t<div class='gallery-icon landscape'>\n\t\t\t\t<a href='https:\/\/www.promfest.ee\/wp-content\/uploads\/2021\/03\/Rigoletto-and-Gilda.jpg'><img loading=\"lazy\" decoding=\"async\" width=\"150\" height=\"150\" src=\"https:\/\/www.promfest.ee\/wp-content\/uploads\/2021\/03\/Rigoletto-and-Gilda-150x150.jpg\" class=\"attachment-thumbnail size-thumbnail\" alt=\"\" \/><\/a>\n\t\t\t<\/div><\/figure><figure class='gallery-item'>\n\t\t\t<div class='gallery-icon portrait'>\n\t\t\t\t<a href='https:\/\/www.promfest.ee\/wp-content\/uploads\/2021\/03\/Rigolettos-aria.jpg'><img loading=\"lazy\" decoding=\"async\" width=\"150\" height=\"150\" src=\"https:\/\/www.promfest.ee\/wp-content\/uploads\/2021\/03\/Rigolettos-aria-150x150.jpg\" class=\"attachment-thumbnail size-thumbnail\" alt=\"\" \/><\/a>\n\t\t\t<\/div><\/figure><figure class='gallery-item'>\n\t\t\t<div class='gallery-icon landscape'>\n\t\t\t\t<a href='https:\/\/www.promfest.ee\/wp-content\/uploads\/2021\/03\/Sparafucile-Priit-Volmer.jpg'><img loading=\"lazy\" decoding=\"async\" width=\"150\" height=\"150\" src=\"https:\/\/www.promfest.ee\/wp-content\/uploads\/2021\/03\/Sparafucile-Priit-Volmer-150x150.jpg\" class=\"attachment-thumbnail size-thumbnail\" alt=\"\" \/><\/a>\n\t\t\t<\/div><\/figure><figure class='gallery-item'>\n\t\t\t<div class='gallery-icon portrait'>\n\t\t\t\t<a href='https:\/\/www.promfest.ee\/wp-content\/uploads\/2021\/03\/With-Maddalena-Helen-Lokuta-.jpg'><img loading=\"lazy\" decoding=\"async\" width=\"150\" height=\"150\" src=\"https:\/\/www.promfest.ee\/wp-content\/uploads\/2021\/03\/With-Maddalena-Helen-Lokuta--150x150.jpg\" class=\"attachment-thumbnail size-thumbnail\" alt=\"\" \/><\/a>\n\t\t\t<\/div><\/figure><figure class='gallery-item'>\n\t\t\t<div class='gallery-icon landscape'>\n\t\t\t\t<a href='https:\/\/www.promfest.ee\/wp-content\/uploads\/2021\/03\/Mia-figlia.jpg'><img loading=\"lazy\" decoding=\"async\" width=\"150\" height=\"150\" src=\"https:\/\/www.promfest.ee\/wp-content\/uploads\/2021\/03\/Mia-figlia-150x150.jpg\" class=\"attachment-thumbnail size-thumbnail\" alt=\"\" \/><\/a>\n\t\t\t<\/div><\/figure><figure class='gallery-item'>\n\t\t\t<div class='gallery-icon landscape'>\n\t\t\t\t<a href='https:\/\/www.promfest.ee\/wp-content\/uploads\/2021\/03\/Final-scene.jpg'><img loading=\"lazy\" decoding=\"async\" width=\"150\" height=\"150\" src=\"https:\/\/www.promfest.ee\/wp-content\/uploads\/2021\/03\/Final-scene-150x150.jpg\" class=\"attachment-thumbnail size-thumbnail\" alt=\"\" \/><\/a>\n\t\t\t<\/div><\/figure><figure class='gallery-item'>\n\t\t\t<div class='gallery-icon landscape'>\n\t\t\t\t<a href='https:\/\/www.promfest.ee\/wp-content\/uploads\/2021\/03\/Nourland-Bek-Erki-Pehk-Zoja-Hertz-Linnar-Priimagi-Anna-Samuil-and-Meelis-Sarv.jpg'><img loading=\"lazy\" decoding=\"async\" width=\"150\" height=\"150\" src=\"https:\/\/www.promfest.ee\/wp-content\/uploads\/2021\/03\/Nourland-Bek-Erki-Pehk-Zoja-Hertz-Linnar-Priimagi-Anna-Samuil-and-Meelis-Sarv-150x150.jpg\" class=\"attachment-thumbnail size-thumbnail\" alt=\"\" \/><\/a>\n\t\t\t<\/div><\/figure><figure class='gallery-item'>\n\t\t\t<div class='gallery-icon landscape'>\n\t\t\t\t<a href='https:\/\/www.promfest.ee\/wp-content\/uploads\/2021\/03\/Erki-Pehk-with-chorus-master-Heli-Jurgenson.jpg'><img loading=\"lazy\" decoding=\"async\" width=\"150\" height=\"150\" src=\"https:\/\/www.promfest.ee\/wp-content\/uploads\/2021\/03\/Erki-Pehk-with-chorus-master-Heli-Jurgenson-150x150.jpg\" class=\"attachment-thumbnail size-thumbnail\" alt=\"\" \/><\/a>\n\t\t\t<\/div><\/figure><figure class='gallery-item'>\n\t\t\t<div class='gallery-icon landscape'>\n\t\t\t\t<a href='https:\/\/www.promfest.ee\/wp-content\/uploads\/2021\/03\/Endla-Theatre.jpg'><img loading=\"lazy\" decoding=\"async\" width=\"150\" height=\"150\" src=\"https:\/\/www.promfest.ee\/wp-content\/uploads\/2021\/03\/Endla-Theatre-150x150.jpg\" class=\"attachment-thumbnail size-thumbnail\" alt=\"\" \/><\/a>\n\t\t\t<\/div><\/figure>\n\t\t<\/div>\n<\/div><\/div><div id=\"pgc-gb267-69f3dfbbeabc9-0-1\"  class=\"panel-grid-cell\" ><div id=\"panel-gb267-69f3dfbbeabc9-0-1-0\" class=\"so-panel widget widget_text panel-first-child\" data-index=\"2\" >\t\t\t<div class=\"textwidget\"><p>PromFesti koost\u00f6\u00f6projekt Kaunase riikliku muusikateatriga<\/p>\n<p>Muusikaline juht ja dirigent - <strong>Erki Pehk<\/strong><br \/>\nLavastaja - <b>Linnar Priim\u00e4gi<\/b><br \/>\nKunstnik - <strong>Kiwa<\/strong><br \/>\nValguskunstnik - <b>Margus Vaigur<br \/>\n<\/b>Liikumisjuht - <b>Meelis Sarv<br \/>\n<\/b>Koormeister - <b>Heli J\u00fcgenson<br \/>\n<\/b>Klaverisaatja - <b>Zoja Hertz<\/p>\n<p><\/b><\/p>\n<p>Gilda &#8211; <strong>Anna Samuil <\/strong>(Venemaa)<br \/>\nRigoletto &#8211; <strong>Jassi Zahharov<\/strong> (Eesti)<br \/>\nDuke &#8211; <strong>Nurlan Bek <\/strong>(Kazakhstan)<br \/>\nSparafucile &#8211; <b><strong>Priit Volmer <\/strong><\/b>(Eesti)<br \/>\nMaddalena &#8211; <b>Helen Lokuta <\/b>(Eesti)<br \/>\nGiovanna &#8211; <b>Juuli Lill <\/b>(Eesti)<br \/>\nMonterone &#8211; <b>M\u00e4rt Jakobson <\/b>(Eesti)<br \/>\nBorsa &#8211; <b>Roland Liiv <\/b>(Eesti)<br \/>\nMarullo &#8211; <b>Olari Viikholm <\/b>(Eesti)<br \/>\nKrahv Ceprano \u2013 <b>Igor Tsenkman <\/b>(Eesti)<br \/>\nKrahvinna Ceprano \u2013 <b>Urve Tauts <\/b>(Eesti)<\/p>\n<div>Kohtuliikmed (meeskoor) - <strong>Andrus Kirss, Jaak J\u00f5ekallas, Mart Kroon, Priit Kruusement,\u00a0Priit Velmre, Silver Lumi, Mart Laur\u00a0<\/strong><\/div>\n<p>P\u00e4rnu Linnaorkester<\/p>\n<\/div>\n\t\t<\/div><\/div><\/div><\/div><\/div><\/div>\n<\/div><\/div>\n<\/div><\/div>\n\n\n\n<p><\/p>\n<\/div><\/div>\n\n\n\n<p><\/p>","protected":false},"excerpt":{"rendered":"","protected":false},"author":1,"featured_media":1841,"parent":247,"menu_order":11,"comment_status":"closed","ping_status":"closed","template":"","meta":{"footnotes":""},"class_list":["post-267","page","type-page","status-publish","has-post-thumbnail","hentry"],"_links":{"self":[{"href":"https:\/\/www.promfest.ee\/et\/wp-json\/wp\/v2\/pages\/267","targetHints":{"allow":["GET"]}}],"collection":[{"href":"https:\/\/www.promfest.ee\/et\/wp-json\/wp\/v2\/pages"}],"about":[{"href":"https:\/\/www.promfest.ee\/et\/wp-json\/wp\/v2\/types\/page"}],"author":[{"embeddable":true,"href":"https:\/\/www.promfest.ee\/et\/wp-json\/wp\/v2\/users\/1"}],"replies":[{"embeddable":true,"href":"https:\/\/www.promfest.ee\/et\/wp-json\/wp\/v2\/comments?post=267"}],"version-history":[{"count":8,"href":"https:\/\/www.promfest.ee\/et\/wp-json\/wp\/v2\/pages\/267\/revisions"}],"predecessor-version":[{"id":6153,"href":"https:\/\/www.promfest.ee\/et\/wp-json\/wp\/v2\/pages\/267\/revisions\/6153"}],"up":[{"embeddable":true,"href":"https:\/\/www.promfest.ee\/et\/wp-json\/wp\/v2\/pages\/247"}],"wp:featuredmedia":[{"embeddable":true,"href":"https:\/\/www.promfest.ee\/et\/wp-json\/wp\/v2\/media\/1841"}],"wp:attachment":[{"href":"https:\/\/www.promfest.ee\/et\/wp-json\/wp\/v2\/media?parent=267"}],"curies":[{"name":"wp","href":"https:\/\/api.w.org\/{rel}","templated":true}]}}