{"id":265,"date":"2020-10-13T18:22:58","date_gmt":"2020-10-13T18:22:58","guid":{"rendered":"https:\/\/uus.promfest.ee\/2005-%d0%b4%d0%b5%d0%bc%d0%be%d0%bd\/"},"modified":"2025-06-25T02:33:43","modified_gmt":"2025-06-24T23:33:43","slug":"2005-demon","status":"publish","type":"page","link":"https:\/\/www.promfest.ee\/et\/opera-productions\/2005-demon\/","title":{"rendered":"2005 - \"Deemon\""},"content":{"rendered":"<div class=\"wp-block-group\"><div class=\"wp-block-group__inner-container is-layout-flow wp-block-group-is-layout-flow\">\n<div class=\"wp-block-group\"><div class=\"wp-block-group__inner-container is-layout-flow wp-block-group-is-layout-flow\">\n<div class=\"wp-block-group\"><div class=\"wp-block-group__inner-container is-layout-flow wp-block-group-is-layout-flow\">\n<div class=\"wp-block-group\"><div class=\"wp-block-group__inner-container is-layout-flow wp-block-group-is-layout-flow\"><div id=\"pl-gb265-69d50b8e467e6\"  class=\"panel-layout\" ><div id=\"pg-gb265-69d50b8e467e6-0\"  class=\"panel-grid panel-no-style\" ><div id=\"pgc-gb265-69d50b8e467e6-0-0\"  class=\"panel-grid-cell\" ><div id=\"panel-gb265-69d50b8e467e6-0-0-0\" class=\"so-panel widget widget_text panel-first-child\" data-index=\"0\" >\t\t\t<div class=\"textwidget\"><h1>Deemon<\/h1>\n<p><em>Anton Rubin\u0161tein<\/em><br \/>\nPromFesti teine lavastus 2005. aastal peaosas <b>Laimonas Pautienius<\/b>, III Klaudia Taevi nimelise noorte ooperilauljate konkursi (2003) v\u00f5itja.<\/p>\n<p><img loading=\"lazy\" decoding=\"async\" class=\"alignnone wp-image-1775 size-full\" src=\"https:\/\/promfest.ee\/wp-content\/uploads\/2021\/03\/deemonplakat.jpg\" alt=\"\" width=\"594\" height=\"832\" srcset=\"https:\/\/www.promfest.ee\/wp-content\/uploads\/2021\/03\/deemonplakat.jpg 594w, https:\/\/www.promfest.ee\/wp-content\/uploads\/2021\/03\/deemonplakat-214x300.jpg 214w\" sizes=\"auto, (max-width: 594px) 100vw, 594px\" \/><\/p>\n<p><em>Lavastuse plakatil lavastaja Mati Unt ja n\u00e4itlejanna Maarja Jakobson\u00a0<\/em><\/p>\n<p>\u201cDeemoni\u201d lavastas kuulus eesti avangardist lavastaja ja kirjanik Mati Unt. See ooper j\u00e4i tema \u00e4kksurma t\u00f5ttu tema viimaseks lavastatud lavastuseks.<\/p>\n<p>\u201cDeemonit\u201d n\u00e4idati vaid neljal korral P\u00e4rnu Endla teatris: 27., 28., 31. mail ja 3. juunil 2005 ning \u00fchel korral Saaremaal Ooperip\u00e4evadel 28. juulil 2005.<\/p>\n<p><b>Esietendus 27. mail 2005 P\u00e4rnu Endla teatris<\/b><\/p>\n<\/div>\n\t\t<\/div><div id=\"panel-gb265-69d50b8e467e6-0-0-1\" class=\"so-panel widget widget_media_gallery panel-last-child\" data-index=\"1\" ><div id='gallery-1' class='gallery galleryid-265 gallery-columns-4 gallery-size-thumbnail'><figure class='gallery-item'>\n\t\t\t<div class='gallery-icon landscape'>\n\t\t\t\t<a href='https:\/\/www.promfest.ee\/wp-content\/uploads\/2021\/03\/Deemon-Ants-Liigus-001.jpg'><img loading=\"lazy\" decoding=\"async\" width=\"150\" height=\"150\" src=\"https:\/\/www.promfest.ee\/wp-content\/uploads\/2021\/03\/Deemon-Ants-Liigus-001-150x150.jpg\" class=\"attachment-thumbnail size-thumbnail\" alt=\"\" \/><\/a>\n\t\t\t<\/div><\/figure><figure class='gallery-item'>\n\t\t\t<div class='gallery-icon portrait'>\n\t\t\t\t<a href='https:\/\/www.promfest.ee\/wp-content\/uploads\/2021\/03\/Deemon-Ants-Liigus-003.jpg'><img loading=\"lazy\" decoding=\"async\" width=\"150\" height=\"150\" src=\"https:\/\/www.promfest.ee\/wp-content\/uploads\/2021\/03\/Deemon-Ants-Liigus-003-150x150.jpg\" class=\"attachment-thumbnail size-thumbnail\" alt=\"\" \/><\/a>\n\t\t\t<\/div><\/figure><figure class='gallery-item'>\n\t\t\t<div class='gallery-icon landscape'>\n\t\t\t\t<a href='https:\/\/www.promfest.ee\/wp-content\/uploads\/2021\/03\/Deemon-Ants-Liigus-004.jpg'><img loading=\"lazy\" decoding=\"async\" width=\"150\" height=\"150\" src=\"https:\/\/www.promfest.ee\/wp-content\/uploads\/2021\/03\/Deemon-Ants-Liigus-004-150x150.jpg\" class=\"attachment-thumbnail size-thumbnail\" alt=\"\" \/><\/a>\n\t\t\t<\/div><\/figure><figure class='gallery-item'>\n\t\t\t<div class='gallery-icon landscape'>\n\t\t\t\t<a href='https:\/\/www.promfest.ee\/wp-content\/uploads\/2021\/03\/Deemon-Ants-Liigus-007.jpg'><img loading=\"lazy\" decoding=\"async\" width=\"150\" height=\"150\" src=\"https:\/\/www.promfest.ee\/wp-content\/uploads\/2021\/03\/Deemon-Ants-Liigus-007-150x150.jpg\" class=\"attachment-thumbnail size-thumbnail\" alt=\"\" \/><\/a>\n\t\t\t<\/div><\/figure><figure class='gallery-item'>\n\t\t\t<div class='gallery-icon landscape'>\n\t\t\t\t<a href='https:\/\/www.promfest.ee\/wp-content\/uploads\/2021\/03\/Deemon-Ants-Liigus-014.jpg'><img loading=\"lazy\" decoding=\"async\" width=\"150\" height=\"150\" src=\"https:\/\/www.promfest.ee\/wp-content\/uploads\/2021\/03\/Deemon-Ants-Liigus-014-150x150.jpg\" class=\"attachment-thumbnail size-thumbnail\" alt=\"\" \/><\/a>\n\t\t\t<\/div><\/figure><figure class='gallery-item'>\n\t\t\t<div class='gallery-icon portrait'>\n\t\t\t\t<a href='https:\/\/www.promfest.ee\/wp-content\/uploads\/2021\/03\/Deemon-Ants-Liigus-016.jpg'><img loading=\"lazy\" decoding=\"async\" width=\"150\" height=\"150\" src=\"https:\/\/www.promfest.ee\/wp-content\/uploads\/2021\/03\/Deemon-Ants-Liigus-016-150x150.jpg\" class=\"attachment-thumbnail size-thumbnail\" alt=\"\" \/><\/a>\n\t\t\t<\/div><\/figure><figure class='gallery-item'>\n\t\t\t<div class='gallery-icon landscape'>\n\t\t\t\t<a href='https:\/\/www.promfest.ee\/wp-content\/uploads\/2021\/03\/Deemon-Ants-Liigus-018.jpg'><img loading=\"lazy\" decoding=\"async\" width=\"150\" height=\"150\" src=\"https:\/\/www.promfest.ee\/wp-content\/uploads\/2021\/03\/Deemon-Ants-Liigus-018-150x150.jpg\" class=\"attachment-thumbnail size-thumbnail\" alt=\"\" \/><\/a>\n\t\t\t<\/div><\/figure><figure class='gallery-item'>\n\t\t\t<div class='gallery-icon portrait'>\n\t\t\t\t<a href='https:\/\/www.promfest.ee\/wp-content\/uploads\/2021\/03\/Deemon-Ants-Liigus-019.jpg'><img loading=\"lazy\" decoding=\"async\" width=\"150\" height=\"150\" src=\"https:\/\/www.promfest.ee\/wp-content\/uploads\/2021\/03\/Deemon-Ants-Liigus-019-150x150.jpg\" class=\"attachment-thumbnail size-thumbnail\" alt=\"\" \/><\/a>\n\t\t\t<\/div><\/figure><figure class='gallery-item'>\n\t\t\t<div class='gallery-icon portrait'>\n\t\t\t\t<a href='https:\/\/www.promfest.ee\/wp-content\/uploads\/2021\/03\/Deemon-Ants-Liigus-021.jpg'><img loading=\"lazy\" decoding=\"async\" width=\"150\" height=\"150\" src=\"https:\/\/www.promfest.ee\/wp-content\/uploads\/2021\/03\/Deemon-Ants-Liigus-021-150x150.jpg\" class=\"attachment-thumbnail size-thumbnail\" alt=\"\" \/><\/a>\n\t\t\t<\/div><\/figure><figure class='gallery-item'>\n\t\t\t<div class='gallery-icon landscape'>\n\t\t\t\t<a href='https:\/\/www.promfest.ee\/wp-content\/uploads\/2021\/03\/Deemon-Ants-Liigus-022.jpg'><img loading=\"lazy\" decoding=\"async\" width=\"150\" height=\"150\" src=\"https:\/\/www.promfest.ee\/wp-content\/uploads\/2021\/03\/Deemon-Ants-Liigus-022-150x150.jpg\" class=\"attachment-thumbnail size-thumbnail\" alt=\"\" \/><\/a>\n\t\t\t<\/div><\/figure><figure class='gallery-item'>\n\t\t\t<div class='gallery-icon landscape'>\n\t\t\t\t<a href='https:\/\/www.promfest.ee\/wp-content\/uploads\/2021\/03\/Deemon-Ants-Liigus-029.jpg'><img loading=\"lazy\" decoding=\"async\" width=\"150\" height=\"150\" src=\"https:\/\/www.promfest.ee\/wp-content\/uploads\/2021\/03\/Deemon-Ants-Liigus-029-150x150.jpg\" class=\"attachment-thumbnail size-thumbnail\" alt=\"\" \/><\/a>\n\t\t\t<\/div><\/figure><figure class='gallery-item'>\n\t\t\t<div class='gallery-icon landscape'>\n\t\t\t\t<a href='https:\/\/www.promfest.ee\/wp-content\/uploads\/2021\/03\/Deemon-Ants-Liigus-031.jpg'><img loading=\"lazy\" decoding=\"async\" width=\"150\" height=\"150\" src=\"https:\/\/www.promfest.ee\/wp-content\/uploads\/2021\/03\/Deemon-Ants-Liigus-031-150x150.jpg\" class=\"attachment-thumbnail size-thumbnail\" alt=\"\" \/><\/a>\n\t\t\t<\/div><\/figure><figure class='gallery-item'>\n\t\t\t<div class='gallery-icon landscape'>\n\t\t\t\t<a href='https:\/\/www.promfest.ee\/wp-content\/uploads\/2021\/03\/Deemon-Ants-Liigus-033.jpg'><img loading=\"lazy\" decoding=\"async\" width=\"150\" height=\"150\" src=\"https:\/\/www.promfest.ee\/wp-content\/uploads\/2021\/03\/Deemon-Ants-Liigus-033-150x150.jpg\" class=\"attachment-thumbnail size-thumbnail\" alt=\"\" \/><\/a>\n\t\t\t<\/div><\/figure><figure class='gallery-item'>\n\t\t\t<div class='gallery-icon landscape'>\n\t\t\t\t<a href='https:\/\/www.promfest.ee\/wp-content\/uploads\/2021\/03\/Deemon-Ants-Liigus-034.jpg'><img loading=\"lazy\" decoding=\"async\" width=\"150\" height=\"150\" src=\"https:\/\/www.promfest.ee\/wp-content\/uploads\/2021\/03\/Deemon-Ants-Liigus-034-150x150.jpg\" class=\"attachment-thumbnail size-thumbnail\" alt=\"\" \/><\/a>\n\t\t\t<\/div><\/figure><figure class='gallery-item'>\n\t\t\t<div class='gallery-icon landscape'>\n\t\t\t\t<a href='https:\/\/www.promfest.ee\/wp-content\/uploads\/2021\/03\/Deemon-Ants-Liigus-037.jpg'><img loading=\"lazy\" decoding=\"async\" width=\"150\" height=\"150\" src=\"https:\/\/www.promfest.ee\/wp-content\/uploads\/2021\/03\/Deemon-Ants-Liigus-037-150x150.jpg\" class=\"attachment-thumbnail size-thumbnail\" alt=\"\" \/><\/a>\n\t\t\t<\/div><\/figure><figure class='gallery-item'>\n\t\t\t<div class='gallery-icon portrait'>\n\t\t\t\t<a href='https:\/\/www.promfest.ee\/wp-content\/uploads\/2021\/03\/Deemon-Ants-Liigus-043.jpg'><img loading=\"lazy\" decoding=\"async\" width=\"150\" height=\"150\" src=\"https:\/\/www.promfest.ee\/wp-content\/uploads\/2021\/03\/Deemon-Ants-Liigus-043-150x150.jpg\" class=\"attachment-thumbnail size-thumbnail\" alt=\"\" \/><\/a>\n\t\t\t<\/div><\/figure><figure class='gallery-item'>\n\t\t\t<div class='gallery-icon landscape'>\n\t\t\t\t<a href='https:\/\/www.promfest.ee\/wp-content\/uploads\/2021\/03\/Deemon-Ants-Liigus-045.jpg'><img loading=\"lazy\" decoding=\"async\" width=\"150\" height=\"150\" src=\"https:\/\/www.promfest.ee\/wp-content\/uploads\/2021\/03\/Deemon-Ants-Liigus-045-150x150.jpg\" class=\"attachment-thumbnail size-thumbnail\" alt=\"\" \/><\/a>\n\t\t\t<\/div><\/figure><figure class='gallery-item'>\n\t\t\t<div class='gallery-icon landscape'>\n\t\t\t\t<a href='https:\/\/www.promfest.ee\/wp-content\/uploads\/2021\/03\/Deemon-Ants-Liigus-056.jpg'><img loading=\"lazy\" decoding=\"async\" width=\"150\" height=\"150\" src=\"https:\/\/www.promfest.ee\/wp-content\/uploads\/2021\/03\/Deemon-Ants-Liigus-056-150x150.jpg\" class=\"attachment-thumbnail size-thumbnail\" alt=\"\" \/><\/a>\n\t\t\t<\/div><\/figure><figure class='gallery-item'>\n\t\t\t<div class='gallery-icon landscape'>\n\t\t\t\t<a href='https:\/\/www.promfest.ee\/wp-content\/uploads\/2021\/03\/Deemon-Ants-Liigus-061.jpg'><img loading=\"lazy\" decoding=\"async\" width=\"150\" height=\"150\" src=\"https:\/\/www.promfest.ee\/wp-content\/uploads\/2021\/03\/Deemon-Ants-Liigus-061-150x150.jpg\" class=\"attachment-thumbnail size-thumbnail\" alt=\"\" \/><\/a>\n\t\t\t<\/div><\/figure><figure class='gallery-item'>\n\t\t\t<div class='gallery-icon portrait'>\n\t\t\t\t<a href='https:\/\/www.promfest.ee\/wp-content\/uploads\/2021\/03\/Deemon-Ants-Liigus-066.jpg'><img loading=\"lazy\" decoding=\"async\" width=\"150\" height=\"150\" src=\"https:\/\/www.promfest.ee\/wp-content\/uploads\/2021\/03\/Deemon-Ants-Liigus-066-150x150.jpg\" class=\"attachment-thumbnail size-thumbnail\" alt=\"\" \/><\/a>\n\t\t\t<\/div><\/figure><figure class='gallery-item'>\n\t\t\t<div class='gallery-icon portrait'>\n\t\t\t\t<a href='https:\/\/www.promfest.ee\/wp-content\/uploads\/2021\/03\/Deemon-Ants-Liigus-071.jpg'><img loading=\"lazy\" decoding=\"async\" width=\"150\" height=\"150\" src=\"https:\/\/www.promfest.ee\/wp-content\/uploads\/2021\/03\/Deemon-Ants-Liigus-071-150x150.jpg\" class=\"attachment-thumbnail size-thumbnail\" alt=\"\" \/><\/a>\n\t\t\t<\/div><\/figure><figure class='gallery-item'>\n\t\t\t<div class='gallery-icon portrait'>\n\t\t\t\t<a href='https:\/\/www.promfest.ee\/wp-content\/uploads\/2021\/03\/Deemon-Ants-Liigus-075.jpg'><img loading=\"lazy\" decoding=\"async\" width=\"150\" height=\"150\" src=\"https:\/\/www.promfest.ee\/wp-content\/uploads\/2021\/03\/Deemon-Ants-Liigus-075-150x150.jpg\" class=\"attachment-thumbnail size-thumbnail\" alt=\"\" \/><\/a>\n\t\t\t<\/div><\/figure><figure class='gallery-item'>\n\t\t\t<div class='gallery-icon landscape'>\n\t\t\t\t<a href='https:\/\/www.promfest.ee\/wp-content\/uploads\/2021\/03\/Deemon-Ants-Liigus-076.jpg'><img loading=\"lazy\" decoding=\"async\" width=\"150\" height=\"150\" src=\"https:\/\/www.promfest.ee\/wp-content\/uploads\/2021\/03\/Deemon-Ants-Liigus-076-150x150.jpg\" class=\"attachment-thumbnail size-thumbnail\" alt=\"\" \/><\/a>\n\t\t\t<\/div><\/figure><figure class='gallery-item'>\n\t\t\t<div class='gallery-icon portrait'>\n\t\t\t\t<a href='https:\/\/www.promfest.ee\/wp-content\/uploads\/2021\/03\/Deemon-Ants-Liigus-078.jpg'><img loading=\"lazy\" decoding=\"async\" width=\"150\" height=\"150\" src=\"https:\/\/www.promfest.ee\/wp-content\/uploads\/2021\/03\/Deemon-Ants-Liigus-078-150x150.jpg\" class=\"attachment-thumbnail size-thumbnail\" alt=\"\" \/><\/a>\n\t\t\t<\/div><\/figure><figure class='gallery-item'>\n\t\t\t<div class='gallery-icon landscape'>\n\t\t\t\t<a href='https:\/\/www.promfest.ee\/wp-content\/uploads\/2021\/03\/Deemon-Ants-Liigus-079.jpg'><img loading=\"lazy\" decoding=\"async\" width=\"150\" height=\"150\" src=\"https:\/\/www.promfest.ee\/wp-content\/uploads\/2021\/03\/Deemon-Ants-Liigus-079-150x150.jpg\" class=\"attachment-thumbnail size-thumbnail\" alt=\"\" \/><\/a>\n\t\t\t<\/div><\/figure><figure class='gallery-item'>\n\t\t\t<div class='gallery-icon landscape'>\n\t\t\t\t<a href='https:\/\/www.promfest.ee\/wp-content\/uploads\/2021\/03\/Deemon-Ants-Liigus-080mv.jpg'><img loading=\"lazy\" decoding=\"async\" width=\"150\" height=\"150\" src=\"https:\/\/www.promfest.ee\/wp-content\/uploads\/2021\/03\/Deemon-Ants-Liigus-080mv-150x150.jpg\" class=\"attachment-thumbnail size-thumbnail\" alt=\"\" \/><\/a>\n\t\t\t<\/div><\/figure><figure class='gallery-item'>\n\t\t\t<div class='gallery-icon portrait'>\n\t\t\t\t<a href='https:\/\/www.promfest.ee\/wp-content\/uploads\/2021\/03\/Deemon-Ants-Liigus-067.jpg'><img loading=\"lazy\" decoding=\"async\" width=\"150\" height=\"150\" src=\"https:\/\/www.promfest.ee\/wp-content\/uploads\/2021\/03\/Deemon-Ants-Liigus-067-150x150.jpg\" class=\"attachment-thumbnail size-thumbnail\" alt=\"\" \/><\/a>\n\t\t\t<\/div><\/figure><figure class='gallery-item'>\n\t\t\t<div class='gallery-icon landscape'>\n\t\t\t\t<a href='https:\/\/www.promfest.ee\/wp-content\/uploads\/2021\/03\/Deemon-Ants-Liigus-087.jpg'><img loading=\"lazy\" decoding=\"async\" width=\"150\" height=\"150\" src=\"https:\/\/www.promfest.ee\/wp-content\/uploads\/2021\/03\/Deemon-Ants-Liigus-087-150x150.jpg\" class=\"attachment-thumbnail size-thumbnail\" alt=\"\" \/><\/a>\n\t\t\t<\/div><\/figure>\n\t\t<\/div>\n<\/div><\/div><div id=\"pgc-gb265-69d50b8e467e6-0-1\"  class=\"panel-grid-cell\" ><div id=\"panel-gb265-69d50b8e467e6-0-1-0\" class=\"so-panel widget widget_text panel-first-child\" data-index=\"2\" >\t\t\t<div class=\"textwidget\"><p>PromFesti koost\u00f6\u00f6projekt P\u00e4rnu Endla teatriga<\/p>\n<p>Muusikaline juht ja dirigent - <strong>Erki Pehk<\/strong><br \/>\nDirigent - <strong>Paul M\u00e4gi<\/strong><br \/>\nLavastaja - <b>Mati Unt<\/b><br \/>\nKunstnik - <strong>Reet Aus<\/strong><b><br \/>\n<\/b>Valguskunstnik - <b>Margus Vaigur<br \/>\n<\/b>Koormeister - <b>Heli J\u00fcrgenson<br \/>\n<\/b>Klaverisaatja - <b>Helin Kapten<\/p>\n<p><\/b><\/p>\n<p>Deemon - <strong>Laimonas Pautienius <\/strong>(Leedu)<br \/>\nTamara &#8211; <strong>Anastasia Bakastova<\/strong>\u00a0(Venemaa)<br \/>\nSinodal &#8211; <strong>Sergei Gaidey <\/strong>(Venemaa)<br \/>\nIngel - <b><strong>Teele J\u00f5ks <\/strong><\/b>(Eesti)<br \/>\nGudal &#8211; <b>Romans Polisadovs <\/b>(L\u00e4ti)<br \/>\nVana sulane - <strong>Leonid Savitski<\/strong> (Eesti)<br \/>\nLapsehoidja - <strong>Merle Silmato<\/strong> (Eesti)<br \/>\nS\u00f5numitooja - <strong>Roland Liiv<\/strong> (Eesti)<br \/>\nTegelane ilma rollita - <strong>Maarja Jakobson<\/strong> (Eesti)<\/p>\n<p><strong>P\u00e4rnu Linnaorkester ja koor<\/strong><\/p>\n<p>&nbsp;<\/p>\n<\/div>\n\t\t<\/div><\/div><\/div><\/div><\/div><\/div>\n<\/div><\/div>\n<\/div><\/div>\n\n\n\n<p><\/p>\n<\/div><\/div>\n\n\n\n<p><\/p>","protected":false},"excerpt":{"rendered":"","protected":false},"author":1,"featured_media":1838,"parent":247,"menu_order":10,"comment_status":"closed","ping_status":"closed","template":"","meta":{"footnotes":""},"class_list":["post-265","page","type-page","status-publish","has-post-thumbnail","hentry"],"_links":{"self":[{"href":"https:\/\/www.promfest.ee\/et\/wp-json\/wp\/v2\/pages\/265","targetHints":{"allow":["GET"]}}],"collection":[{"href":"https:\/\/www.promfest.ee\/et\/wp-json\/wp\/v2\/pages"}],"about":[{"href":"https:\/\/www.promfest.ee\/et\/wp-json\/wp\/v2\/types\/page"}],"author":[{"embeddable":true,"href":"https:\/\/www.promfest.ee\/et\/wp-json\/wp\/v2\/users\/1"}],"replies":[{"embeddable":true,"href":"https:\/\/www.promfest.ee\/et\/wp-json\/wp\/v2\/comments?post=265"}],"version-history":[{"count":8,"href":"https:\/\/www.promfest.ee\/et\/wp-json\/wp\/v2\/pages\/265\/revisions"}],"predecessor-version":[{"id":6154,"href":"https:\/\/www.promfest.ee\/et\/wp-json\/wp\/v2\/pages\/265\/revisions\/6154"}],"up":[{"embeddable":true,"href":"https:\/\/www.promfest.ee\/et\/wp-json\/wp\/v2\/pages\/247"}],"wp:featuredmedia":[{"embeddable":true,"href":"https:\/\/www.promfest.ee\/et\/wp-json\/wp\/v2\/media\/1838"}],"wp:attachment":[{"href":"https:\/\/www.promfest.ee\/et\/wp-json\/wp\/v2\/media?parent=265"}],"curies":[{"name":"wp","href":"https:\/\/api.w.org\/{rel}","templated":true}]}}