{"id":261,"date":"2020-10-13T18:22:58","date_gmt":"2020-10-13T18:22:58","guid":{"rendered":"https:\/\/uus.promfest.ee\/2009-thais\/"},"modified":"2025-06-25T02:33:43","modified_gmt":"2025-06-24T23:33:43","slug":"2009-thais","status":"publish","type":"page","link":"https:\/\/www.promfest.ee\/et\/opera-productions\/2009-thais\/","title":{"rendered":"2009 - \"Thais\""},"content":{"rendered":"<div class=\"wp-block-group\"><div class=\"wp-block-group__inner-container is-layout-flow wp-block-group-is-layout-flow\">\n<div class=\"wp-block-group\"><div class=\"wp-block-group__inner-container is-layout-flow wp-block-group-is-layout-flow\">\n<div class=\"wp-block-group\"><div class=\"wp-block-group__inner-container is-layout-flow wp-block-group-is-layout-flow\">\n<div class=\"wp-block-group\"><div class=\"wp-block-group__inner-container is-layout-flow wp-block-group-is-layout-flow\"><div id=\"pl-gb261-69e17b66815f9\"  class=\"panel-layout\" ><div id=\"pg-gb261-69e17b66815f9-0\"  class=\"panel-grid panel-no-style\" ><div id=\"pgc-gb261-69e17b66815f9-0-0\"  class=\"panel-grid-cell\" ><div id=\"panel-gb261-69e17b66815f9-0-0-0\" class=\"so-panel widget widget_text panel-first-child\" data-index=\"0\" >\t\t\t<div class=\"textwidget\"><h1>Tha\u00efs<\/h1>\n<p><em>Jules Massenet'<\/em><br \/>\nPromFesti ooperilavastus 2009. aastal Klaudia Taevi nimelise noorte ooperilauljate konkursi v\u00f5itjaga (2007) nimiosas.<\/p>\n<p><img loading=\"lazy\" decoding=\"async\" class=\"alignnone wp-image-1712 size-full\" src=\"https:\/\/promfest.ee\/wp-content\/uploads\/2021\/03\/Thais-piklik-scaled.jpg\" alt=\"\" width=\"2560\" height=\"1363\" srcset=\"https:\/\/www.promfest.ee\/wp-content\/uploads\/2021\/03\/Thais-piklik-scaled.jpg 2560w, https:\/\/www.promfest.ee\/wp-content\/uploads\/2021\/03\/Thais-piklik-300x160.jpg 300w, https:\/\/www.promfest.ee\/wp-content\/uploads\/2021\/03\/Thais-piklik-1024x545.jpg 1024w, https:\/\/www.promfest.ee\/wp-content\/uploads\/2021\/03\/Thais-piklik-768x409.jpg 768w, https:\/\/www.promfest.ee\/wp-content\/uploads\/2021\/03\/Thais-piklik-1536x818.jpg 1536w, https:\/\/www.promfest.ee\/wp-content\/uploads\/2021\/03\/Thais-piklik-2048x1090.jpg 2048w\" sizes=\"auto, (max-width: 2560px) 100vw, 2560px\" \/><\/p>\n<p>&nbsp;<\/p>\n<p>PromFesti neljandat lavastust \u2013 prantsuse ooperimuusika meistriteost \u2013 m\u00e4ngiti 4 korda: 22., 24., 30. mail ja 1. juunil 2009. aastal P\u00e4rnu Endla teatris ning 28. mail Vene Teatris Tallinnas.<\/p>\n<p>See oli Eesti balleti esimese avangardlavastaja Mai Murdmaa originaallavastuseks. Muusikaline juht oli Erki Pehk, lava ja kost\u00fc\u00fcmid kujundas Madis Nurms.<\/p>\n<p>Peaosades olid 2007. aasta Klaudia Taevi noorte ooperilauljate konkursi kolm preemiasaajat \u2013 nimiosa laulis Veronika D\u017eiojeva (Venemaa), Athanaeli rollis oli Ilja Silt\u0161ukov (Valgevene) ja Niciase rolli laulis Oliver Kuusik (Eesti).<\/p>\n<p>Tha\u00efs on Jules Massenet\u2019 kolmevaatuseline ooper, mis p\u00f5hineb Anatole France\u2019i samanimelisel romaanil. P\u00e4rast Manonit ja Wertherit on Tha\u00efs \u00fcks Massenet' enimesitatud oopereid, kuid see ei kuulu tavalisse ooperirepertuaari. Selle kuulus entr'acte M\u00e9ditation on \u00fcks k\u00f5ige sagedamini esitatavaid kontsertteoseid.<\/p>\n<p>Lugu puudutab munk Athana\u00eblit, kes \u00fcritab usku p\u00f6\u00f6rata Tha\u00efsti, Aleksandria kurtisaani ja Veenuse p\u00fchendunut, kuid avastab liiga hilja, et tema kinnisidee juured on ihas. Taist on kirjeldatud kui religioosse erootika vahendit ja see on tekitanud palju vastuolulisi lavastusi. Tha\u00efsi rolli on kurikuulsalt raske laulda ja see on m\u00f5eldud ainult k\u00f5ige andekamatele artistidele.<\/p>\n<p>Lavastuse kohta saad rohkem lugeda <a href=\"https:\/\/www.promfest.ee\/et\/about-the-opera-thais-by-jules-massenet\/\" target=\"_blank\" rel=\"noopener\">SIIN<\/a><\/p>\n<p><b>Esietendus <strong>22. mail 2009<\/strong>\u00a0Endla teatris<\/b><\/p>\n<\/div>\n\t\t<\/div><div id=\"panel-gb261-69e17b66815f9-0-0-1\" class=\"so-panel widget widget_media_gallery panel-last-child\" data-index=\"1\" ><div id='gallery-1' class='gallery galleryid-261 gallery-columns-4 gallery-size-thumbnail'><figure class='gallery-item'>\n\t\t\t<div class='gallery-icon portrait'>\n\t\t\t\t<a href='https:\/\/www.promfest.ee\/wp-content\/uploads\/2021\/03\/01-Palemon-scaled.jpg'><img loading=\"lazy\" decoding=\"async\" width=\"150\" height=\"150\" src=\"https:\/\/www.promfest.ee\/wp-content\/uploads\/2021\/03\/01-Palemon-150x150.jpg\" class=\"attachment-thumbnail size-thumbnail\" alt=\"\" \/><\/a>\n\t\t\t<\/div><\/figure><figure class='gallery-item'>\n\t\t\t<div class='gallery-icon landscape'>\n\t\t\t\t<a href='https:\/\/www.promfest.ee\/wp-content\/uploads\/2021\/03\/02-moncks-scaled.jpg'><img loading=\"lazy\" decoding=\"async\" width=\"150\" height=\"150\" src=\"https:\/\/www.promfest.ee\/wp-content\/uploads\/2021\/03\/02-moncks-150x150.jpg\" class=\"attachment-thumbnail size-thumbnail\" alt=\"\" \/><\/a>\n\t\t\t<\/div><\/figure><figure class='gallery-item'>\n\t\t\t<div class='gallery-icon landscape'>\n\t\t\t\t<a href='https:\/\/www.promfest.ee\/wp-content\/uploads\/2021\/03\/03-Palemon-and-Athanael-scaled.jpg'><img loading=\"lazy\" decoding=\"async\" width=\"150\" height=\"150\" src=\"https:\/\/www.promfest.ee\/wp-content\/uploads\/2021\/03\/03-Palemon-and-Athanael-150x150.jpg\" class=\"attachment-thumbnail size-thumbnail\" alt=\"\" \/><\/a>\n\t\t\t<\/div><\/figure><figure class='gallery-item'>\n\t\t\t<div class='gallery-icon landscape'>\n\t\t\t\t<a href='https:\/\/www.promfest.ee\/wp-content\/uploads\/2021\/03\/04-Dream-of-Athanael-scaled.jpg'><img loading=\"lazy\" decoding=\"async\" width=\"150\" height=\"150\" src=\"https:\/\/www.promfest.ee\/wp-content\/uploads\/2021\/03\/04-Dream-of-Athanael-150x150.jpg\" class=\"attachment-thumbnail size-thumbnail\" alt=\"\" \/><\/a>\n\t\t\t<\/div><\/figure><figure class='gallery-item'>\n\t\t\t<div class='gallery-icon landscape'>\n\t\t\t\t<a href='https:\/\/www.promfest.ee\/wp-content\/uploads\/2021\/03\/05-Dream-of-Athanael-scaled.jpg'><img loading=\"lazy\" decoding=\"async\" width=\"150\" height=\"150\" src=\"https:\/\/www.promfest.ee\/wp-content\/uploads\/2021\/03\/05-Dream-of-Athanael-150x150.jpg\" class=\"attachment-thumbnail size-thumbnail\" alt=\"\" \/><\/a>\n\t\t\t<\/div><\/figure><figure class='gallery-item'>\n\t\t\t<div class='gallery-icon landscape'>\n\t\t\t\t<a href='https:\/\/www.promfest.ee\/wp-content\/uploads\/2021\/03\/05-terrible-city-scaled.jpg'><img loading=\"lazy\" decoding=\"async\" width=\"150\" height=\"150\" src=\"https:\/\/www.promfest.ee\/wp-content\/uploads\/2021\/03\/05-terrible-city-150x150.jpg\" class=\"attachment-thumbnail size-thumbnail\" alt=\"\" \/><\/a>\n\t\t\t<\/div><\/figure><figure class='gallery-item'>\n\t\t\t<div class='gallery-icon landscape'>\n\t\t\t\t<a href='https:\/\/www.promfest.ee\/wp-content\/uploads\/2021\/03\/06-Changing-scaled.jpg'><img loading=\"lazy\" decoding=\"async\" width=\"150\" height=\"150\" src=\"https:\/\/www.promfest.ee\/wp-content\/uploads\/2021\/03\/06-Changing-150x150.jpg\" class=\"attachment-thumbnail size-thumbnail\" alt=\"\" \/><\/a>\n\t\t\t<\/div><\/figure><figure class='gallery-item'>\n\t\t\t<div class='gallery-icon landscape'>\n\t\t\t\t<a href='https:\/\/www.promfest.ee\/wp-content\/uploads\/2021\/03\/07-appearance-of-Thais-scaled.jpg'><img loading=\"lazy\" decoding=\"async\" width=\"150\" height=\"150\" src=\"https:\/\/www.promfest.ee\/wp-content\/uploads\/2021\/03\/07-appearance-of-Thais-150x150.jpg\" class=\"attachment-thumbnail size-thumbnail\" alt=\"\" \/><\/a>\n\t\t\t<\/div><\/figure><figure class='gallery-item'>\n\t\t\t<div class='gallery-icon landscape'>\n\t\t\t\t<a href='https:\/\/www.promfest.ee\/wp-content\/uploads\/2021\/03\/08-appearance-of-Thais-scaled.jpg'><img loading=\"lazy\" decoding=\"async\" width=\"150\" height=\"150\" src=\"https:\/\/www.promfest.ee\/wp-content\/uploads\/2021\/03\/08-appearance-of-Thais-150x150.jpg\" class=\"attachment-thumbnail size-thumbnail\" alt=\"\" \/><\/a>\n\t\t\t<\/div><\/figure><figure class='gallery-item'>\n\t\t\t<div class='gallery-icon landscape'>\n\t\t\t\t<a href='https:\/\/www.promfest.ee\/wp-content\/uploads\/2021\/03\/09-Nicias-and-Thais2-scaled.jpg'><img loading=\"lazy\" decoding=\"async\" width=\"150\" height=\"150\" src=\"https:\/\/www.promfest.ee\/wp-content\/uploads\/2021\/03\/09-Nicias-and-Thais2-150x150.jpg\" class=\"attachment-thumbnail size-thumbnail\" alt=\"\" \/><\/a>\n\t\t\t<\/div><\/figure><figure class='gallery-item'>\n\t\t\t<div class='gallery-icon landscape'>\n\t\t\t\t<a href='https:\/\/www.promfest.ee\/wp-content\/uploads\/2021\/03\/10-Nicias-and-Thais-scaled.jpg'><img loading=\"lazy\" decoding=\"async\" width=\"150\" height=\"150\" src=\"https:\/\/www.promfest.ee\/wp-content\/uploads\/2021\/03\/10-Nicias-and-Thais-150x150.jpg\" class=\"attachment-thumbnail size-thumbnail\" alt=\"\" \/><\/a>\n\t\t\t<\/div><\/figure><figure class='gallery-item'>\n\t\t\t<div class='gallery-icon landscape'>\n\t\t\t\t<a href='https:\/\/www.promfest.ee\/wp-content\/uploads\/2021\/03\/11-Mirror-scaled.jpg'><img loading=\"lazy\" decoding=\"async\" width=\"150\" height=\"150\" src=\"https:\/\/www.promfest.ee\/wp-content\/uploads\/2021\/03\/11-Mirror-150x150.jpg\" class=\"attachment-thumbnail size-thumbnail\" alt=\"\" \/><\/a>\n\t\t\t<\/div><\/figure><figure class='gallery-item'>\n\t\t\t<div class='gallery-icon landscape'>\n\t\t\t\t<a href='https:\/\/www.promfest.ee\/wp-content\/uploads\/2021\/03\/12-Mirror2-scaled.jpg'><img loading=\"lazy\" decoding=\"async\" width=\"150\" height=\"150\" src=\"https:\/\/www.promfest.ee\/wp-content\/uploads\/2021\/03\/12-Mirror2-150x150.jpg\" class=\"attachment-thumbnail size-thumbnail\" alt=\"\" \/><\/a>\n\t\t\t<\/div><\/figure><figure class='gallery-item'>\n\t\t\t<div class='gallery-icon landscape'>\n\t\t\t\t<a href='https:\/\/www.promfest.ee\/wp-content\/uploads\/2021\/03\/095-Charmeus-and-dancer.jpg'><img loading=\"lazy\" decoding=\"async\" width=\"150\" height=\"150\" src=\"https:\/\/www.promfest.ee\/wp-content\/uploads\/2021\/03\/095-Charmeus-and-dancer-150x150.jpg\" class=\"attachment-thumbnail size-thumbnail\" alt=\"\" \/><\/a>\n\t\t\t<\/div><\/figure><figure class='gallery-item'>\n\t\t\t<div class='gallery-icon landscape'>\n\t\t\t\t<a href='https:\/\/www.promfest.ee\/wp-content\/uploads\/2021\/03\/13-Meditation-scaled.jpg'><img loading=\"lazy\" decoding=\"async\" width=\"150\" height=\"150\" src=\"https:\/\/www.promfest.ee\/wp-content\/uploads\/2021\/03\/13-Meditation-150x150.jpg\" class=\"attachment-thumbnail size-thumbnail\" alt=\"\" \/><\/a>\n\t\t\t<\/div><\/figure><figure class='gallery-item'>\n\t\t\t<div class='gallery-icon landscape'>\n\t\t\t\t<a href='https:\/\/www.promfest.ee\/wp-content\/uploads\/2021\/03\/14-Meditation-scaled.jpg'><img loading=\"lazy\" decoding=\"async\" width=\"150\" height=\"150\" src=\"https:\/\/www.promfest.ee\/wp-content\/uploads\/2021\/03\/14-Meditation-150x150.jpg\" class=\"attachment-thumbnail size-thumbnail\" alt=\"\" \/><\/a>\n\t\t\t<\/div><\/figure><figure class='gallery-item'>\n\t\t\t<div class='gallery-icon landscape'>\n\t\t\t\t<a href='https:\/\/www.promfest.ee\/wp-content\/uploads\/2021\/03\/15-desert-scaled.jpg'><img loading=\"lazy\" decoding=\"async\" width=\"150\" height=\"150\" src=\"https:\/\/www.promfest.ee\/wp-content\/uploads\/2021\/03\/15-desert-150x150.jpg\" class=\"attachment-thumbnail size-thumbnail\" alt=\"\" \/><\/a>\n\t\t\t<\/div><\/figure><figure class='gallery-item'>\n\t\t\t<div class='gallery-icon portrait'>\n\t\t\t\t<a href='https:\/\/www.promfest.ee\/wp-content\/uploads\/2021\/03\/16-nun-scaled.jpg'><img loading=\"lazy\" decoding=\"async\" width=\"150\" height=\"150\" src=\"https:\/\/www.promfest.ee\/wp-content\/uploads\/2021\/03\/16-nun-150x150.jpg\" class=\"attachment-thumbnail size-thumbnail\" alt=\"\" \/><\/a>\n\t\t\t<\/div><\/figure><figure class='gallery-item'>\n\t\t\t<div class='gallery-icon landscape'>\n\t\t\t\t<a href='https:\/\/www.promfest.ee\/wp-content\/uploads\/2021\/03\/13-desert-scaled.jpg'><img loading=\"lazy\" decoding=\"async\" width=\"150\" height=\"150\" src=\"https:\/\/www.promfest.ee\/wp-content\/uploads\/2021\/03\/13-desert-150x150.jpg\" class=\"attachment-thumbnail size-thumbnail\" alt=\"\" \/><\/a>\n\t\t\t<\/div><\/figure><figure class='gallery-item'>\n\t\t\t<div class='gallery-icon landscape'>\n\t\t\t\t<a href='https:\/\/www.promfest.ee\/wp-content\/uploads\/2021\/03\/17-dying-scaled.jpg'><img loading=\"lazy\" decoding=\"async\" width=\"150\" height=\"150\" src=\"https:\/\/www.promfest.ee\/wp-content\/uploads\/2021\/03\/17-dying-150x150.jpg\" class=\"attachment-thumbnail size-thumbnail\" alt=\"\" \/><\/a>\n\t\t\t<\/div><\/figure><figure class='gallery-item'>\n\t\t\t<div class='gallery-icon landscape'>\n\t\t\t\t<a href='https:\/\/www.promfest.ee\/wp-content\/uploads\/2021\/03\/18-dying2-scaled.jpg'><img loading=\"lazy\" decoding=\"async\" width=\"150\" height=\"150\" src=\"https:\/\/www.promfest.ee\/wp-content\/uploads\/2021\/03\/18-dying2-150x150.jpg\" class=\"attachment-thumbnail size-thumbnail\" alt=\"\" \/><\/a>\n\t\t\t<\/div><\/figure><figure class='gallery-item'>\n\t\t\t<div class='gallery-icon landscape'>\n\t\t\t\t<a href='https:\/\/www.promfest.ee\/wp-content\/uploads\/2021\/03\/20-Mai-Murdmaa-scaled.jpg'><img loading=\"lazy\" decoding=\"async\" width=\"150\" height=\"150\" src=\"https:\/\/www.promfest.ee\/wp-content\/uploads\/2021\/03\/20-Mai-Murdmaa-150x150.jpg\" class=\"attachment-thumbnail size-thumbnail\" alt=\"\" \/><\/a>\n\t\t\t<\/div><\/figure>\n\t\t<\/div>\n<\/div><\/div><div id=\"pgc-gb261-69e17b66815f9-0-1\"  class=\"panel-grid-cell\" ><div id=\"panel-gb261-69e17b66815f9-0-1-0\" class=\"so-panel widget widget_text panel-first-child\" data-index=\"2\" >\t\t\t<div class=\"textwidget\"><p>PromFesti koost\u00f6\u00f6projekt Endla teatriga<\/p>\n<p>Muusikaline juht ja dirigent - <strong>Erki Pehk<\/strong><br \/>\nLavastaja - <b>Mai Murdmaa<\/b><br \/>\nKunstnik - <strong>Madis Nurms<\/strong><b><br \/>\n<\/b>Valguskunstnik - <b>Margus Vaigur<br \/>\n<\/b>Koormeister - <b>Heli J\u00fcrgenson<br \/>\n<\/b>Klaverisaatja - <b>Helin Kapten<br \/>\n<\/b><\/p>\n<p><b><br \/>\n<\/b>Thais &#8211; <strong>Veronika D\u017eiojeva <\/strong>(Venemaa)<br \/>\nAthana\u00ebl &#8211; <strong>Ilja Silt\u0161ukov<\/strong> (Valgevene)<br \/>\nNicias &#8211; <strong>Oliver Kuusik <\/strong>(Eesti)<br \/>\nPalemon &#8211; <b><strong>Vladimiras Prudnikovas <\/strong><\/b>(Leedu)<br \/>\nCrobyle &#8211; <strong>G\u00e9raldine Casanova<\/strong> (Prantsusmaa)<br \/>\nMyrtale &#8211; <strong>Airike Kolk<\/strong> (Eesti)<br \/>\nLa Charmeuse &#8211; <strong>Pirjo Jonas<\/strong> (Eesti)<br \/>\nAlbine &#8211; <strong>Triin Ella<\/strong> (Eesti)<br \/>\nTantsija - <strong>Helen Veidebaum<\/strong> (Eesti)<\/p>\n<p>P\u00e4rnu Linnaorkester<br \/>\nOrkestri kontsertmeister - <strong>Kristel Eeroja-P\u00f5ldoja<\/strong><\/p>\n<p>Koor:<br \/>\n<strong>Maria Kondratjeva, Piret Tatar, Anne Alt, Jelena Gerdiga-Kumm, Kati Jaanim\u00e4e, Helle Monika Helme, Maris Liloson, Ruth Karutoom, Kersti Nahkur, Kadri Karula, Ants Kollo, Geir Luht, Aare Kodasmaa, Vladislav Horuzhenko, Jaak J\u00f5ekallas, Roland Liiv, Rene Alas, Priit Kruusement, Mart Kroon, Pavlo Balakin<\/strong><\/p>\n<p>&nbsp;<\/p>\n<\/div>\n\t\t<\/div><\/div><\/div><\/div><\/div><\/div>\n<\/div><\/div>\n<\/div><\/div>\n\n\n\n<p><\/p>\n<\/div><\/div>\n\n\n\n<p><\/p>","protected":false},"excerpt":{"rendered":"","protected":false},"author":1,"featured_media":1307,"parent":247,"menu_order":7,"comment_status":"closed","ping_status":"closed","template":"","meta":{"footnotes":""},"class_list":["post-261","page","type-page","status-publish","has-post-thumbnail","hentry"],"_links":{"self":[{"href":"https:\/\/www.promfest.ee\/et\/wp-json\/wp\/v2\/pages\/261","targetHints":{"allow":["GET"]}}],"collection":[{"href":"https:\/\/www.promfest.ee\/et\/wp-json\/wp\/v2\/pages"}],"about":[{"href":"https:\/\/www.promfest.ee\/et\/wp-json\/wp\/v2\/types\/page"}],"author":[{"embeddable":true,"href":"https:\/\/www.promfest.ee\/et\/wp-json\/wp\/v2\/users\/1"}],"replies":[{"embeddable":true,"href":"https:\/\/www.promfest.ee\/et\/wp-json\/wp\/v2\/comments?post=261"}],"version-history":[{"count":16,"href":"https:\/\/www.promfest.ee\/et\/wp-json\/wp\/v2\/pages\/261\/revisions"}],"predecessor-version":[{"id":6156,"href":"https:\/\/www.promfest.ee\/et\/wp-json\/wp\/v2\/pages\/261\/revisions\/6156"}],"up":[{"embeddable":true,"href":"https:\/\/www.promfest.ee\/et\/wp-json\/wp\/v2\/pages\/247"}],"wp:featuredmedia":[{"embeddable":true,"href":"https:\/\/www.promfest.ee\/et\/wp-json\/wp\/v2\/media\/1307"}],"wp:attachment":[{"href":"https:\/\/www.promfest.ee\/et\/wp-json\/wp\/v2\/media?parent=261"}],"curies":[{"name":"wp","href":"https:\/\/api.w.org\/{rel}","templated":true}]}}