{"id":259,"date":"2020-10-13T18:22:58","date_gmt":"2020-10-13T18:22:58","guid":{"rendered":"https:\/\/uus.promfest.ee\/2011-attila\/"},"modified":"2025-06-25T02:33:43","modified_gmt":"2025-06-24T23:33:43","slug":"2011-attila","status":"publish","type":"page","link":"https:\/\/www.promfest.ee\/et\/opera-productions\/2011-attila\/","title":{"rendered":"2011 - \"Attila\""},"content":{"rendered":"<div class=\"wp-block-group\"><div class=\"wp-block-group__inner-container is-layout-flow wp-block-group-is-layout-flow\">\n<div class=\"wp-block-group\"><div class=\"wp-block-group__inner-container is-layout-flow wp-block-group-is-layout-flow\">\n<div class=\"wp-block-group\"><div class=\"wp-block-group__inner-container is-layout-flow wp-block-group-is-layout-flow\">\n<div class=\"wp-block-group\"><div class=\"wp-block-group__inner-container is-layout-flow wp-block-group-is-layout-flow\"><div id=\"pl-gb259-69d50b8ec059f\"  class=\"panel-layout\" ><div id=\"pg-gb259-69d50b8ec059f-0\"  class=\"panel-grid panel-no-style\" ><div id=\"pgc-gb259-69d50b8ec059f-0-0\"  class=\"panel-grid-cell\" ><div id=\"panel-gb259-69d50b8ec059f-0-0-0\" class=\"so-panel widget widget_text panel-first-child\" data-index=\"0\" >\t\t\t<div class=\"textwidget\"><h1>Attila<\/h1>\n<p><em>Giuseppe Verdi<\/em><br \/>\nPromFesti ooperiproduktsioon aastal 2011 nimiosas\u00a0<b>Anatoli Sivko<\/b> Klaudia Taevi nim. konkursi v\u00f5itja (2009).<\/p>\n<p><img loading=\"lazy\" decoding=\"async\" class=\"alignnone size-full wp-image-573\" src=\"https:\/\/promfest.ee\/wp-content\/uploads\/2021\/01\/attila-2011-2.jpg\" alt=\"\" width=\"800\" height=\"287\" srcset=\"https:\/\/www.promfest.ee\/wp-content\/uploads\/2021\/01\/attila-2011-2.jpg 800w, https:\/\/www.promfest.ee\/wp-content\/uploads\/2021\/01\/attila-2011-2-300x108.jpg 300w, https:\/\/www.promfest.ee\/wp-content\/uploads\/2021\/01\/attila-2011-2-768x276.jpg 768w, https:\/\/www.promfest.ee\/wp-content\/uploads\/2021\/01\/attila-2011-2-16x6.jpg 16w\" sizes=\"auto, (max-width: 800px) 100vw, 800px\" \/><\/p>\n<p>&nbsp;<\/p>\n<p>\u201cAttila\u201d on ooperilavadel \u00fcsna harv k\u00fclaline, isegi Metropolitan Opera v\u00f5ttis selle oma m\u00e4ngukavva esimest korda alles 2010. aastal. Ooper on nooruslikult tuline ja paradokse t\u00e4is, nagu Verdi ise selle kirjutamise ajal. V\u00f5ib-olla on seda sobivam, et selle rolliga astus lavale vaid 24-aastane Valgevene bass Anatoli Sivko.<\/p>\n<p>\u201e\u00dchelt poolt on Attila traagiline lugu keelatud armastusest, kus s\u00f5jav\u00e4e\u00fclema t\u00fctar armub oma isa palgam\u00f5rtsujasse ja tema kodumaa vallutajasse. Samal ajal on Attilal ka inimlikul tasandil s\u00fcgav kokkup\u00f5rge \u2013 Attila kui primitiivse, loomuliku inimloomuse ning salakavala \u00fchiskonna ja s\u00fcsteemi vahel. Loo taustaks on kindlasti kultuuride konflikt, milles v\u00f5ib n\u00e4ha paralleele t\u00e4nap\u00e4eval kristliku ja islamimaailma vahel toimuvaga,\u201c r\u00e4\u00e4kis lavastaja \u00dcllar Saarem\u00e4e.<\/p>\n<p><b>Esietendus 4. juunil 2011 Endla teatris<\/b><\/p>\n<\/div>\n\t\t<\/div><div id=\"panel-gb259-69d50b8ec059f-0-0-1\" class=\"so-panel widget widget_media_gallery panel-last-child\" data-index=\"1\" ><div id='gallery-1' class='gallery galleryid-259 gallery-columns-4 gallery-size-thumbnail'><figure class='gallery-item'>\n\t\t\t<div class='gallery-icon portrait'>\n\t\t\t\t<a href='https:\/\/www.promfest.ee\/wp-content\/uploads\/2021\/01\/DSC8513-X3.jpg'><img loading=\"lazy\" decoding=\"async\" width=\"150\" height=\"150\" src=\"https:\/\/www.promfest.ee\/wp-content\/uploads\/2021\/01\/DSC8513-X3-150x150.jpg\" class=\"attachment-thumbnail size-thumbnail\" alt=\"\" \/><\/a>\n\t\t\t<\/div><\/figure><figure class='gallery-item'>\n\t\t\t<div class='gallery-icon portrait'>\n\t\t\t\t<a href='https:\/\/www.promfest.ee\/wp-content\/uploads\/2021\/01\/dsc8412.jpg'><img loading=\"lazy\" decoding=\"async\" width=\"150\" height=\"150\" src=\"https:\/\/www.promfest.ee\/wp-content\/uploads\/2021\/01\/dsc8412-150x150.jpg\" class=\"attachment-thumbnail size-thumbnail\" alt=\"\" \/><\/a>\n\t\t\t<\/div><\/figure><figure class='gallery-item'>\n\t\t\t<div class='gallery-icon landscape'>\n\t\t\t\t<a href='https:\/\/www.promfest.ee\/wp-content\/uploads\/2021\/01\/DSC8495.jpg'><img loading=\"lazy\" decoding=\"async\" width=\"150\" height=\"150\" src=\"https:\/\/www.promfest.ee\/wp-content\/uploads\/2021\/01\/DSC8495-150x150.jpg\" class=\"attachment-thumbnail size-thumbnail\" alt=\"\" \/><\/a>\n\t\t\t<\/div><\/figure><figure class='gallery-item'>\n\t\t\t<div class='gallery-icon landscape'>\n\t\t\t\t<a href='https:\/\/www.promfest.ee\/wp-content\/uploads\/2021\/01\/Attila-Birgittal5_large.jpg'><img loading=\"lazy\" decoding=\"async\" width=\"150\" height=\"150\" src=\"https:\/\/www.promfest.ee\/wp-content\/uploads\/2021\/01\/Attila-Birgittal5_large-150x150.jpg\" class=\"attachment-thumbnail size-thumbnail\" alt=\"\" \/><\/a>\n\t\t\t<\/div><\/figure><figure class='gallery-item'>\n\t\t\t<div class='gallery-icon landscape'>\n\t\t\t\t<a href='https:\/\/www.promfest.ee\/wp-content\/uploads\/2021\/01\/Attila-Birgittal3-1_large.jpg'><img loading=\"lazy\" decoding=\"async\" width=\"150\" height=\"150\" src=\"https:\/\/www.promfest.ee\/wp-content\/uploads\/2021\/01\/Attila-Birgittal3-1_large-150x150.jpg\" class=\"attachment-thumbnail size-thumbnail\" alt=\"\" \/><\/a>\n\t\t\t<\/div><\/figure><figure class='gallery-item'>\n\t\t\t<div class='gallery-icon landscape'>\n\t\t\t\t<a href='https:\/\/www.promfest.ee\/wp-content\/uploads\/2021\/01\/dsc8362.jpg'><img loading=\"lazy\" decoding=\"async\" width=\"150\" height=\"150\" src=\"https:\/\/www.promfest.ee\/wp-content\/uploads\/2021\/01\/dsc8362-150x150.jpg\" class=\"attachment-thumbnail size-thumbnail\" alt=\"\" \/><\/a>\n\t\t\t<\/div><\/figure><figure class='gallery-item'>\n\t\t\t<div class='gallery-icon landscape'>\n\t\t\t\t<a href='https:\/\/www.promfest.ee\/wp-content\/uploads\/2021\/01\/DSC8371.jpg'><img loading=\"lazy\" decoding=\"async\" width=\"150\" height=\"150\" src=\"https:\/\/www.promfest.ee\/wp-content\/uploads\/2021\/01\/DSC8371-150x150.jpg\" class=\"attachment-thumbnail size-thumbnail\" alt=\"\" \/><\/a>\n\t\t\t<\/div><\/figure><figure class='gallery-item'>\n\t\t\t<div class='gallery-icon landscape'>\n\t\t\t\t<a href='https:\/\/www.promfest.ee\/wp-content\/uploads\/2021\/01\/DSC8503.jpg'><img loading=\"lazy\" decoding=\"async\" width=\"150\" height=\"150\" src=\"https:\/\/www.promfest.ee\/wp-content\/uploads\/2021\/01\/DSC8503-150x150.jpg\" class=\"attachment-thumbnail size-thumbnail\" alt=\"\" \/><\/a>\n\t\t\t<\/div><\/figure><figure class='gallery-item'>\n\t\t\t<div class='gallery-icon portrait'>\n\t\t\t\t<a href='https:\/\/www.promfest.ee\/wp-content\/uploads\/2021\/01\/5-Anatoli-Attila-scaled.jpg'><img loading=\"lazy\" decoding=\"async\" width=\"150\" height=\"150\" src=\"https:\/\/www.promfest.ee\/wp-content\/uploads\/2021\/01\/5-Anatoli-Attila-150x150.jpg\" class=\"attachment-thumbnail size-thumbnail\" alt=\"\" \/><\/a>\n\t\t\t<\/div><\/figure><figure class='gallery-item'>\n\t\t\t<div class='gallery-icon landscape'>\n\t\t\t\t<a href='https:\/\/www.promfest.ee\/wp-content\/uploads\/2021\/01\/Anatoli3-Attila-scaled.jpg'><img loading=\"lazy\" decoding=\"async\" width=\"150\" height=\"150\" src=\"https:\/\/www.promfest.ee\/wp-content\/uploads\/2021\/01\/Anatoli3-Attila-150x150.jpg\" class=\"attachment-thumbnail size-thumbnail\" alt=\"\" \/><\/a>\n\t\t\t<\/div><\/figure><figure class='gallery-item'>\n\t\t\t<div class='gallery-icon landscape'>\n\t\t\t\t<a href='https:\/\/www.promfest.ee\/wp-content\/uploads\/2021\/01\/Anatoli4-Attila-scaled.jpg'><img loading=\"lazy\" decoding=\"async\" width=\"150\" height=\"150\" src=\"https:\/\/www.promfest.ee\/wp-content\/uploads\/2021\/01\/Anatoli4-Attila-150x150.jpg\" class=\"attachment-thumbnail size-thumbnail\" alt=\"\" \/><\/a>\n\t\t\t<\/div><\/figure><figure class='gallery-item'>\n\t\t\t<div class='gallery-icon landscape'>\n\t\t\t\t<a href='https:\/\/www.promfest.ee\/wp-content\/uploads\/2021\/01\/Erik.jpg'><img loading=\"lazy\" decoding=\"async\" width=\"150\" height=\"150\" src=\"https:\/\/www.promfest.ee\/wp-content\/uploads\/2021\/01\/Erik-150x150.jpg\" class=\"attachment-thumbnail size-thumbnail\" alt=\"\" \/><\/a>\n\t\t\t<\/div><\/figure><figure class='gallery-item'>\n\t\t\t<div class='gallery-icon portrait'>\n\t\t\t\t<a href='https:\/\/www.promfest.ee\/wp-content\/uploads\/2021\/01\/Anatoli5-Attila-scaled.jpg'><img loading=\"lazy\" decoding=\"async\" width=\"150\" height=\"150\" src=\"https:\/\/www.promfest.ee\/wp-content\/uploads\/2021\/01\/Anatoli5-Attila-150x150.jpg\" class=\"attachment-thumbnail size-thumbnail\" alt=\"\" \/><\/a>\n\t\t\t<\/div><\/figure><figure class='gallery-item'>\n\t\t\t<div class='gallery-icon portrait'>\n\t\t\t\t<a href='https:\/\/www.promfest.ee\/wp-content\/uploads\/2021\/01\/Anatoli7-Attila-scaled.jpg'><img loading=\"lazy\" decoding=\"async\" width=\"150\" height=\"150\" src=\"https:\/\/www.promfest.ee\/wp-content\/uploads\/2021\/01\/Anatoli7-Attila-150x150.jpg\" class=\"attachment-thumbnail size-thumbnail\" alt=\"\" \/><\/a>\n\t\t\t<\/div><\/figure><figure class='gallery-item'>\n\t\t\t<div class='gallery-icon portrait'>\n\t\t\t\t<a href='https:\/\/www.promfest.ee\/wp-content\/uploads\/2021\/01\/Anatoli-Attila-scaled.jpg'><img loading=\"lazy\" decoding=\"async\" width=\"150\" height=\"150\" src=\"https:\/\/www.promfest.ee\/wp-content\/uploads\/2021\/01\/Anatoli-Attila-150x150.jpg\" class=\"attachment-thumbnail size-thumbnail\" alt=\"\" \/><\/a>\n\t\t\t<\/div><\/figure><figure class='gallery-item'>\n\t\t\t<div class='gallery-icon landscape'>\n\t\t\t\t<a href='https:\/\/www.promfest.ee\/wp-content\/uploads\/2021\/01\/Madis2-Attila--scaled.jpg'><img loading=\"lazy\" decoding=\"async\" width=\"150\" height=\"150\" src=\"https:\/\/www.promfest.ee\/wp-content\/uploads\/2021\/01\/Madis2-Attila--150x150.jpg\" class=\"attachment-thumbnail size-thumbnail\" alt=\"\" \/><\/a>\n\t\t\t<\/div><\/figure>\n\t\t<\/div>\n<\/div><\/div><div id=\"pgc-gb259-69d50b8ec059f-0-1\"  class=\"panel-grid-cell\" ><div id=\"panel-gb259-69d50b8ec059f-0-1-0\" class=\"so-panel widget widget_text panel-first-child\" data-index=\"2\" >\t\t\t<div class=\"textwidget\"><p>PromFesti koost\u00f6\u00f6projekt Kaunase riikliku muusikateatriga<\/p>\n<p>Muusikaline juht ja dirigent - <strong>Erki Pehk<\/strong><br \/>\nLavastaja - <b>\u00dcllar Saarem\u00e4e<\/b><br \/>\nKunstnik - <strong>Madis Nurms<\/strong><br \/>\nLiikumisjuht - <b>Oleg Titov<br \/>\n<\/b>Valguskunstnik - <b>Margus Vaigur<\/p>\n<p><\/b>Attila &#8211; <strong>Anatoli Sivko <\/strong>(Valgevene)<br \/>\nOdabella &#8211; <strong>Sandra Janu\u0161aite<\/strong>\u00a0(Leedu)<br \/>\nEzio &#8211; <strong>Vladislav Sulimski <\/strong>(Russia\/Belarus)<br \/>\nForesto &#8211; <b><strong>Erik Fenton <\/strong><\/b>(USA)<br \/>\nPope &#8211; <b>Mati Palm <\/b>(Eesti)<\/p>\n<p>Kaunase riikliku muusikateatri koor ja orkester<br \/>\nKoormeister: <b>Rasa Vaitkevi\u010di\u016bt\u0117<\/b><br \/>\nOrkestri kontsertmeister: <b>Povilas Grigas<\/b><\/p>\n<p>&nbsp;<\/p>\n<\/div>\n\t\t<\/div><\/div><\/div><\/div><\/div><\/div>\n<\/div><\/div>\n<\/div><\/div>\n\n\n\n<p><\/p>\n<\/div><\/div>\n\n\n\n<p><\/p>","protected":false},"excerpt":{"rendered":"","protected":false},"author":1,"featured_media":573,"parent":247,"menu_order":8,"comment_status":"closed","ping_status":"closed","template":"","meta":{"footnotes":""},"class_list":["post-259","page","type-page","status-publish","has-post-thumbnail","hentry"],"_links":{"self":[{"href":"https:\/\/www.promfest.ee\/et\/wp-json\/wp\/v2\/pages\/259","targetHints":{"allow":["GET"]}}],"collection":[{"href":"https:\/\/www.promfest.ee\/et\/wp-json\/wp\/v2\/pages"}],"about":[{"href":"https:\/\/www.promfest.ee\/et\/wp-json\/wp\/v2\/types\/page"}],"author":[{"embeddable":true,"href":"https:\/\/www.promfest.ee\/et\/wp-json\/wp\/v2\/users\/1"}],"replies":[{"embeddable":true,"href":"https:\/\/www.promfest.ee\/et\/wp-json\/wp\/v2\/comments?post=259"}],"version-history":[{"count":8,"href":"https:\/\/www.promfest.ee\/et\/wp-json\/wp\/v2\/pages\/259\/revisions"}],"predecessor-version":[{"id":6157,"href":"https:\/\/www.promfest.ee\/et\/wp-json\/wp\/v2\/pages\/259\/revisions\/6157"}],"up":[{"embeddable":true,"href":"https:\/\/www.promfest.ee\/et\/wp-json\/wp\/v2\/pages\/247"}],"wp:featuredmedia":[{"embeddable":true,"href":"https:\/\/www.promfest.ee\/et\/wp-json\/wp\/v2\/media\/573"}],"wp:attachment":[{"href":"https:\/\/www.promfest.ee\/et\/wp-json\/wp\/v2\/media?parent=259"}],"curies":[{"name":"wp","href":"https:\/\/api.w.org\/{rel}","templated":true}]}}