{"id":257,"date":"2020-10-13T18:22:58","date_gmt":"2020-10-13T18:22:58","guid":{"rendered":"https:\/\/uus.promfest.ee\/2013-%d1%86%d0%b0%d1%80%d1%81%d0%ba%d0%b0%d1%8f-%d0%bd%d0%b5%d0%b2%d0%b5%d1%81%d1%82%d0%b0\/"},"modified":"2025-06-25T02:33:43","modified_gmt":"2025-06-24T23:33:43","slug":"2013-%d1%86%d0%b0%d1%80%d1%81%d0%ba%d0%b0%d1%8f-%d0%bd%d0%b5%d0%b2%d0%b5%d1%81%d1%82%d0%b0","status":"publish","type":"page","link":"https:\/\/www.promfest.ee\/et\/opera-productions\/2013-%d1%86%d0%b0%d1%80%d1%81%d0%ba%d0%b0%d1%8f-%d0%bd%d0%b5%d0%b2%d0%b5%d1%81%d1%82%d0%b0\/","title":{"rendered":"2013 - \"Tsaari m\u00f5rsja\""},"content":{"rendered":"<div class=\"wp-block-group\"><div class=\"wp-block-group__inner-container is-layout-flow wp-block-group-is-layout-flow\">\n<div class=\"wp-block-group\"><div class=\"wp-block-group__inner-container is-layout-flow wp-block-group-is-layout-flow\">\n<div class=\"wp-block-group\"><div class=\"wp-block-group__inner-container is-layout-flow wp-block-group-is-layout-flow\">\n<div class=\"wp-block-group\"><div class=\"wp-block-group__inner-container is-layout-flow wp-block-group-is-layout-flow\"><div id=\"pl-gb257-69d5202cbf181\"  class=\"panel-layout\" ><div id=\"pg-gb257-69d5202cbf181-0\"  class=\"panel-grid panel-no-style\" ><div id=\"pgc-gb257-69d5202cbf181-0-0\"  class=\"panel-grid-cell\" ><div id=\"panel-gb257-69d5202cbf181-0-0-0\" class=\"so-panel widget widget_text panel-first-child\" data-index=\"0\" >\t\t\t<div class=\"textwidget\"><h1>Tsaari m\u00f5rsja<\/h1>\n<p><em>Nikolai Rimsky-Korsakov<\/em><\/p>\n<p>PromFesti ooperilavastus 2013. aastal Klaudia Taevi konkursi (2011) laureaatidega peaosades.<\/p>\n<p><img loading=\"lazy\" decoding=\"async\" class=\"alignnone size-full wp-image-562\" src=\"https:\/\/promfest.ee\/wp-content\/uploads\/2021\/01\/morsjaI.jpg\" alt=\"\" width=\"800\" height=\"514\" srcset=\"https:\/\/www.promfest.ee\/wp-content\/uploads\/2021\/01\/morsjaI.jpg 800w, https:\/\/www.promfest.ee\/wp-content\/uploads\/2021\/01\/morsjaI-300x193.jpg 300w, https:\/\/www.promfest.ee\/wp-content\/uploads\/2021\/01\/morsjaI-768x493.jpg 768w, https:\/\/www.promfest.ee\/wp-content\/uploads\/2021\/01\/morsjaI-16x10.jpg 16w\" sizes=\"auto, (max-width: 800px) 100vw, 800px\" \/><\/p>\n<p><b>Esietendus 6. juulil 2013 P\u00e4rnu Endla teatris<\/b><\/p>\n<p><a href=\"https:\/\/www.youtube.com\/watch?v=szWk8_Ok6cg&amp;t=2117s\" target=\"_blank\" rel=\"noopener\">Lavastuse salvestus<\/a><\/p>\n<p>&nbsp;<\/p>\n<\/div>\n\t\t<\/div><div id=\"panel-gb257-69d5202cbf181-0-0-1\" class=\"so-panel widget widget_media_gallery panel-last-child\" data-index=\"1\" ><div id='gallery-1' class='gallery galleryid-257 gallery-columns-4 gallery-size-thumbnail'><figure class='gallery-item'>\n\t\t\t<div class='gallery-icon portrait'>\n\t\t\t\t<a href='https:\/\/www.promfest.ee\/wp-content\/uploads\/2021\/01\/379643_586318974732853_2052718156_n_large.jpg'><img loading=\"lazy\" decoding=\"async\" width=\"150\" height=\"150\" src=\"https:\/\/www.promfest.ee\/wp-content\/uploads\/2021\/01\/379643_586318974732853_2052718156_n_large-150x150.jpg\" class=\"attachment-thumbnail size-thumbnail\" alt=\"\" \/><\/a>\n\t\t\t<\/div><\/figure><figure class='gallery-item'>\n\t\t\t<div class='gallery-icon landscape'>\n\t\t\t\t<a href='https:\/\/www.promfest.ee\/wp-content\/uploads\/2021\/01\/1810696t100h8abc_large.jpg'><img loading=\"lazy\" decoding=\"async\" width=\"150\" height=\"150\" src=\"https:\/\/www.promfest.ee\/wp-content\/uploads\/2021\/01\/1810696t100h8abc_large-150x150.jpg\" class=\"attachment-thumbnail size-thumbnail\" alt=\"\" \/><\/a>\n\t\t\t<\/div><\/figure><figure class='gallery-item'>\n\t\t\t<div class='gallery-icon portrait'>\n\t\t\t\t<a href='https:\/\/www.promfest.ee\/wp-content\/uploads\/2021\/01\/angeli.jpg'><img loading=\"lazy\" decoding=\"async\" width=\"150\" height=\"150\" src=\"https:\/\/www.promfest.ee\/wp-content\/uploads\/2021\/01\/angeli-150x150.jpg\" class=\"attachment-thumbnail size-thumbnail\" alt=\"\" \/><\/a>\n\t\t\t<\/div><\/figure><figure class='gallery-item'>\n\t\t\t<div class='gallery-icon landscape'>\n\t\t\t\t<a href='https:\/\/www.promfest.ee\/wp-content\/uploads\/2021\/01\/angell_large.jpg'><img loading=\"lazy\" decoding=\"async\" width=\"150\" height=\"150\" src=\"https:\/\/www.promfest.ee\/wp-content\/uploads\/2021\/01\/angell_large-150x150.jpg\" class=\"attachment-thumbnail size-thumbnail\" alt=\"\" \/><\/a>\n\t\t\t<\/div><\/figure><figure class='gallery-item'>\n\t\t\t<div class='gallery-icon landscape'>\n\t\t\t\t<a href='https:\/\/www.promfest.ee\/wp-content\/uploads\/2021\/01\/IMG_2305-151_large.jpg'><img loading=\"lazy\" decoding=\"async\" width=\"150\" height=\"150\" src=\"https:\/\/www.promfest.ee\/wp-content\/uploads\/2021\/01\/IMG_2305-151_large-150x150.jpg\" class=\"attachment-thumbnail size-thumbnail\" alt=\"\" \/><\/a>\n\t\t\t<\/div><\/figure><figure class='gallery-item'>\n\t\t\t<div class='gallery-icon landscape'>\n\t\t\t\t<a href='https:\/\/www.promfest.ee\/wp-content\/uploads\/2021\/01\/jomantemorsja_large.jpg'><img loading=\"lazy\" decoding=\"async\" width=\"150\" height=\"150\" src=\"https:\/\/www.promfest.ee\/wp-content\/uploads\/2021\/01\/jomantemorsja_large-150x150.jpg\" class=\"attachment-thumbnail size-thumbnail\" alt=\"\" \/><\/a>\n\t\t\t<\/div><\/figure><figure class='gallery-item'>\n\t\t\t<div class='gallery-icon landscape'>\n\t\t\t\t<a href='https:\/\/www.promfest.ee\/wp-content\/uploads\/2021\/01\/morsjaI_large.jpg'><img loading=\"lazy\" decoding=\"async\" width=\"150\" height=\"150\" src=\"https:\/\/www.promfest.ee\/wp-content\/uploads\/2021\/01\/morsjaI_large-150x150.jpg\" class=\"attachment-thumbnail size-thumbnail\" alt=\"\" \/><\/a>\n\t\t\t<\/div><\/figure><figure class='gallery-item'>\n\t\t\t<div class='gallery-icon portrait'>\n\t\t\t\t<a href='https:\/\/www.promfest.ee\/wp-content\/uploads\/2021\/01\/tsaarimorsja.jpg'><img loading=\"lazy\" decoding=\"async\" width=\"150\" height=\"150\" src=\"https:\/\/www.promfest.ee\/wp-content\/uploads\/2021\/01\/tsaarimorsja-150x150.jpg\" class=\"attachment-thumbnail size-thumbnail\" alt=\"\" \/><\/a>\n\t\t\t<\/div><\/figure>\n\t\t<\/div>\n<\/div><\/div><div id=\"pgc-gb257-69d5202cbf181-0-1\"  class=\"panel-grid-cell\" ><div id=\"panel-gb257-69d5202cbf181-0-1-0\" class=\"so-panel widget widget_text panel-first-child\" data-index=\"2\" >\t\t\t<div class=\"textwidget\"><div>\n<p>PromFesti koost\u00f6\u00f6projekt Kaunase riikliku muusikateatriga<\/p>\n<p>Muusikaline juht ja dirigent - <b><u>Erki Pehk<\/u><\/b><br \/>\nLavastaja -\u00a0<b>Teet Kask<\/b><br \/>\nKunstnik<b>\u00a0<\/b>&#8211;\u00a0<b><u>Madis Nurms<\/u><\/b><br \/>\nKoormeister -\u00a0<b>Rasa Vaitkevi\u010di\u016bt\u0117<\/b><br \/>\nValguskunstnik -\u00a0<b>Margus Vaigur<\/b><\/p>\n<div><b><br \/>\n<\/b>Lyubasha &#8211; <b>An\u017eelina \u0160vat\u0161ka<\/b>\u00a0(Ukraina)<br \/>\nMarfa &#8211;\u00a0<b>Elina Shimkus<\/b>\u00a0(L\u00e4ti)<br \/>\nVasili Sobakin &#8211;\u00a0<b>Vladimiras Prudnikovas<\/b>\u00a0(Leedu)<br \/>\nDomna Saburova &#8211;\u00a0<b>Nomeda Vilkanauskait\u0117<\/b>\u00a0(Leedu)<br \/>\nGrigory Gryaznoy &#8211; <b>Andrey Savchenka <\/b>(Belarus) or<b> Stanislav Trifonov<\/b>\u00a0(Valgevene)<br \/>\nBomelius &#8211;\u00a0<b>\u017danas Voronovas<\/b>\u00a0(Leedu)<br \/>\nIvan Lykov &#8211;\u00a0<b>K\u0119stutis Al\u010dauskis<\/b>\u00a0(Leedu)<\/p>\n<p>Kaunase riikliku muusikateatri orkester ja koor<\/p><\/div>\n<\/div>\n<\/div>\n\t\t<\/div><\/div><\/div><\/div><\/div><\/div>\n<\/div><\/div>\n<\/div><\/div>\n\n\n\n<p><\/p>\n<\/div><\/div>\n\n\n\n<p><\/p>","protected":false},"excerpt":{"rendered":"","protected":false},"author":1,"featured_media":569,"parent":247,"menu_order":5,"comment_status":"closed","ping_status":"closed","template":"","meta":{"footnotes":""},"class_list":["post-257","page","type-page","status-publish","has-post-thumbnail","hentry"],"_links":{"self":[{"href":"https:\/\/www.promfest.ee\/et\/wp-json\/wp\/v2\/pages\/257","targetHints":{"allow":["GET"]}}],"collection":[{"href":"https:\/\/www.promfest.ee\/et\/wp-json\/wp\/v2\/pages"}],"about":[{"href":"https:\/\/www.promfest.ee\/et\/wp-json\/wp\/v2\/types\/page"}],"author":[{"embeddable":true,"href":"https:\/\/www.promfest.ee\/et\/wp-json\/wp\/v2\/users\/1"}],"replies":[{"embeddable":true,"href":"https:\/\/www.promfest.ee\/et\/wp-json\/wp\/v2\/comments?post=257"}],"version-history":[{"count":6,"href":"https:\/\/www.promfest.ee\/et\/wp-json\/wp\/v2\/pages\/257\/revisions"}],"predecessor-version":[{"id":3695,"href":"https:\/\/www.promfest.ee\/et\/wp-json\/wp\/v2\/pages\/257\/revisions\/3695"}],"up":[{"embeddable":true,"href":"https:\/\/www.promfest.ee\/et\/wp-json\/wp\/v2\/pages\/247"}],"wp:featuredmedia":[{"embeddable":true,"href":"https:\/\/www.promfest.ee\/et\/wp-json\/wp\/v2\/media\/569"}],"wp:attachment":[{"href":"https:\/\/www.promfest.ee\/et\/wp-json\/wp\/v2\/media?parent=257"}],"curies":[{"name":"wp","href":"https:\/\/api.w.org\/{rel}","templated":true}]}}