{"id":245,"date":"2020-10-13T18:22:58","date_gmt":"2020-10-13T18:22:58","guid":{"rendered":"https:\/\/uus.promfest.ee\/klaudia-taev-competition\/"},"modified":"2025-09-18T19:05:10","modified_gmt":"2025-09-18T16:05:10","slug":"competition","status":"publish","type":"page","link":"https:\/\/www.promfest.ee\/et\/competition\/","title":{"rendered":"Klaudia Taevi nim. konkurss"},"content":{"rendered":"<div id=\"section-g303002\" class=\"wp-block-gutentor-e6 section-g303002 gutentor-element gutentor-element-image gutentor-enabled-width\"><div class=\"gutentor-element-image-box\"><div class=\"gutentor-image-thumb\"><img decoding=\"async\" class=\"normal-image\" src=\"https:\/\/www.promfest.ee\/wp-content\/uploads\/2024\/03\/Klaudia-Logo-kodulehele-1024x464.png\" srcset=\"https:\/\/www.promfest.ee\/wp-content\/uploads\/2024\/08\/Taev25_FBCov-820x360px.jpg 2x\"\/><\/div><\/div><\/div>\n\n\n\n<p><\/p>\n\n\n\n<p><br><br>XIV Klaudia Taevi nimeline noorte lauljate konkurss toimub <strong>14 &#8211; 19 September 2025<\/strong>&nbsp;P\u00e4rnus.<\/p>\n\n\n\n<p>Konkursil on unikaalne peapreemia - v\u00f5imalus \n\"v\u00f5ita oma unistus\" ja esitada oma lemmik ooperiroll lavastuses, mis produtseeritakse spetsiaalselt v\u00f5itja(te) jaoks 2027. aastal.<\/p>\n\n\n\n<p>Klaudia Taevi nimelise noorte ooperilauljate konkursi asutas muusik ja kirjanik Toomas Kuter 1996. aastal eesm\u00e4rgiga j\u00e4\u00e4dvustada oma \u00f5petaja, P\u00e4rnu legendaarse laulu\u00f5petaja Klaudia Taevi m\u00e4lestust. T\u00e4naseks on konkurss kasvanud suureks rahvusvaheliseks kultuuris\u00fcndmuseks, mis toob P\u00e4rnusse arvukalt noori ooperilauljaid- ja asjatundjaid \u00fcle terve maailma.<\/p>\n\n\n\n<p><strong><a rel=\"noreferrer noopener\" href=\"https:\/\/www.promfest.ee\/et\/competition\/klaudia-taev\/\" data-type=\"URL\" data-id=\"https:\/\/promfest.ee\/competition\/klaudia-taev\/\" target=\"_blank\">Klaudia Taev<\/a><\/strong> oli v\u00e4ikese Eesti kuurortlinna legendaarne laulu\u00f5petaja. Ta oli veendunud, et iga\u00fcks on v\u00f5imeline laulma ning peaks omama v\u00f5imalust laulmist \u00f5ppida, sellep\u00e4rast \u00f5petas ta tihti tasuta ning tema \u00f5pilaste arv ulatub sadadeni. Nimetades rahvusvaheline konkurss tema j\u00e4rgi on kahtlemata suur au sellele p\u00fchendunud naisele, kuid samas ka omamoodi s\u00fcmboolne kummardus k\u00f5ikidele niinimetatud esimestele laulu\u00f5petajatele-suunan\u00e4itajatele, kes on olemas igal lauljal.<\/p>\n\n\n\n<p>Sel aastal toimub Klaudia Taevi nimeline konkurss juba neljateistk\u00fcmnendat korda, tuues P\u00e4rnusse harjumusp\u00e4raselt kohale palju noori lauljaid \u00fcle kogu maailma. \u017d\u00fcriis on tunnustatud ooperimaailma eksperdid: lauljad, pedagoogid, dirigendid, ooperiteatrite ja agentuuride esindajad. Konkursi \u017e\u00fcriisse on aastate jooksul kuulunud maailmakuulsad lauljad nagu Vesselina Kasarova, Barbara Hendricks, Edda Moser, Dolora Zajick, Jevgeni Nesterenko, Karan Armstrong-Friedrich, Teresa Zylis-Gara, Ileana Cotrubas, Sergei Leiferkus, Luana DeVol, Virgilijus Noreika, Cynthia Makris, Aleksandr Vedernikov ja Irina Arhipova.<\/p>\n\n\n\n<p>Mainekas ja ooperimaailmas tegutsev \u017e\u00fcrii loob v\u00f5imaluse noortele lauljatele s\u00f5lmida lepinguid Euroopa teatrites ja ooperistuudiotes. <\/p>\n\n\n\n<p>Konkursi raames toimuvad ka erinevad meistriklassid tunnustatud ooperilauljate eestvedamisel, kus noored lauljad saavad t\u00e4iendada oma oskusi, kuid ka erinevad loengud, mille k\u00e4igus omandavad uusi teadmisi, kuidas t\u00e4nap\u00e4eval eduka lauljana karj\u00e4\u00e4ri teha.<br> <br>Klaudia Taevi nim. konkursi kunstiline juht on <a rel=\"noreferrer noopener\" href=\"http:\/\/erkipehk.eu\" data-type=\"URL\" data-id=\"erkipehk.eu\" target=\"_blank\">Erki Pehk<\/a>.<\/p>","protected":false},"excerpt":{"rendered":"<p>Klaudia Taevi nimelise noorte ooperilauljate konkursi asutas muusik ja kirjanik Toomas Kuter 1996. aastal eesm\u00e4rgiga j\u00e4\u00e4dvustada oma \u00f5petaja, P\u00e4rnu legendaarse laulu\u00f5petaja Klaudia Taevi m\u00e4lestust. T\u00e4naseks on konkurss kasvanud suureks rahvusvaheliseks kultuuris\u00fcndmuseks, mis toob P\u00e4rnusse arvukalt noori ooperilauljaid- ja asjatundjaid \u00fcle terve maailma.<\/p>","protected":false},"author":1,"featured_media":5647,"parent":0,"menu_order":75,"comment_status":"closed","ping_status":"closed","template":"","meta":{"footnotes":""},"class_list":["post-245","page","type-page","status-publish","has-post-thumbnail","hentry"],"_links":{"self":[{"href":"https:\/\/www.promfest.ee\/et\/wp-json\/wp\/v2\/pages\/245","targetHints":{"allow":["GET"]}}],"collection":[{"href":"https:\/\/www.promfest.ee\/et\/wp-json\/wp\/v2\/pages"}],"about":[{"href":"https:\/\/www.promfest.ee\/et\/wp-json\/wp\/v2\/types\/page"}],"author":[{"embeddable":true,"href":"https:\/\/www.promfest.ee\/et\/wp-json\/wp\/v2\/users\/1"}],"replies":[{"embeddable":true,"href":"https:\/\/www.promfest.ee\/et\/wp-json\/wp\/v2\/comments?post=245"}],"version-history":[{"count":75,"href":"https:\/\/www.promfest.ee\/et\/wp-json\/wp\/v2\/pages\/245\/revisions"}],"predecessor-version":[{"id":7135,"href":"https:\/\/www.promfest.ee\/et\/wp-json\/wp\/v2\/pages\/245\/revisions\/7135"}],"wp:featuredmedia":[{"embeddable":true,"href":"https:\/\/www.promfest.ee\/et\/wp-json\/wp\/v2\/media\/5647"}],"wp:attachment":[{"href":"https:\/\/www.promfest.ee\/et\/wp-json\/wp\/v2\/media?parent=245"}],"curies":[{"name":"wp","href":"https:\/\/api.w.org\/{rel}","templated":true}]}}