{"id":19,"date":"2020-10-13T11:50:10","date_gmt":"2020-10-13T11:50:10","guid":{"rendered":"https:\/\/uus.promfest.ee\/2015-2\/"},"modified":"2025-06-25T02:33:43","modified_gmt":"2025-06-24T23:33:43","slug":"2015-2","status":"publish","type":"page","link":"https:\/\/www.promfest.ee\/et\/competition\/jury\/2015-2\/","title":{"rendered":"2015"},"content":{"rendered":"<h4 class=\"wp-block-heading\"><strong>The jury of the 9th Klaudia Taev International Competition (2015)<\/strong> <br><br><\/h4>\n\n\n\n<p><strong>Karan Armstrong<\/strong> (USA\/Germany) &#8211; Chairman of the Jury; Kammers\u00e4ngerin <br><strong>Erkki Alste<\/strong> (Finland\/Germany) &#8211; Opera-Connection Alste&amp;M\u00f6dersheim, Manager <br><strong>Philip Br\u00f6king<\/strong> (Germany) &#8211; Komische Oper Berlin, General Manager <br><strong>Thomas Hermann<\/strong> (Saksamaa) - N\u00fcrnbergi Riigiteater, produtsent <br><strong>Sergei Leiferkus<\/strong> (Russia) &#8211; baritone; Royal Opera Covent Garden, soloist <br><strong>Guy Montavon<\/strong> (Germany\/Switzerland) &#8211; Erfurt Opera, General manager, stage director <br><strong>Paul M\u00e4gi<\/strong> (Estonia) &#8211; Music Theatre Vanemuine, Music Director <br><strong>Hans Nieuwenhuis<\/strong> (Holland) - Orfeo Foundation; lavastaja <br><strong>Erki Pehk<\/strong> (Eesti): Klaudia Taevi konkurssi kunstiline juht; PromFesti direktor ja kunstiline juht; dirigent <br><strong>Peter Sch\u00fcnemann<\/strong> (Soome) - Mikkeli Gergiev Festival, kunstiline n\u00f5uandja <br><strong>Clas Sk\u00f6ld<\/strong> (Sweden) &#8211; Malm\u00f6 Opera, Casting Director, bass<\/p>","protected":false},"excerpt":{"rendered":"<p>The jury of the 9th Klaudia Taev International Competition (2015) Karan Armstrong (USA\/Germany) &#8211; Chairman of the Jury; Kammers\u00e4ngerin Erkki Alste (Finland\/Germany) &#8211; Opera-Connection Alste&amp;M\u00f6dersheim, Manager Philip Br\u00f6king (Germany) &#8211; Komische Oper Berlin, General Manager Thomas Hermann (Germany) &#8211; Staatstheater N\u00fcrnberg, Casting Manager Sergei Leiferkus (Russia) &#8211; baritone; Royal Opera Covent Garden, soloist Guy Montavon [&hellip;]<\/p>","protected":false},"author":1,"featured_media":0,"parent":9,"menu_order":39,"comment_status":"closed","ping_status":"closed","template":"","meta":{"footnotes":""},"class_list":["post-19","page","type-page","status-publish","hentry"],"_links":{"self":[{"href":"https:\/\/www.promfest.ee\/et\/wp-json\/wp\/v2\/pages\/19","targetHints":{"allow":["GET"]}}],"collection":[{"href":"https:\/\/www.promfest.ee\/et\/wp-json\/wp\/v2\/pages"}],"about":[{"href":"https:\/\/www.promfest.ee\/et\/wp-json\/wp\/v2\/types\/page"}],"author":[{"embeddable":true,"href":"https:\/\/www.promfest.ee\/et\/wp-json\/wp\/v2\/users\/1"}],"replies":[{"embeddable":true,"href":"https:\/\/www.promfest.ee\/et\/wp-json\/wp\/v2\/comments?post=19"}],"version-history":[{"count":6,"href":"https:\/\/www.promfest.ee\/et\/wp-json\/wp\/v2\/pages\/19\/revisions"}],"predecessor-version":[{"id":810,"href":"https:\/\/www.promfest.ee\/et\/wp-json\/wp\/v2\/pages\/19\/revisions\/810"}],"up":[{"embeddable":true,"href":"https:\/\/www.promfest.ee\/et\/wp-json\/wp\/v2\/pages\/9"}],"wp:attachment":[{"href":"https:\/\/www.promfest.ee\/et\/wp-json\/wp\/v2\/media?parent=19"}],"curies":[{"name":"wp","href":"https:\/\/api.w.org\/{rel}","templated":true}]}}