{"id":1863,"date":"2021-03-23T01:10:39","date_gmt":"2021-03-23T01:10:39","guid":{"rendered":"https:\/\/www.promfest.ee\/?page_id=1863"},"modified":"2025-06-25T02:33:42","modified_gmt":"2025-06-24T23:33:42","slug":"registration","status":"publish","type":"page","link":"https:\/\/www.promfest.ee\/et\/registration\/","title":{"rendered":"Registration"},"content":{"rendered":"<p><\/p>\n\n\n\n<h4 class=\"wp-block-heading\"><strong>Enne registreerimisega j\u00e4tkamist, PALUN lugege l\u00e4bi j\u00e4rgmine teave<\/strong>:<\/h4>\n\n\n\n<p>Esimesse vooru p\u00e4\u00e4semiseks peavad lauljad esitama digitaalsel kujul j\u00e4rgmised materjalid:<\/p>\n\n\n\n<ul class=\"wp-block-list\">\n<li><strong>A) ETTELAULMINE<\/strong><br>Registreeruda tuleb hiljemalt vastavalt valitud variandile (A v\u00f5ib B) etten\u00e4htud t\u00e4htajaks.<br><strong>T\u00e4htaeg on \u00fcldjuhul 10-5 p\u00e4eva enne vooru toimumist <\/strong>(j\u00e4lgi <strong><a rel=\"noopener\" href=\"https:\/\/www.promfest.ee\/et\/esileht\/schedule\/calendar\/\" target=\"_blank\"><u>ajakava<\/u><\/a>).<\/strong><\/li>\n<\/ul>\n\n\n\n<p>Esitada tuleb:<\/p>\n\n\n\n<ol class=\"wp-block-list\">\n<li>passi v\u00f5i isikutunnistuse koopia;<\/li>\n\n\n\n<li>kvaliteetne k\u00f5rge eraldusv\u00f5imega portreefoto konkursi ametliku bukleti tarbeks;<\/li>\n\n\n\n<li>registreerimistasu t\u00f5endav kviitung (NB! Eesti kodanikele registreerimistasu ei ole)<\/li>\n<\/ol>\n\n\n\n<p><\/p>\n\n\n\n<ul class=\"wp-block-list\">\n<li><strong>B) VIDEOSALVESTUS <\/strong>(YouTube v\u00f5i allalaetav link) -<br>T\u00e4htaeg on <strong>1. juuni 2025<\/strong><\/li>\n<\/ul>\n\n\n\n<p>Esitada tuleb:<\/p>\n\n\n\n<ol class=\"wp-block-list\">\n<li>passi v\u00f5i isikutunnistuse koopia;<\/li>\n\n\n\n<li>kvaliteetne k\u00f5rge eraldusv\u00f5imega portreefoto konkursi ametliku bukleti tarbeks;<\/li>\n\n\n\n<li>registreerimistasu t\u00f5endav kviitung (NB! Eesti kodanikele registreerimistasu ei ole)<\/li>\n\n\n\n<li>YouTube'i v\u00f5i teised lingid laulja videofailide allalaadimiseks. <strong>NB!<\/strong>&nbsp;M\u00e4rkida tuleb teoste pealkirjad ja salvestuse kuup\u00e4ev!<\/li>\n<\/ol>\n\n\n\n<p><strong>Palun tasuge osalemise eest enne registreerimisprotsessiga alustamist!<\/strong><\/p>\n\n\n\n<h3 class=\"wp-block-heading\"><strong>Registreerimistasu saab tasuda:<\/strong><\/h3>\n\n\n\n<p>1.<strong> panga\u00fclekande kaudu<\/strong>:<\/p>\n\n\n\n<p>PromFest MT\u00dc<br>Arvelduskonto nr: EE221010220075007015<br>SEB pank<br>SWIFT-kood: EEUHEE2X<br>Address: Tornim\u00e4e 2, Tallinn 15010, Eesti<\/p>\n\n\n\n<p>2. <strong>krediitkaardiga PayPal kaudu: <\/strong><br><em>(valige summa vastavalt registreerimisvalikule ja kl\u00f5psake PayPali ikoonil)<\/em><\/p>\n\n\n\n<table style=\"border-collapse: collapse;\"><tbody><tr><td style=\"border: 0;\" align=\"left\"><form action=\"https:\/\/registration2023.promfest.ee\/paypal.php\" method=\"post\" target=\"_blank\" data-trp-original-action=\"https:\/\/registration2023.promfest.ee\/paypal.php\"> <select name=\"opt\">\n<option value=\"1\" id=\"p1\">Option A &#8211; 60EUR<\/option>\n<option value=\"4\" id=\"p4\">Option A (50%) &#8211; 30EUR<\/option>\n<option value=\"2\" id=\"p2\">Option B &#8211; 120EUR<\/option>\n<option value=\"5\" id=\"p5\">Option B (50%) &#8211; 60EUR<\/option>\n<option value=\"3\" id=\"p3\"> Extra payment &#8211; 60EUR<\/option>\n<!-- <option value=\"6\" id=\"p6\">Option US - 50USD<\/option> -->\n <\/select>\n<input type=\"hidden\" name=\"trp-form-language\" value=\"et\"\/><\/td><\/tr><tr><td style=\"border: 0;\" align=\"left\"> <input type=\"submit\" style=\"background:url('https:\/\/registration2021.promfest.ee\/paypal.jpg');border: 0.5px solid #778899; background-repeat:no-repeat;background-size:100% 100%;height:100px;width:200px\" name=\"submit\" value=\"1\"><\/form> <\/td><\/tr><\/tbody><\/table>\n\n\n\n<p><\/p>\n\n\n\n<p><strong><br>NB!&nbsp;<\/strong>Laulja loetakse registreerunuks alles p\u00e4rast seda, kui konkursile (PromFest) on laekunud k\u00f5ik n\u00f5utud failid ja registreerimistasu! Registreerimistasu v\u00f5ib tasuda ka teine isik. Registreerimistasu \u00fcldjuhul ei tagastata. See on v\u00f5imalik vaid juhul, kui konkurss ei toimu. Kui tasu kohta tekib k\u00fcsimusi, tuleb need korraldajatega selgeks r\u00e4\u00e4kida enne tasumist. Hilisemaid pretensioone ei rahuldata.<\/p>\n\n\n\n<p><\/p>\n\n\n\n<p class=\"has-text-align-center\"><strong><br>ENNE REGISTREERIMISE J\u00c4TKAMIST VEENDUGE, ET K\u00d5IK VAJALIK ON FAILIDENA OLEMAS!<\/strong><\/p>\n\n\n\n<p class=\"has-text-align-center\">Esmalt t\u00e4idate registreerimisvormi ja seej\u00e4rel laadite failid \u00fcles.<br>Kui registreerimisel ilmneb probleeme, v\u00f5tke meiega \u00fchendust e-posti teel: &nbsp;<strong>competition@promfest.ee<\/strong><\/p>\n\n\n\n<p><\/p>\n\n\n\n<p><\/p>\n\n\n<div\n\t\t\t\n\t\t\tclass=\"so-widget-sow-button so-widget-sow-button-atom-43d56241904d\"\n\t\t\t\n\t\t><div class=\"ow-button-base ow-button-align-center\">\n\t<a href=\"https:\/\/registration.promfest.ee\" class=\"ow-icon-placement-bottom ow-button-hover\" target=\"_blank\" rel=\"noopener noreferrer\" \t\t>\n\t\t<span>\n\t\t\t\n\t\t\tJ\u00c4TKA REGISTREERIMIST\t\t<\/span>\n\t<\/a>\n<\/div>\n<\/div>\t\t\t\t<style type=\"text\/css\">@media (max-width: 780px) {\n  .so-widget-sow-button-atom-43d56241904d .ow-button-base.ow-button-align-center {\n    text-align: center;\n  }\n  .so-widget-sow-button-atom-43d56241904d .ow-button-base.ow-button-align-center.ow-button-align-justify a {\n    display: inline-block;\n  }\n}\n.so-widget-sow-button-atom-43d56241904d .ow-button-base a {\n  -ms-box-sizing: border-box;\n  -moz-box-sizing: border-box;\n  -webkit-box-sizing: border-box;\n  box-sizing: border-box;\n  \n  font-size: 1em;\n  padding: 1em 2em;\n  background: #dd3333;\n  background: -webkit-gradient(linear, left bottom, left top, color-stop(0, #bd2020), color-stop(1, #dd3333));\n  background: -ms-linear-gradient(bottom, #bd2020, #dd3333);\n  background: -moz-linear-gradient(center bottom, #bd2020 0%, #dd3333 100%);\n  background: -o-linear-gradient(#dd3333, #bd2020);\n  filter: progid:DXImageTransform.Microsoft.gradient(startColorstr='#dd3333', endColorstr='#bd2020', GradientType=0);\n  border: 1px solid;\n  border-color: #b01d1d #a81c1c #9a1a1a #a81c1c;\n  color: #ffffff !important;\n  -webkit-border-radius: 0.25em;\n  -moz-border-radius: 0.25em;\n  border-radius: 0.25em;\n  -webkit-box-shadow: inset 0 1px 0 rgba(255,255,255,0.2), 0 1px 2px rgba(0,0,0,0.065);\n  -moz-box-shadow: inset 0 1px 0 rgba(255,255,255,0.2), 0 1px 2px rgba(0,0,0,0.065);\n  box-shadow: inset 0 1px 0 rgba(255,255,255,0.2), 0 1px 2px rgba(0,0,0,0.065);\n  text-shadow: 0 1px 0 rgba(0, 0, 0, 0.05);\n}\n.so-widget-sow-button-atom-43d56241904d .ow-button-base a:active,\n.so-widget-sow-button-atom-43d56241904d .ow-button-base a:hover {\n  color: #ffffff !important;\n}\n.so-widget-sow-button-atom-43d56241904d .ow-button-base a.ow-button-hover:hover {\n  background: #de3c3c;\n  background: -webkit-gradient(linear, left bottom, left top, color-stop(0, #c62121), color-stop(1, #de3c3c));\n  background: -ms-linear-gradient(bottom, #c62121, #de3c3c);\n  background: -moz-linear-gradient(center bottom, #c62121 0%, #de3c3c 100%);\n  background: -o-linear-gradient(#de3c3c, #c62121);\n  filter: progid:DXImageTransform.Microsoft.gradient(startColorstr='#de3c3c', endColorstr='#c62121', GradientType=0);\n  border-color: #e04444 #de3c3c #dc2f2f #de3c3c;\n}<\/style>\n\t\t\t\t\n\n\n<br><br>\n\n\n<div\n\t\t\t\n\t\t\tclass=\"so-widget-sow-button so-widget-sow-button-atom-b4f6b6b19f96\"\n\t\t\t\n\t\t><div class=\"ow-button-base ow-button-align-center\">\n\t<a href=\"https:\/\/www.promfest.ee\/et\/competition\/for-participants\/\" class=\"ow-icon-placement-left ow-button-hover\" target=\"_blank\" rel=\"noopener noreferrer\" \t\t>\n\t\t<span>\n\t\t\t\n\t\t\tTagasi tingimuste juurde\t\t<\/span>\n\t<\/a>\n<\/div>\n<\/div>\t\t\t\t<style type=\"text\/css\">@media (max-width: 780px) {\n  .so-widget-sow-button-atom-b4f6b6b19f96 .ow-button-base.ow-button-align-center {\n    text-align: center;\n  }\n  .so-widget-sow-button-atom-b4f6b6b19f96 .ow-button-base.ow-button-align-center.ow-button-align-justify a {\n    display: inline-block;\n  }\n}\n.so-widget-sow-button-atom-b4f6b6b19f96 .ow-button-base a {\n  -ms-box-sizing: border-box;\n  -moz-box-sizing: border-box;\n  -webkit-box-sizing: border-box;\n  box-sizing: border-box;\n  \n  font-size: 1em;\n  padding: 1em 2em;\n  background: #41a9d5;\n  background: -webkit-gradient(linear, left bottom, left top, color-stop(0, #298fba), color-stop(1, #41a9d5));\n  background: -ms-linear-gradient(bottom, #298fba, #41a9d5);\n  background: -moz-linear-gradient(center bottom, #298fba 0%, #41a9d5 100%);\n  background: -o-linear-gradient(#41a9d5, #298fba);\n  filter: progid:DXImageTransform.Microsoft.gradient(startColorstr='#41a9d5', endColorstr='#298fba', GradientType=0);\n  border: 1px solid;\n  border-color: #2685ad #247fa5 #227598 #247fa5;\n  color: #ffffff !important;\n  -webkit-border-radius: 0.25em;\n  -moz-border-radius: 0.25em;\n  border-radius: 0.25em;\n  -webkit-box-shadow: inset 0 1px 0 rgba(255,255,255,0.2), 0 1px 2px rgba(0,0,0,0.065);\n  -moz-box-shadow: inset 0 1px 0 rgba(255,255,255,0.2), 0 1px 2px rgba(0,0,0,0.065);\n  box-shadow: inset 0 1px 0 rgba(255,255,255,0.2), 0 1px 2px rgba(0,0,0,0.065);\n  text-shadow: 0 1px 0 rgba(0, 0, 0, 0.05);\n}\n.so-widget-sow-button-atom-b4f6b6b19f96 .ow-button-base a:active,\n.so-widget-sow-button-atom-b4f6b6b19f96 .ow-button-base a:hover {\n  color: #ffffff !important;\n}\n.so-widget-sow-button-atom-b4f6b6b19f96 .ow-button-base a.ow-button-hover:hover {\n  background: #49add7;\n  background: -webkit-gradient(linear, left bottom, left top, color-stop(0, #2b95c2), color-stop(1, #49add7));\n  background: -ms-linear-gradient(bottom, #2b95c2, #49add7);\n  background: -moz-linear-gradient(center bottom, #2b95c2 0%, #49add7 100%);\n  background: -o-linear-gradient(#49add7, #2b95c2);\n  filter: progid:DXImageTransform.Microsoft.gradient(startColorstr='#49add7', endColorstr='#2b95c2', GradientType=0);\n  border-color: #52b1d9 #49add7 #3da7d4 #49add7;\n}<\/style>","protected":false},"excerpt":{"rendered":"<p>Before proceeding with the registration, PLEASE read the following information: To qualify for the first round, singers must submit&nbsp;the following materials in digital form: The following must be submitted: The following must be submitted:: Be sure to make payment before starting the registration process! The registration fee can be paid: 1. to the bank account: [&hellip;]<\/p>","protected":false},"author":2,"featured_media":0,"parent":0,"menu_order":57,"comment_status":"closed","ping_status":"closed","template":"","meta":{"footnotes":""},"class_list":["post-1863","page","type-page","status-publish","hentry"],"_links":{"self":[{"href":"https:\/\/www.promfest.ee\/et\/wp-json\/wp\/v2\/pages\/1863","targetHints":{"allow":["GET"]}}],"collection":[{"href":"https:\/\/www.promfest.ee\/et\/wp-json\/wp\/v2\/pages"}],"about":[{"href":"https:\/\/www.promfest.ee\/et\/wp-json\/wp\/v2\/types\/page"}],"author":[{"embeddable":true,"href":"https:\/\/www.promfest.ee\/et\/wp-json\/wp\/v2\/users\/2"}],"replies":[{"embeddable":true,"href":"https:\/\/www.promfest.ee\/et\/wp-json\/wp\/v2\/comments?post=1863"}],"version-history":[{"count":102,"href":"https:\/\/www.promfest.ee\/et\/wp-json\/wp\/v2\/pages\/1863\/revisions"}],"predecessor-version":[{"id":6108,"href":"https:\/\/www.promfest.ee\/et\/wp-json\/wp\/v2\/pages\/1863\/revisions\/6108"}],"wp:attachment":[{"href":"https:\/\/www.promfest.ee\/et\/wp-json\/wp\/v2\/media?parent=1863"}],"curies":[{"name":"wp","href":"https:\/\/api.w.org\/{rel}","templated":true}]}}