{"id":16,"date":"2020-10-13T11:50:10","date_gmt":"2020-10-13T11:50:10","guid":{"rendered":"https:\/\/uus.promfest.ee\/2021-2\/"},"modified":"2025-06-25T02:33:43","modified_gmt":"2025-06-24T23:33:43","slug":"2021-2","status":"publish","type":"page","link":"https:\/\/www.promfest.ee\/et\/competition\/jury\/2021-2\/","title":{"rendered":"2021"},"content":{"rendered":"<h4 class=\"wp-block-heading\"><strong>The main jury of the 12th Klaudia Taev Competition (2021):<\/strong><br><br><\/h4>\n\n\n\n<p class=\"has-black-color has-text-color\"><strong>Cynthia Makris<\/strong> (USA) - \u017d\u00fcrii esinaine; sopran ja h\u00e4\u00e4lekoolitaja<br><strong>Thomas Hermann<\/strong> (Saksamaa) - Manheimi Rahvusteater, ooperiosakonna juht<br><strong>Plamen Kartaloff<\/strong> (Bulgaaria) - Sofia Rahvusooper, direktor; professor ja lavastaja<br><strong>Mariusz Kwiecie\u0144<\/strong> (Poola) - Wroc\u0142aw Opera, kunstiline juht; bariton<br><strong>Helen Lepalaan<\/strong> (Eesti) - Rahvusooper Estonia, v\u00e4lissuhete juht; metsosopran<br><strong>Erki Pehk <\/strong>(Estonia): &nbsp;Artistic Director of the Klaudia Taev Competition; Director and art director of the festival PromFest; conductor<br><strong>Anna Samuil<\/strong> (Venemaa) - Berliini Riigiooper, solist; Klaudia Taevi konkursi v\u00f5itja aastal 2001; sopran<br><strong>Christoph Seuferle<\/strong> (Saksamaa) - Berliini Saksa Ooper, ooperijuht<br><strong>Alain Surrans<\/strong> (Prantsusmaa) - Angers Nantes Opera, direktor<br><strong>Stefan Vogel<\/strong> (Saksamaa) - Luzerni teater, tegevjuht<br><strong>Tamas Bator&nbsp;<\/strong>(Ungari) - M\u00fcpa Budapest, programmijuht<\/p>\n\n\n\n<h4 class=\"wp-block-heading\"><strong>First-round jury:<\/strong><\/h4>\n\n\n\n<p><strong>Rita Ahonen<\/strong> (Finland \/ Switzerland) &#8211; Stretta Artist Management, agent<br><strong>Bassem Akiki <\/strong>(Poland) &#8211; Wroclaw Opera, Musical Director<br><strong>Andras Almasi-Toth<\/strong> (Hungary) &#8211; Hungarian State Opera, Artistic Director<br><strong>Ashot Babrouski<\/strong> (Belarus \/ Poland) &#8211; Wroclaw Opera, pianist<br><strong>Michael Barobeck<\/strong> (Austria) &#8211; Graz Opera, Casting Manager<br><strong>Vyacheslav Chernukho-Volich<\/strong> (Ukraine) &#8211; Odesa Opera, Musical Director<br><strong>Luana DeVol<\/strong> (USA) &#8211; Opera Las Vegas, Vice President, soprano<br><strong>Gabriele Don\u00e0<\/strong> (Italy) &#8211; Staatstheater Mainz, Casting manager<br><strong>Tetyana Dranchuk<\/strong> (Austria) &#8211; Graz Opera, Korrepetitor<br><strong>Florin Estefan<\/strong> (Romania) &#8211; Cluj-Napoca Romanian National Opera, General Manager, baritone<br><strong>Lars Gebhardt<\/strong> (Germany) &#8211; Lucerne Opera, Operndirektor<br><strong>Martina Gojceta Silic<\/strong> (Croatia) &#8211; Zagreb Academy of Music, Head of the vocal department<br><strong>Riikka Hakola<\/strong> (Finland) &#8211; operasinger<br><strong>Zoja Hertz<\/strong> (Estonia) &#8211; vocal coach<br><strong>Jonas Janulevicius<\/strong> (Lithuania) &#8211; Kaunas State Music Theatre, Chief Conductor<br><strong>Walter Kobera<\/strong> (Austria) &#8211; Neue Oper Wien, Artistic Director<br><strong>Jaakko Kortekangas<\/strong> (Finaland) &#8211; Finnish NAtional Opera, Casting manager<br><strong>Brigitta Kov\u00e1cs<\/strong> (Hungary) &#8211; M\u00fcpa Budapest, Manager of Co-productions<br><strong>Nadya Kurem<\/strong> (Estonia) &#8211; Estonian Academy of Music and Theatre, Head of the Vocal department<br><strong>Toomas Kuter<\/strong> (Estonia) &#8211; President of the Klaudia Taev Competition<br><strong>Perrine Madoeuf<\/strong> (France\/Latvia) &#8211; Soprano<br><strong>Henri Maier<\/strong> (France) &#8211; Opera Events, Artistic Leader, agent<br><strong>Erika Millere<\/strong> (Latvia) &#8211; Latvian National Opera, pianist<br><strong>Benedikt Nawrath<\/strong> (Germany) &#8211; Nationaltheater Mannheim, Artistic operation office<br><strong>Hans Nieuwenhuis<\/strong> (Holland) - Orfeo Foundation; lavastaja<br><strong>Halina Oldakowska <\/strong>(Poland) &#8211; Wroclaw Opera, General Manager<br><strong>Vera Petrova<\/strong> (Bulgaria) &#8211; Sofia National Opera and Ballet, Deputy Director; stage director<br><strong>Evelina Pilipavi\u010di\u016bt\u0117-Juraskiene<\/strong> (Lithuania) &#8211; Kaunas Academy of Music, pianist<br><strong>Fr\u00e9d\u00e9ric Roels<\/strong> (France) &#8211; Avignon Opera, Casting manager<br><strong>Peter Sch\u00fcnemann<\/strong> (Soome) - Mikkeli Gergiev Festival, kunstiline n\u00f5uandja<br><strong>Raimo Sirki\u00e4<\/strong> (Finland) &#8211; Operasinger<br><strong>Dimitar Stanchev <\/strong>(Bulgaria) &#8211; Sofia National Opera and Ballet, bass<br><strong>Jassi Zahharov<\/strong> (Estonia) &#8211; Estonian National Opera, baritone<br><strong>Algimantas Treikauskas<\/strong> (Lithuania) &#8211; Kaunas City Symphony Orchestra, General Manager<br><strong>Ivan T\u00f6rzs<\/strong> (Germany) &#8211; Hochschule f\u00fcr Musik, Detmold, Professor; conductor, pianist<br><strong>Benjaminas \u017delvys<\/strong> (Lithuania) &#8211; Kaunas State Musical Theatre, General Manager; baritone<\/p>","protected":false},"excerpt":{"rendered":"<p>The main jury of the 12th Klaudia Taev Competition (2021): Cynthia Makris (USA): Chairwoman of the Jury; soprano and voice coachThomas Hermann (Germany): Nationaltheater Mannheim, Director of the Opera DepartmentPlamen Kartaloff (Bulgaria): Sofia National Opera and Ballet, General Manager; Academic, stage directorMariusz Kwiecie\u0144 (Poland): Artistic Director of Wroc\u0142aw Opera; baritonHelen Lepalaan (Estonia): Estonian National Opera, [&hellip;]<\/p>","protected":false},"author":1,"featured_media":0,"parent":9,"menu_order":35,"comment_status":"closed","ping_status":"closed","template":"","meta":{"footnotes":""},"class_list":["post-16","page","type-page","status-publish","hentry"],"_links":{"self":[{"href":"https:\/\/www.promfest.ee\/et\/wp-json\/wp\/v2\/pages\/16","targetHints":{"allow":["GET"]}}],"collection":[{"href":"https:\/\/www.promfest.ee\/et\/wp-json\/wp\/v2\/pages"}],"about":[{"href":"https:\/\/www.promfest.ee\/et\/wp-json\/wp\/v2\/types\/page"}],"author":[{"embeddable":true,"href":"https:\/\/www.promfest.ee\/et\/wp-json\/wp\/v2\/users\/1"}],"replies":[{"embeddable":true,"href":"https:\/\/www.promfest.ee\/et\/wp-json\/wp\/v2\/comments?post=16"}],"version-history":[{"count":12,"href":"https:\/\/www.promfest.ee\/et\/wp-json\/wp\/v2\/pages\/16\/revisions"}],"predecessor-version":[{"id":6373,"href":"https:\/\/www.promfest.ee\/et\/wp-json\/wp\/v2\/pages\/16\/revisions\/6373"}],"up":[{"embeddable":true,"href":"https:\/\/www.promfest.ee\/et\/wp-json\/wp\/v2\/pages\/9"}],"wp:attachment":[{"href":"https:\/\/www.promfest.ee\/et\/wp-json\/wp\/v2\/media?parent=16"}],"curies":[{"name":"wp","href":"https:\/\/api.w.org\/{rel}","templated":true}]}}