{"id":1043,"date":"2021-02-02T21:32:16","date_gmt":"2021-02-02T21:32:16","guid":{"rendered":"https:\/\/uus.promfest.ee\/?page_id=1043"},"modified":"2025-08-12T22:22:01","modified_gmt":"2025-08-12T19:22:01","slug":"works-by-estonian-composers","status":"publish","type":"page","link":"https:\/\/www.promfest.ee\/et\/works-by-estonian-composers\/","title":{"rendered":"Eesti heliloojate loomingut"},"content":{"rendered":"<div class=\"wp-block-columns is-layout-flex wp-container-core-columns-is-layout-9d6595d7 wp-block-columns-is-layout-flex\">\n<div class=\"wp-block-column is-layout-flow wp-block-column-is-layout-flow\" style=\"flex-basis:100%\">\n<div class=\"wp-block-group\"><div class=\"wp-block-group__inner-container is-layout-flow wp-block-group-is-layout-flow\"><div id=\"pl-gb1043-69fb0911e0513\"  class=\"panel-layout\" ><div id=\"pg-gb1043-69fb0911e0513-0\"  class=\"panel-grid panel-no-style\" ><div id=\"pgc-gb1043-69fb0911e0513-0-0\"  class=\"panel-grid-cell\" ><div id=\"panel-gb1043-69fb0911e0513-0-0-0\" class=\"so-panel widget widget_text panel-first-child\" data-index=\"0\" >\t\t\t<div class=\"textwidget\"><p><!-- wp:heading {\"level\":3} --><\/p>\n<h3>Eesti heliloojate loomingut<\/h3>\n<p><!-- \/wp:heading --><\/p>\n<p><!-- wp:paragraph --><\/p>\n<p>See nimekiri sisaldab l\u00fchivalikut 19. ja 20. sajandi eesti loojate loomingust. Lauljad v\u00f5ivad vabalt valida ka teisi sarnaseid Eesti teoseid, mida selles nimekirjas ei ole.<\/p>\n<p>Eesti laulu valimine III voorus annab lauljale v\u00f5imaluse v\u00f5istelda eriauhinna nimel.<\/p>\n<p>Allolev valik sisaldab laule, mis on algselt kirjutatud k\u00f5rgetele v\u00f5i madalatele h\u00e4\u00e4ltele. Enamik lugusid sobivad aga k\u00f5ikidele h\u00e4\u00e4let\u00fc\u00fcpidele. Vajadusel v\u00f5ib laule ka sobivasse v\u00f5tmesse \u00fcle kanda.<\/p>\n<p>Valiku h\u00f5lbustamiseks saab alla laadida noodid ja n\u00e4idissalvestised. T\u00f5lkeid pole saadaval, kuid konkursi korraldajad saavad teid vajadusel konkreetse t\u00f5lke hankimisel abiks olla.<\/p>\n<p>Altpoolt on leitav ka juhend eesti keele h\u00e4\u00e4ldamiseks, mis on m\u00f5eldud konkursi rahvusvahelistele osalejatele ning on seet\u00f5ttu inglise keeles.<\/p>\n<p>Repertuaarinimekirja on koostanud prof Tiiu Levald ja noodikogu juhataja Ragne Saul.<\/p>\n<p><!-- wp:column {\"width\":\"100%\"} --><\/p>\n<div class=\"wp-block-column\" style=\"flex-basis: 100%;\">\n<h4>Juhan Aavik (1884-1982)<\/h4>\n<p>1. <a href=\"https:\/\/promfest.ee\/wp-content\/uploads\/2021\/03\/1.-Juhan-Aavik-Koduigatsus.mp3\">Koduigatsus<\/a>\u00a0<em>(Homesickness)<\/em> \/ 1927, s\u00f5nad: Ernst Enno\u00a0 <a href=\"https:\/\/promfest.ee\/wp-content\/uploads\/2021\/03\/1.-Juhan-Aavik-Koduigatsus.pdf\" class=\"mtli_attachment mtli_pdf\" target=\"_blank\" rel=\"noopener\">PDF<\/a><\/p>\n<h4>Artur Kapp (1878-1952)<\/h4>\n<p>2. <a href=\"https:\/\/promfest.ee\/wp-content\/uploads\/2021\/03\/2.-Artur-Kapp-Metsateel.mp3\">Metsateel<\/a> <em>(On the forest path)<\/em> \/ 1902, s\u00f5nad: Karl-Eduard S\u00f6\u00f6t\u00a0 <a href=\"https:\/\/promfest.ee\/wp-content\/uploads\/2021\/03\/2.-Artur-Kapp-Metsateel.pdf\" class=\"mtli_attachment mtli_pdf\" target=\"_blank\" rel=\"noopener\">PDF<\/a><\/p>\n<h4>Villem Kapp (1913-1964)<\/h4>\n<p>3. <a href=\"https:\/\/promfest.ee\/wp-content\/uploads\/2021\/03\/3.-Villem-Kapp-Sa-tulid.mp3\">Sa tulid<\/a> <em>(You appeared like the Sun)<\/em> \/ 1950, s\u00f5nad: Juhan Liiv\u00a0 <a href=\"https:\/\/promfest.ee\/wp-content\/uploads\/2021\/03\/3.-Villem-Kapp-Sa-tulid.pdf\" class=\"mtli_attachment mtli_pdf\" target=\"_blank\" rel=\"noopener\">PDF<\/a><\/p>\n<p>4. <a href=\"https:\/\/promfest.ee\/wp-content\/uploads\/2021\/03\/4.-Villem-Kapp-Kui-lopeb-suvepaeva-viimne-vine.mp3\">Kui l\u00f5peb suvep\u00e4eva viimne vine<\/a> <em>(When the summer day&#8217;s lastest haze is fading away)<\/em> \/ 1952, s\u00f5nad: Juhan S\u00fctiste\u00a0 <a href=\"https:\/\/promfest.ee\/wp-content\/uploads\/2021\/03\/4.-Villem-Kapp-Kui-lopeb-suvepaeva-viimne-vine.pdf\" class=\"mtli_attachment mtli_pdf\" target=\"_blank\" rel=\"noopener\">PDF<\/a><\/p>\n<h4>Mihkel L\u00fcdig (1880-1958)<\/h4>\n<p>5. <a href=\"https:\/\/promfest.ee\/wp-content\/uploads\/2021\/02\/Mihkel-Ludig-Lapsepolves.mp3\">Lapsep\u00f5lves<\/a> <em>(In childhood)<\/em> \/ 1909, s\u00f5nad: Ado Reinvald.\u00a0 \u00a0 <a href=\"https:\/\/promfest.ee\/wp-content\/uploads\/2021\/02\/Mihkel-Lu\u0308dig-Lapsepo\u0303lves.pdf\" class=\"mtli_attachment mtli_pdf\" target=\"_blank\" rel=\"noopener\">PDF<\/a><\/p>\n<h4>Eduard Oja (1905-1950)<\/h4>\n<p>6. <a href=\"https:\/\/promfest.ee\/wp-content\/uploads\/2021\/03\/6.-Eduard-Oja-Pohjamaa-lapsed-tenor-Ivo-Kuusk.mp3\">P\u00f5hjamaa lapsed<\/a> <em>(Children of a northern land)<\/em> \/ 1928, s\u00f5nad: Anna Haava\u00a0 <a href=\"https:\/\/promfest.ee\/wp-content\/uploads\/2021\/03\/6.-Eduard-Oja-Pohjamaa-lapsed.pdf\" class=\"mtli_attachment mtli_pdf\" target=\"_blank\" rel=\"noopener\">PDF<\/a><\/p>\n<p>7. <a href=\"https:\/\/promfest.ee\/wp-content\/uploads\/2021\/03\/7.-Eduard-Oja-Ei-nae-enam.mp3\">Ei n\u00e4e enam<\/a> <em>(Can&#8217;t see anymore)<\/em> \/1933, s\u00f5nad: Juhan Liiv\u00a0 <a href=\"https:\/\/promfest.ee\/wp-content\/uploads\/2021\/03\/7.-Eduard-Oja-Ei-nae-enam.pdf\" class=\"mtli_attachment mtli_pdf\" target=\"_blank\" rel=\"noopener\">PDF<\/a><\/p>\n<p>8. <a href=\"https:\/\/promfest.ee\/wp-content\/uploads\/2021\/03\/8.-Eduard-Oja-Me-olime-nagu-lapsed-tenor-Ivo-Kuusk.mp3\">Me olime nagu lapsed<\/a> <em>(We were like children)<\/em> \/1937, s\u00f5nad: Anna Haava\u00a0 <a href=\"https:\/\/promfest.ee\/wp-content\/uploads\/2021\/03\/8.-Eduard-Oja-Me-olime-nagu-lapsed.pdf\" class=\"mtli_attachment mtli_pdf\" target=\"_blank\" rel=\"noopener\">PDF<\/a><\/p>\n<h4>Mart Saar (1882-1963)<\/h4>\n<p>9. <a href=\"https:\/\/promfest.ee\/wp-content\/uploads\/2021\/03\/9.-Mart-Saar-Sugismotted.mp3\">S\u00fcgism\u00f5tted<\/a> <em>(Autumnal contemplations)<\/em> \/1906, s\u00f5nad: Karl-Eduard S\u00f6\u00f6t\u00a0 <a href=\"https:\/\/promfest.ee\/wp-content\/uploads\/2021\/03\/9.-Mart-Saar-Sugismotted.pdf\" class=\"mtli_attachment mtli_pdf\" target=\"_blank\" rel=\"noopener\">PDF<\/a><\/p>\n<p>10. <a href=\"https:\/\/promfest.ee\/wp-content\/uploads\/2021\/03\/10.-Mart-Saar-Mis-see-oli-Mati-Turi.mp3\">Mis see oli<\/a> <em>(What was that?)<\/em> \/1908, s\u00f5nad: Karl-Eduard S\u00f6\u00f6t\u00a0 <a href=\"https:\/\/promfest.ee\/wp-content\/uploads\/2021\/03\/10.-Mart-Saar-Mis-see-oli.pdf\" class=\"mtli_attachment mtli_pdf\" target=\"_blank\" rel=\"noopener\">PDF<\/a><\/p>\n<p>11. <a href=\"https:\/\/promfest.ee\/wp-content\/uploads\/2021\/03\/11.-Mart-Saar-Kadunud-ingel-Ivo-Kuusk.mp3\">Kadunud ingel<\/a> <em>(The lost Angel)<\/em> \/1906, s\u00f5nad: Anna Haava\u00a0 <a href=\"https:\/\/promfest.ee\/wp-content\/uploads\/2021\/03\/11.-Mart-Saar-Kadunud-ingel.pdf\" class=\"mtli_attachment mtli_pdf\" target=\"_blank\" rel=\"noopener\">PDF<\/a><\/p>\n<p>12. <a href=\"https:\/\/promfest.ee\/wp-content\/uploads\/2021\/03\/12.-Mart-Saar-Must-lind.mp3\">Must lind<\/a> <em>(The black bird)<\/em> \/1909, s\u00f5nad: Karl-Eduard S\u00f6\u00f6t\u00a0 <a href=\"https:\/\/promfest.ee\/wp-content\/uploads\/2021\/03\/12.-Mart-Saar-Must-lind.pdf\" class=\"mtli_attachment mtli_pdf\" target=\"_blank\" rel=\"noopener\">PDF<\/a><\/p>\n<p>13. <a href=\"https:\/\/promfest.ee\/wp-content\/uploads\/2021\/03\/13.-Mart-Saar-Latvade-kone.mp3\">Latvade k\u00f5ne<\/a> <em>(The whisper of the treetops)<\/em> \/1916, s\u00f5nad: Ernst Enno\u00a0 <a href=\"https:\/\/promfest.ee\/wp-content\/uploads\/2021\/03\/13.-Mart-Saar-Latvade-kone.pdf\" class=\"mtli_attachment mtli_pdf\" target=\"_blank\" rel=\"noopener\">PDF<\/a><\/p>\n<p>14. <a href=\"https:\/\/promfest.ee\/wp-content\/uploads\/2021\/03\/14.-Mart-Saar-Ta-tuli-Georg-Ots.mp3\">Ta tuli<\/a> <em>(He\/She came)<\/em> \/1922, s\u00f5nad: Ernst Enno\u00a0 <a href=\"https:\/\/promfest.ee\/wp-content\/uploads\/2021\/03\/14.-Mart-Saar-Ta-tuli....pdf\" class=\"mtli_attachment mtli_pdf\" target=\"_blank\" rel=\"noopener\">PDF<\/a><\/p>\n<p>15. <a href=\"https:\/\/promfest.ee\/wp-content\/uploads\/2021\/03\/15.-Mart-Saar-Vaikus-Iris-Oja.mp3\">Vaikus<\/a> <em>(Silence)<\/em> \/1923, s\u00f5nad: Johannes Kadastik\u00a0 <a href=\"https:\/\/promfest.ee\/wp-content\/uploads\/2021\/03\/15.-Mart-Saar-Vaikus.pdf\" class=\"mtli_attachment mtli_pdf\" target=\"_blank\" rel=\"noopener\">PDF<\/a><\/p>\n<p>16. <a href=\"https:\/\/promfest.ee\/wp-content\/uploads\/2021\/03\/16.-Mart-Saar-Kevadel.mp3\">Kevadel<\/a> <em>(In the springtime)<\/em> \/1923, s\u00f5nad: Gustav Suits\u00a0 <a href=\"https:\/\/promfest.ee\/wp-content\/uploads\/2021\/03\/16.-Mart-Saar-Kevadel.pdf\" class=\"mtli_attachment mtli_pdf\" target=\"_blank\" rel=\"noopener\">PDF<\/a><\/p>\n<h4>Eino Tamberg (1930-2010)<\/h4>\n<p><strong>Viis romanssi S\u00e1ndor Pet\u00f6fi luulele<\/strong>\u00a0op. 4 \/ t\u00f5lge eesti keelde: Ellen Niit<\/p>\n<p>17. <a href=\"https:\/\/promfest.ee\/wp-content\/uploads\/2021\/03\/17-1.mp3\">Madalal on pilve s\u00fcle<\/a> <em>(Clouds are sunken low)\u00a0 <\/em> <a href=\"https:\/\/promfest.ee\/wp-content\/uploads\/2021\/03\/17-1.-Eino-Tamberg-Madalal-on-pilve-sule.pdf\" class=\"mtli_attachment mtli_pdf\" target=\"_blank\" rel=\"noopener\">PDF<\/a><\/p>\n<p>18. <a href=\"https:\/\/promfest.ee\/wp-content\/uploads\/2021\/03\/17-2.mp3\">Tuul viib \u00f5ilmelt lehe \u00e4ra<\/a> <em>(The wind blows a petal from the bloom)\u00a0 <\/em> <a href=\"https:\/\/promfest.ee\/wp-content\/uploads\/2021\/03\/17-2.-Eino-Tamberg-Tuul-viib-oilmelt-lehe-ara.pdf\" class=\"mtli_attachment mtli_pdf\" target=\"_blank\" rel=\"noopener\">PDF<\/a><\/p>\n<p>19. <a href=\"https:\/\/promfest.ee\/wp-content\/uploads\/2021\/03\/17-3.mp3\">Aknast v\u00e4lja vahin ma<\/a> <em>(Staring out the window)\u00a0 <\/em> <a href=\"https:\/\/promfest.ee\/wp-content\/uploads\/2021\/03\/17-3.-Eino-Tamberg-Aknast-valja-vahin-ma.pdf\" class=\"mtli_attachment mtli_pdf\" target=\"_blank\" rel=\"noopener\">PDF<\/a><\/p>\n<p>20. <a href=\"https:\/\/promfest.ee\/wp-content\/uploads\/2021\/03\/17-4.mp3\">Kevad ja s\u00fcgis<\/a> <em>(Spring and Fall)\u00a0 <\/em> <a href=\"https:\/\/promfest.ee\/wp-content\/uploads\/2021\/03\/17-4.-Eino-Tamberg-Kevad-ja-sugis.pdf\" class=\"mtli_attachment mtli_pdf\" target=\"_blank\" rel=\"noopener\">PDF<\/a><\/p>\n<p>21. <a href=\"https:\/\/promfest.ee\/wp-content\/uploads\/2021\/03\/17-5.mp3\">Mu laulud<\/a> <em>(My songs)\u00a0 <\/em><a href=\"https:\/\/promfest.ee\/wp-content\/uploads\/2021\/03\/17-5.-Eino-Tamberg-Mu-laulud.pdf\" class=\"mtli_attachment mtli_pdf\" target=\"_blank\" rel=\"noopener\">PDF<\/a><\/p>\n<h4>Eduard Tubin (1905-1982)<\/h4>\n<p>22. <a href=\"https:\/\/promfest.ee\/wp-content\/uploads\/2021\/03\/22.-Eduard-Tubin-Sugise-paikene-Hendrik-Krumm.mp3\">S\u00fcgise p\u00e4ikene<\/a> <em>(Autumn Sun)<\/em> \/ 1928, s\u00f5nad: Juhan Liiv\u00a0 <a href=\"https:\/\/promfest.ee\/wp-content\/uploads\/2021\/03\/22.-Eduard-Tubin-Sugisene-paike.pdf\" class=\"mtli_attachment mtli_pdf\" target=\"_blank\" rel=\"noopener\">PDF<\/a><\/p>\n<p>23. <a href=\"https:\/\/promfest.ee\/wp-content\/uploads\/2021\/03\/23.-Eduard-Tubin-Punane-ounapuu-ois-Nadia-Kurem.mp3\">Punane \u00f5unapuu \u00f5is<\/a> (<i>Rosy apple-blossom<\/i>) \/ 1928, s\u00f5nad: Juhan Liiv\u00a0 <a href=\"https:\/\/promfest.ee\/wp-content\/uploads\/2021\/03\/23.-Eduard-Tubin-Punane-ounapuu-ois.pdf\" class=\"mtli_attachment mtli_pdf\" target=\"_blank\" rel=\"noopener\">PDF<\/a><\/p>\n<p>24. <a href=\"https:\/\/promfest.ee\/wp-content\/uploads\/2021\/03\/24.-Eduard-Tubin-Hallilaul-Nadia-Kurem.mp3\">H\u00e4llilaul<\/a> <em>(Lullaby)<\/em> \/ 1939, s\u00f5nad: Ernst Enno\u00a0 <a href=\"https:\/\/promfest.ee\/wp-content\/uploads\/2021\/03\/24.-Eduard-Tubin-Hallilaul.pdf\" class=\"mtli_attachment mtli_pdf\" target=\"_blank\" rel=\"noopener\">PDF<\/a><\/p>\n<p>25. <a href=\"https:\/\/promfest.ee\/wp-content\/uploads\/2021\/03\/25.-Eduard-Tubin-Onne-ootel-Aino-Kulvand.mp3\">\u00d5nne ootel<\/a> <em>(Waiting for happiness)<\/em> \/ 1943, s\u00f5nad: Marie Under\u00a0 <a href=\"https:\/\/promfest.ee\/wp-content\/uploads\/2021\/03\/25.-Eduard-Tubin-Onne-ootel.pdf\" class=\"mtli_attachment mtli_pdf\" target=\"_blank\" rel=\"noopener\">PDF<\/a><\/p>\n<p>26. <a href=\"https:\/\/promfest.ee\/wp-content\/uploads\/2021\/03\/26.-Eduard-Tubin-Ingel-lindudega-Hendrik-Krumm.mp3\">Ingel lindudega<\/a> (<em>Angel with birds)<\/em> \/ 1943, s\u00f5nad: Marie Under\u00a0 <a href=\"https:\/\/promfest.ee\/wp-content\/uploads\/2021\/03\/26.-Eduard-Tubin-Ingel-lindudega.pdf\" class=\"mtli_attachment mtli_pdf\" target=\"_blank\" rel=\"noopener\">PDF<\/a><strong><br \/>\n<\/strong><\/p>\n<p><!-- \/wp:column --><\/p>\n<\/div>\n<p><!-- \/wp:columns --><\/p>\n<p><!-- wp:paragraph --><\/p>\n<h3>A simple guide to the pronunciation of the Estonian language<\/h3>\n<p>The general rule of pronouncing the Estonian language is quite simple &#8211; the letters are pronounced exactly as written. Only four vowels are complicated &#8211; <strong>\u00f5<\/strong>, <strong>\u00e4<\/strong>, <strong>\u00f6<\/strong>, and <strong>\u00fc<\/strong>, as they do not exist in many languages.<\/p>\n<p>The English speaker will find the sound <strong>\u00f6<\/strong> in the word <em><strong>girl<\/strong><\/em>. The pronunciation in Estonian would be written like &#8220;g\u00f6(r)l&#8221;, and the sound <strong>\u00e4<\/strong> in the word <strong><em>cat<\/em><\/strong> (&#8220;k\u00e4t&#8221;), but you will not find <strong>\u00f5<\/strong> v\u00f5i <strong>\u00fc<\/strong> anywhere in English. The French will find the pronunciation of <strong>\u00f6<\/strong> ja <strong>\u00fc<\/strong> in the words <strong><em>s\u0153ur<\/em><\/strong> (&#8220;s\u00f6\u00f6r&#8221;) and <strong><em>une<\/em><\/strong> (&#8220;\u00fcn&#8221;), <strong>\u00e4<\/strong> is almost the sound in the name <strong><em>Seine<\/em><\/strong> (&#8220;s\u00e4\u00e4n&#8221;). German has the same sounds <strong>\u00f6<\/strong> ja <strong>\u00fc<\/strong> as Estonian, but the pronunciation of German <strong>\u00e4<\/strong> is somewhere between Estonian e and \u00e4, and German does not have <strong>\u00f5<\/strong> at all. Russian does have <strong>\u00f5<\/strong> (= \u044b), but it lacks \u00f6, \u00fc, and \u00e4, whereas Finnish has all except \u00f5.<\/p>\n<p>Double vocals in Estonian spelling need to be pronounced just longer.<br \/>\nThe Estonian <strong>r<\/strong> must be pronounced with a rolling tongue like in Russian.<\/p>\n<p>Use this <a href=\"https:\/\/www.ipachart.com\/\" target=\"_blank\" rel=\"noreferrer noopener\"><strong>LINK<\/strong><\/a> to hear the approximate sound of Estonian vowels according to the picture below.<img loading=\"lazy\" decoding=\"async\" width=\"746\" height=\"540\" class=\"wp-image-1057\" src=\"https:\/\/promfest.ee\/wp-content\/uploads\/2021\/02\/Sounds-of-Estonian-vowels.jpg\" alt=\"\" srcset=\"https:\/\/www.promfest.ee\/wp-content\/uploads\/2021\/02\/Sounds-of-Estonian-vowels.jpg 746w, https:\/\/www.promfest.ee\/wp-content\/uploads\/2021\/02\/Sounds-of-Estonian-vowels-300x217.jpg 300w, https:\/\/www.promfest.ee\/wp-content\/uploads\/2021\/02\/Sounds-of-Estonian-vowels-16x12.jpg 16w\" sizes=\"auto, (max-width: 746px) 100vw, 746px\" \/><\/p>\n<p><!-- \/wp:paragraph --><\/p>\n<p><!-- wp:paragraph --><\/p>\n<p><!-- \/wp:paragraph --><\/p>\n<p><!-- wp:paragraph --><\/p>\n<p><!-- \/wp:paragraph --><\/p>\n<p><!-- wp:paragraph --><\/p>\n<p><!-- \/wp:paragraph --><\/p>\n<p><!-- wp:image {\"id\":1057,\"sizeSlug\":\"large\",\"linkDestination\":\"none\"} --><\/p>\n<p><!-- \/wp:image --><\/p>\n<p><!-- wp:paragraph --><\/p>\n<p><!-- \/wp:paragraph --><\/p>\n<p><!-- wp:gutentor\/advanced-import {\"blockID\":\"225f2bf4-a5c5-47e7-bb51-da9b071ffa42\"} \/--><\/p>\n<\/div>\n\t\t<\/div><div id=\"panel-gb1043-69fb0911e0513-0-0-1\" class=\"so-panel widget widget_sow-button panel-last-child\" data-index=\"1\" ><div\n\t\t\t\n\t\t\tclass=\"so-widget-sow-button so-widget-sow-button-atom-fccb670bd5f6-1043\"\n\t\t\t\n\t\t><div class=\"ow-button-base ow-button-align-center\">\n\t<a href=\"https:\/\/www.promfest.ee\/et\/competition\/for-participants\/\" class=\"ow-icon-placement-left ow-button-hover\" \t\t>\n\t\t<span>\n\t\t\t\n\t\t\tTagasi tingimuste juurde\t\t<\/span>\n\t<\/a>\n<\/div>\n<\/div><\/div><\/div><\/div><\/div><\/div><\/div>\n<\/div>\n<\/div>","protected":false},"excerpt":{"rendered":"","protected":false},"author":2,"featured_media":0,"parent":0,"menu_order":51,"comment_status":"closed","ping_status":"closed","template":"","meta":{"footnotes":""},"class_list":["post-1043","page","type-page","status-publish","hentry"],"_links":{"self":[{"href":"https:\/\/www.promfest.ee\/et\/wp-json\/wp\/v2\/pages\/1043","targetHints":{"allow":["GET"]}}],"collection":[{"href":"https:\/\/www.promfest.ee\/et\/wp-json\/wp\/v2\/pages"}],"about":[{"href":"https:\/\/www.promfest.ee\/et\/wp-json\/wp\/v2\/types\/page"}],"author":[{"embeddable":true,"href":"https:\/\/www.promfest.ee\/et\/wp-json\/wp\/v2\/users\/2"}],"replies":[{"embeddable":true,"href":"https:\/\/www.promfest.ee\/et\/wp-json\/wp\/v2\/comments?post=1043"}],"version-history":[{"count":106,"href":"https:\/\/www.promfest.ee\/et\/wp-json\/wp\/v2\/pages\/1043\/revisions"}],"predecessor-version":[{"id":6862,"href":"https:\/\/www.promfest.ee\/et\/wp-json\/wp\/v2\/pages\/1043\/revisions\/6862"}],"wp:attachment":[{"href":"https:\/\/www.promfest.ee\/et\/wp-json\/wp\/v2\/media?parent=1043"}],"curies":[{"name":"wp","href":"https:\/\/api.w.org\/{rel}","templated":true}]}}